{"id":583647,"date":"2025-03-04T09:54:47","date_gmt":"2025-03-04T08:54:47","guid":{"rendered":"https:\/\/shop.kustom.ch\/?post_type=product&#038;p=583647"},"modified":"2026-03-31T08:38:33","modified_gmt":"2026-03-31T07:38:33","slug":"kappe","status":"publish","type":"product","link":"https:\/\/shop.kustom.ch\/fr\/produit\/kappe\/","title":{"rendered":"Capuchon"},"content":{"rendered":"<p>D\u00c9TAILS : Couvre le front et les oreilles. Oreillettes repliables. CARACT\u00c9RISTIQUES PRINCIPALES : Unisexe. TISSU : jaune haute visibilit\u00e9. Vent \/ humidit\u00e9 \/ froid. INSTRUCTIONS DE LAVAGE : Ne pas nettoyer \u00e0 sec. CERTIFICATION : Non certifi\u00e9 High Vis.<\/p>\n<p>70% polyester, 30% coton, serg\u00e9, ext\u00e9rieur hydrofuge, 230g\/m<\/p>","protected":false},"excerpt":{"rendered":"<p>DETAILS: Bedeckt Stirn und Ohren. Einklappbare Ohrenklappen. HAUPTEIGENSCHAFTEN: Unisex. STOFF: High-Vis Gelb. Wind \/ N\u00e4sse \/ K\u00e4lte. WASCHANLEITUNG: Nicht chemisch reinigen. ZERTIFIZIERUNG: Nicht High Vis zertifiziert 70% Polyester, 30% Baumwolle, K\u00f6per, wasserabweisendes Obermaterial, 230g\/m\u00b2<\/p>","protected":false},"featured_media":583711,"template":"","meta":[],"product_brand":[],"product_cat":[9643,4209],"product_tag":[],"class_list":{"0":"post-583647","1":"product","2":"type-product","3":"status-publish","4":"has-post-thumbnail","6":"product_cat-equipment","7":"product_cat-zubehoer","8":"pa_brand-blaklaeder","9":"pa_brand-type-workwear","10":"pa_filter-color-gelb","12":"first","13":"instock","14":"sale","15":"taxable","16":"shipping-taxable","17":"purchasable","18":"product-type-variable","19":"add-to-wishlist-before_image"},"exclude_global_add_ons":[],"addons":[],"acf":[],"_links":{"self":[{"href":"https:\/\/shop.kustom.ch\/fr\/wp-json\/wp\/v2\/product\/583647"}],"collection":[{"href":"https:\/\/shop.kustom.ch\/fr\/wp-json\/wp\/v2\/product"}],"about":[{"href":"https:\/\/shop.kustom.ch\/fr\/wp-json\/wp\/v2\/types\/product"}],"wp:featuredmedia":[{"embeddable":true,"href":"https:\/\/shop.kustom.ch\/fr\/wp-json\/wp\/v2\/media\/583711"}],"wp:attachment":[{"href":"https:\/\/shop.kustom.ch\/fr\/wp-json\/wp\/v2\/media?parent=583647"}],"wp:term":[{"taxonomy":"product_brand","embeddable":true,"href":"https:\/\/shop.kustom.ch\/fr\/wp-json\/wp\/v2\/product_brand?post=583647"},{"taxonomy":"product_cat","embeddable":true,"href":"https:\/\/shop.kustom.ch\/fr\/wp-json\/wp\/v2\/product_cat?post=583647"},{"taxonomy":"product_tag","embeddable":true,"href":"https:\/\/shop.kustom.ch\/fr\/wp-json\/wp\/v2\/product_tag?post=583647"}],"curies":[{"name":"wp","href":"https:\/\/api.w.org\/{rel}","templated":true}]}}