{"id":583645,"date":"2025-03-04T09:54:47","date_gmt":"2025-03-04T08:54:47","guid":{"rendered":"https:\/\/shop.kustom.ch\/?post_type=product&#038;p=583645"},"modified":"2026-03-31T08:38:32","modified_gmt":"2026-03-31T07:38:32","slug":"regenhut","status":"publish","type":"product","link":"https:\/\/shop.kustom.ch\/fr\/produit\/regenhut\/","title":{"rendered":"Chapeau de pluie"},"content":{"rendered":"<p>Chapeau de pluie en mat\u00e9riau PU 100% imperm\u00e9able avec coutures soud\u00e9es, avec un bord qui \u00e9vacue l'eau. Protection suppl\u00e9mentaire \u00e0 l'arri\u00e8re et cordon de serrage ajustable au menton. Doubl\u00e9e de micropolaire. Le tissu est certifi\u00e9 EN ISO 20471 dans les couleurs 3300 et 5300, v\u00eatements \u00e0 haute visibilit\u00e9.<\/p>\n<p>D\u00c9TAILS : protection suppl\u00e9mentaire au niveau du cou avec cordon de serrage et cordon de cou r\u00e9glable sous le menton. FONCTIONNALIT\u00c9 : Imperm\u00e9able au vent et \u00e0 l'eau avec coutures soud\u00e9es. CARACT\u00c9RISTIQUES PRINCIPALES : P\u00eacheur. Unisexe. TISSU : Unisexe. Jaune haute visibilit\u00e9. Imperm\u00e9able. Protection haute visibilit\u00e9. INSTRUCTIONS DE LAVAGE : Ne pas blanchir. CERTIFICATION : Le tissu est certifi\u00e9 selon EN ISO 20471, valable pour les couleurs 3300 et 5300.<\/p>\n<p>polyester 100%, enduit de PU, coupe-vent et imperm\u00e9able, 240g\/m<\/p>","protected":false},"excerpt":{"rendered":"<p>Regenhut aus 100% wasserdichtem PU-Material mit verschweissten N\u00e4hten, mit einer Krempe, die das Wasser ableitet. Zus\u00e4tzlicher Schutz hinten und ein verstellbarer Kordelzug am Kinn. Gef\u00fcttert mit Microfleece. Der Stoff ist zertifiziert nach EN ISO 20471 in den Farben 3300 und 5300, Kleidung mit hoher Sichtbarkeit. DETAILS: Extra-Schutz am Hals mit Kordelzug und verstellbarem Umh\u00e4ngeband unter [&hellip;]<\/p>\n","protected":false},"featured_media":583704,"template":"","meta":[],"product_brand":[],"product_cat":[9643,4209],"product_tag":[],"class_list":{"0":"post-583645","1":"product","2":"type-product","3":"status-publish","4":"has-post-thumbnail","6":"product_cat-equipment","7":"product_cat-zubehoer","8":"pa_brand-blaklaeder","9":"pa_brand-type-workwear","10":"pa_filter-color-gelb","12":"first","13":"instock","14":"sale","15":"taxable","16":"shipping-taxable","17":"purchasable","18":"product-type-variable","19":"add-to-wishlist-before_image"},"exclude_global_add_ons":[],"addons":[],"acf":[],"_links":{"self":[{"href":"https:\/\/shop.kustom.ch\/fr\/wp-json\/wp\/v2\/product\/583645"}],"collection":[{"href":"https:\/\/shop.kustom.ch\/fr\/wp-json\/wp\/v2\/product"}],"about":[{"href":"https:\/\/shop.kustom.ch\/fr\/wp-json\/wp\/v2\/types\/product"}],"wp:featuredmedia":[{"embeddable":true,"href":"https:\/\/shop.kustom.ch\/fr\/wp-json\/wp\/v2\/media\/583704"}],"wp:attachment":[{"href":"https:\/\/shop.kustom.ch\/fr\/wp-json\/wp\/v2\/media?parent=583645"}],"wp:term":[{"taxonomy":"product_brand","embeddable":true,"href":"https:\/\/shop.kustom.ch\/fr\/wp-json\/wp\/v2\/product_brand?post=583645"},{"taxonomy":"product_cat","embeddable":true,"href":"https:\/\/shop.kustom.ch\/fr\/wp-json\/wp\/v2\/product_cat?post=583645"},{"taxonomy":"product_tag","embeddable":true,"href":"https:\/\/shop.kustom.ch\/fr\/wp-json\/wp\/v2\/product_tag?post=583645"}],"curies":[{"name":"wp","href":"https:\/\/api.w.org\/{rel}","templated":true}]}}