{"id":583581,"date":"2025-03-04T09:54:10","date_gmt":"2025-03-04T08:54:10","guid":{"rendered":"https:\/\/shop.kustom.ch\/?post_type=product&#038;p=583581"},"modified":"2026-03-31T08:38:28","modified_gmt":"2026-03-31T07:38:28","slug":"handwerker-arbeitshose-stretch-x1900-2","status":"publish","type":"product","link":"https:\/\/shop.kustom.ch\/fr\/produit\/handwerker-arbeitshose-stretch-x1900-2\/","title":{"rendered":"Pantalon de travail stretch pour artisans X1900"},"content":{"rendered":"<p>Pantalon de travail robuste pour artisans, avec un entrejambe bas et une jambe ajust\u00e9e. Le pantalon en Cordura\u00ae Stretch Denim a \u00e9t\u00e9 fabriqu\u00e9 et con\u00e7u pour \u00eatre confortable sur les hanches. Pour une libert\u00e9 de mouvement optimale et un confort de pointe, le pantalon est dot\u00e9 d'inserts stretch \u00e0 l'entrejambe et aux mollets. Les genoux et les poches fonctionnelles sont renforc\u00e9s en Cordura\u00ae1000 et les poches \u00e0 clous ont une fermeture \u00e0 glissi\u00e8re qui permet des poches \u00e0 clous libres ou fixes.<\/p>\n<p>D\u00c9TAILS : Boutons en m\u00e9tal. Porte-couteau avec bouton. Patte de boutonnage \u00e0 l'entrejambe. Deux passants sur les c\u00f4t\u00e9s avec un bouton pour le porte-marteau. Anneau en D \u00e0 la taille. FONCTIONNALIT\u00c9 : S'adapte \u00e0 la taille. CARACT\u00c9RISTIQUES PRINCIPALES : Travailleur de l'entrep\u00f4t. EN 14004. TISSU : Hommes. bleu. Poches \u00e0 clous. Artisanat. POCHES : Poche sur la jambe avec fermeture \u00e0 glissi\u00e8re. Poche arri\u00e8re avec soufflet. Poches pour genouill\u00e8res. Fermeture \u00e0 glissi\u00e8re pour poches \u00e0 clous fixes ou amovibles. Poches avant avec fermetures \u00e0 glissi\u00e8re. Poche m\u00e8tre renforc\u00e9e avec porte couteau et poche stylo. INSTRUCTIONS DE LAVAGE : repassage - bas. RENFORCEMENT : Poches \u00e0 clous renforc\u00e9es en CORDURA\u00ae 1000, poches arri\u00e8re, poche m\u00e8tre, poches sur les jambes et genoux. CERTIFICATION : EN 14404:2004+A1:2010 avec genouill\u00e8res 4027 et 4057.<\/p>\n<p>55% coton, 15% polyamide, 30% polyester, denim enduit, CORDURA\u00ae denim, stretch, 340 g\/m<\/p>","protected":false},"excerpt":{"rendered":"<p>Robuste Handwerker Arbeitshose mit tiefem Schritt und eng geschnittenem Bein. Die Bundhose aus Cordura\u00ae Stretch Denim wurde hergestellt und entwickelt, um bequem auf der H\u00fcfte zu sitzen. F\u00fcr eine optimale Bewegungsfreiheit und Top-Komfort hat die Bundhose Stretch-Eins\u00e4tze im Schritt und an den Waden. Die Knie und die funktionellen Taschen sind aus Cordura\u00ae1000 Verst\u00e4rkungen und die [&hellip;]<\/p>\n","protected":false},"featured_media":583639,"template":"","meta":[],"product_brand":[],"product_cat":[4185],"product_tag":[],"class_list":{"0":"post-583581","1":"product","2":"type-product","3":"status-publish","4":"has-post-thumbnail","6":"product_cat-hosen","7":"pa_brand-blaklaeder","8":"pa_brand-type-workwear","9":"pa_filter-color-blau","10":"pa_filter-color-schwarz","12":"first","13":"instock","14":"sale","15":"taxable","16":"shipping-taxable","17":"purchasable","18":"product-type-variable","19":"add-to-wishlist-before_image"},"exclude_global_add_ons":[],"addons":[],"acf":[],"_links":{"self":[{"href":"https:\/\/shop.kustom.ch\/fr\/wp-json\/wp\/v2\/product\/583581"}],"collection":[{"href":"https:\/\/shop.kustom.ch\/fr\/wp-json\/wp\/v2\/product"}],"about":[{"href":"https:\/\/shop.kustom.ch\/fr\/wp-json\/wp\/v2\/types\/product"}],"wp:featuredmedia":[{"embeddable":true,"href":"https:\/\/shop.kustom.ch\/fr\/wp-json\/wp\/v2\/media\/583639"}],"wp:attachment":[{"href":"https:\/\/shop.kustom.ch\/fr\/wp-json\/wp\/v2\/media?parent=583581"}],"wp:term":[{"taxonomy":"product_brand","embeddable":true,"href":"https:\/\/shop.kustom.ch\/fr\/wp-json\/wp\/v2\/product_brand?post=583581"},{"taxonomy":"product_cat","embeddable":true,"href":"https:\/\/shop.kustom.ch\/fr\/wp-json\/wp\/v2\/product_cat?post=583581"},{"taxonomy":"product_tag","embeddable":true,"href":"https:\/\/shop.kustom.ch\/fr\/wp-json\/wp\/v2\/product_tag?post=583581"}],"curies":[{"name":"wp","href":"https:\/\/api.w.org\/{rel}","templated":true}]}}