{"id":583496,"date":"2025-03-04T09:53:07","date_gmt":"2025-03-04T08:53:07","guid":{"rendered":"https:\/\/shop.kustom.ch\/?post_type=product&#038;p=583496"},"modified":"2026-03-31T08:38:15","modified_gmt":"2026-03-31T07:38:15","slug":"handwerker-arbeitshose-4-wege-stretch-x1900","status":"publish","type":"product","link":"https:\/\/shop.kustom.ch\/fr\/produit\/handwerker-arbeitshose-4-wege-stretch-x1900\/","title":{"rendered":"Pantalon de travail artisanal 4-way stretch X1900"},"content":{"rendered":"<p>Le pantalon de travail pour artisans en tissu stretch 4 directions offre confort et fonctionnalit\u00e9 dans une combinaison parfaite. Un pantalon d'artisan polyvalent et confortable, extr\u00eamement souple et flexible avec des jambes pr\u00e9form\u00e9es. Ce pantalon a \u00e9t\u00e9 con\u00e7u pour r\u00e9sister \u00e0 des t\u00e2ches exigeantes sans compromettre le confort et la coupe. Le mat\u00e9riau est un tissu stretch quadri-directionnel qui est \u00e0 la fois robuste et extensible dans toutes les directions. Le pantalon poss\u00e8de des d\u00e9tails avanc\u00e9s et des poches pratiques avec des renforts en CORDURA\u00ae, une poche sur la jambe avec fermeture \u00e9clair et soufflet, une poche m\u00e8tre, des poches avant et des porte-outils fonctionnels, par exemple des boucles pour les porte-marteaux. La poche de genouill\u00e8re est renforc\u00e9e \u00e0 l'ext\u00e9rieur par du tissu CORDURA\u00ae stretch et le tissu stretch \u00e0 l'int\u00e9rieur assure une meilleure libert\u00e9 de mouvement. Tissu mesh stretch doux dans le creux du genou pour une bonne a\u00e9ration. Le bas de jambe avec renfort \u00e0 l'arri\u00e8re offre une protection efficace contre l'usure. <\/p>\n<p>FERMETURE : Bas de jambe avec renfort \u00e0 l'arri\u00e8re. D\u00c9TAILS : Anneau en D. Boutons en m\u00e9tal. Porte-couteau avec bouton. Couture int\u00e9rieure de la jambe avec triple couture. Fermeture \u00e0 glissi\u00e8re en plastique \u00e0 l'entrejambe. Larges passants de ceinture \u00e0 l'arri\u00e8re et sur les c\u00f4t\u00e9s. Anneau en D \u00e0 la taille. FONCTIONNALIT\u00c9 : Insert en mesh \u00e0 l'arri\u00e8re du genou. CARACT\u00c9RISTIQUES PRINCIPALES : Artisan. EN 14004. REFLEX : D\u00e9tails r\u00e9fl\u00e9chissants sur le mollet. TISSU : Hommes. Noir. Stretch. Tissu stretch. POCHES : Poche sur la jambe avec soufflet et rabat avec fermeture velcro et poche int\u00e9rieure pour t\u00e9l\u00e9phone portable en mesh. Poches arri\u00e8re \u00e0 soufflet. Poches pour genouill\u00e8res. Poches \u00e0 clous - extra larges avec supports d'outils et compartiments \u00e0 outils suppl\u00e9mentaires et poches suppl\u00e9mentaires avec fermeture \u00e9clair. Poches lat\u00e9rales. Poche m\u00e8tre renforc\u00e9e avec porte couteau et poche stylo. INSTRUCTIONS DE LAVAGE : Ne pas nettoyer \u00e0 sec. RENFORCEMENT : Poches genouill\u00e8res renforc\u00e9es en Cordura\u00ae Stretch. CERTIFICATION : EN 14404:2004+A1:2010 avec genouill\u00e8res 4027, 4057, 4058 et 4032.<\/p>\n<p>93% Polyamide, 7% \u00c9lasthanne, Dobby, stretch 4 directions, 295 g\/m<\/p>","protected":false},"excerpt":{"rendered":"<p>Die Handwerker Arbeitshose aus einem 4-Wege-Stretch Stoff bietet Komfort und Funktionalit\u00e4t in einer perfekten Kombination. Eine vielseitige und komfortable Handwerker Bundhose, extrem weich und flexibel mit vorgeformten Beinen. Diese Bundhose wurde entwickelt um fordernden Aufgaben ohne Kompromisse an Komfort und Passform stand zu halten. Das Material besteht aus einem 4-Wege Stretch Stoff, der sowohl robust [&hellip;]<\/p>\n","protected":false},"featured_media":583516,"template":"","meta":[],"product_brand":[],"product_cat":[4185],"product_tag":[],"class_list":{"0":"post-583496","1":"product","2":"type-product","3":"status-publish","4":"has-post-thumbnail","6":"product_cat-hosen","7":"pa_brand-blaklaeder","8":"pa_brand-type-workwear","9":"pa_filter-color-blau","10":"pa_filter-color-grau","11":"pa_filter-color-schwarz","13":"first","14":"instock","15":"sale","16":"taxable","17":"shipping-taxable","18":"purchasable","19":"product-type-variable","20":"add-to-wishlist-before_image"},"exclude_global_add_ons":[],"addons":[],"acf":[],"_links":{"self":[{"href":"https:\/\/shop.kustom.ch\/fr\/wp-json\/wp\/v2\/product\/583496"}],"collection":[{"href":"https:\/\/shop.kustom.ch\/fr\/wp-json\/wp\/v2\/product"}],"about":[{"href":"https:\/\/shop.kustom.ch\/fr\/wp-json\/wp\/v2\/types\/product"}],"wp:featuredmedia":[{"embeddable":true,"href":"https:\/\/shop.kustom.ch\/fr\/wp-json\/wp\/v2\/media\/583516"}],"wp:attachment":[{"href":"https:\/\/shop.kustom.ch\/fr\/wp-json\/wp\/v2\/media?parent=583496"}],"wp:term":[{"taxonomy":"product_brand","embeddable":true,"href":"https:\/\/shop.kustom.ch\/fr\/wp-json\/wp\/v2\/product_brand?post=583496"},{"taxonomy":"product_cat","embeddable":true,"href":"https:\/\/shop.kustom.ch\/fr\/wp-json\/wp\/v2\/product_cat?post=583496"},{"taxonomy":"product_tag","embeddable":true,"href":"https:\/\/shop.kustom.ch\/fr\/wp-json\/wp\/v2\/product_tag?post=583496"}],"curies":[{"name":"wp","href":"https:\/\/api.w.org\/{rel}","templated":true}]}}