{"id":583389,"date":"2025-03-04T09:51:49","date_gmt":"2025-03-04T08:51:49","guid":{"rendered":"https:\/\/shop.kustom.ch\/?post_type=product&#038;p=583389"},"modified":"2026-03-31T08:38:09","modified_gmt":"2026-03-31T07:38:09","slug":"high-vis-arbeitshose-4-wege-stretch-2","status":"publish","type":"product","link":"https:\/\/shop.kustom.ch\/fr\/produit\/high-vis-arbeitshose-4-wege-stretch-2\/","title":{"rendered":"Pantalon de travail haute visibilit\u00e9 4-way stretch"},"content":{"rendered":"<p>Pantalon de travail haute visibilit\u00e9 polyvalent et confortable, extr\u00eamement souple et flexible, avec jambes pr\u00e9form\u00e9es. Ce pantalon a \u00e9t\u00e9 con\u00e7u pour r\u00e9sister \u00e0 des t\u00e2ches exigeantes sans faire de compromis sur le confort et la coupe. Le mat\u00e9riau est un tissu stretch doux \u00e0 quatre voies, \u00e0 la fois ferme et extensible dans toutes les directions. Le pantalon est dot\u00e9 de d\u00e9tails avanc\u00e9s et de poches pratiques renforc\u00e9es en CORDURA\u00ae, d'une poche sur la jambe avec fermeture \u00e0 glissi\u00e8re et soufflet, d'une poche m\u00e8tre, de poches avant, de poches arri\u00e8re \u00e0 rabat et de porte-outils fonctionnels, par exemple des boucles pour porte-marteau. La poche de genouill\u00e8re est renforc\u00e9e par du tissu CORDURA\u00ae Stretch \u00e0 l'ext\u00e9rieur et le tissu Stretch \u00e0 l'int\u00e9rieur assure une meilleure libert\u00e9 de mouvement. Un tissu mesh stretch doux dans le pli du genou assure une bonne a\u00e9ration. L'ourlet de la jambe est renforc\u00e9 par du CORDURA\u00ae \u00e0 l'int\u00e9rieur et offre une protection efficace contre l'usure. Certifi\u00e9 selon la norme EN ISO 20471 classe 2, v\u00eatement de protection \u00e0 haute visibilit\u00e9.<\/p>\n<p>FERMETURE : Bas de jambes r\u00e9glables avec cordon de serrage et renforts en CORDURA\u00ae. D\u00c9TAILS : Anneau en D. Boutons en m\u00e9tal. Porte-couteau avec bouton. Couture \u00e0 l'entrejambe comme double couture. Fermeture \u00e0 glissi\u00e8re en plastique \u00e0 l'entrejambe. Deux passants sur les c\u00f4t\u00e9s avec un bouton pour le porte-marteau. Anneau en D \u00e0 la taille. FONCTIONNALIT\u00c9 : stretch 4 directions. TRAVAILLEURS PRINCIPAUX : Travailleurs de la route et du b\u00e2timent. EN ISO 20471. REFLEX : Mat\u00e9riau r\u00e9fl\u00e9chissant autour des jambes. TISSU : Disponible pour hommes et femmes. bleu. Poches \u00e0 clous. Tissu extensible. POCHES : Poche sur la jambe avec fermeture \u00e0 glissi\u00e8re. Poches arri\u00e8re \u00e0 soufflet, renforc\u00e9es. Une avec rabat. Poches rembourr\u00e9es aux genoux. Poches \u00e0 clous - extra larges avec porte-outils et compartiments \u00e0 outils suppl\u00e9mentaires et poches suppl\u00e9mentaires avec fermeture \u00e9clair. Poches lat\u00e9rales. Poche m\u00e8tre renforc\u00e9e avec porte couteau et poche stylo. INSTRUCTIONS DE LAVAGE : Nombre de lavages : 20. 40\u00b0 C. RENFORCEMENT : extr\u00e9mit\u00e9s des jambes renforc\u00e9es en CORDURA\u00ae. CERTIFICATION : EN 14404:2004+A1:2010 avec genouill\u00e8res 4027, 4057, 4058 et 4032. Groupe de certification Y<\/p>\n<p>94% polyester, 6% \u00e9lasthanne, stretch 4 directions, 320 g\/m<\/p>","protected":false},"excerpt":{"rendered":"<p>Vielseitige und bequeme High Vis Arbeitshose, extrem weich und flexibel mit vorgeformten Beinen. Diese Hose wurde entwickelt, um fordernden Aufgaben ohne Kompromisse an Komfort und Passform stand zu halten. Das Material besteht aus einem weichen 4-Wege Stretch Stoff, der sowohl fest als auch in alle Richtungen dehnbar ist. Die Hose hat erweiterte Details und praktische [&hellip;]<\/p>\n","protected":false},"featured_media":583397,"template":"","meta":[],"product_brand":[],"product_cat":[4185],"product_tag":[],"class_list":{"0":"post-583389","1":"product","2":"type-product","3":"status-publish","4":"has-post-thumbnail","6":"product_cat-hosen","7":"pa_brand-blaklaeder","8":"pa_brand-type-workwear","9":"pa_filter-color-blau","10":"pa_filter-color-gelb","11":"pa_filter-color-orange","12":"pa_filter-color-schwarz","14":"first","15":"instock","16":"sale","17":"taxable","18":"shipping-taxable","19":"purchasable","20":"product-type-variable","21":"add-to-wishlist-before_image"},"exclude_global_add_ons":[],"addons":[],"acf":[],"_links":{"self":[{"href":"https:\/\/shop.kustom.ch\/fr\/wp-json\/wp\/v2\/product\/583389"}],"collection":[{"href":"https:\/\/shop.kustom.ch\/fr\/wp-json\/wp\/v2\/product"}],"about":[{"href":"https:\/\/shop.kustom.ch\/fr\/wp-json\/wp\/v2\/types\/product"}],"wp:featuredmedia":[{"embeddable":true,"href":"https:\/\/shop.kustom.ch\/fr\/wp-json\/wp\/v2\/media\/583397"}],"wp:attachment":[{"href":"https:\/\/shop.kustom.ch\/fr\/wp-json\/wp\/v2\/media?parent=583389"}],"wp:term":[{"taxonomy":"product_brand","embeddable":true,"href":"https:\/\/shop.kustom.ch\/fr\/wp-json\/wp\/v2\/product_brand?post=583389"},{"taxonomy":"product_cat","embeddable":true,"href":"https:\/\/shop.kustom.ch\/fr\/wp-json\/wp\/v2\/product_cat?post=583389"},{"taxonomy":"product_tag","embeddable":true,"href":"https:\/\/shop.kustom.ch\/fr\/wp-json\/wp\/v2\/product_tag?post=583389"}],"curies":[{"name":"wp","href":"https:\/\/api.w.org\/{rel}","templated":true}]}}