{"id":583281,"date":"2025-03-04T09:50:22","date_gmt":"2025-03-04T08:50:22","guid":{"rendered":"https:\/\/shop.kustom.ch\/?post_type=product&#038;p=583281"},"modified":"2026-03-31T08:38:05","modified_gmt":"2026-03-31T07:38:05","slug":"high-vis-arbeitshose-4-wege-stretch","status":"publish","type":"product","link":"https:\/\/shop.kustom.ch\/fr\/produit\/high-vis-arbeitshose-4-wege-stretch\/","title":{"rendered":"Pantalon de travail haute visibilit\u00e9 4-way stretch"},"content":{"rendered":"<p>Pantalon haute visibilit\u00e9 pour un maximum de confort et de libert\u00e9 de mouvement, extr\u00eamement souple et flexible avec une coupe slim. Ce pantalon est con\u00e7u pour r\u00e9sister aux travaux les plus durs sans faire de compromis sur le confort et la coupe. Le mat\u00e9riau est un tissu stretch lisse \u00e0 4 voies qui est solide et extensible dans toutes les directions. Le pantalon dispose de d\u00e9tails avanc\u00e9s et de poches pratiques renforc\u00e9es en CORDURA\u00ae, une poche sur la cuisse avec fermeture \u00e9clair, une poche m\u00e8tre, des poches avant, des poches arri\u00e8re avec rabat et des porte-outils fonctionnels, par exemple des boucles pour tenir les marteaux. La poche de genouill\u00e8re est renforc\u00e9e \u00e0 l'ext\u00e9rieur par un mat\u00e9riau CORDURA\u00ae stretch et \u00e0 l'int\u00e9rieur par un tissu stretch pour une plus grande libert\u00e9 de mouvement. Un filet doux et \u00e9lastique \u00e0 l'arri\u00e8re du genou assure une bonne a\u00e9ration. Le renforcement en CORDURA\u00ae au bas de la jambe offre une protection efficace contre l'usure. Certifi\u00e9 selon la norme EN ISO 20471, classe 1 V\u00eatements de protection haute visibilit\u00e9.<\/p>\n<p>FERMETURE : Bas de jambe avec renforts CORDURA\u00ae. D\u00c9TAILS : Anneau en D. Boutons en m\u00e9tal. Porte-couteau avec bouton. Couture \u00e0 l'entrejambe comme double couture. Fermeture \u00e0 glissi\u00e8re en plastique \u00e0 l'entrejambe. Larges passants de ceinture \u00e0 l'arri\u00e8re et sur les c\u00f4t\u00e9s. Anneau en D \u00e0 la taille. FONCTIONNALIT\u00c9 : Insert en mesh \u00e0 l'arri\u00e8re du genou. TRAVAILLEURS PRINCIPAUX : Travailleurs de la route et du b\u00e2timent. EN ISO 20471. REFLEX : Mat\u00e9riau r\u00e9fl\u00e9chissant autour des jambes. TISSU : Hommes. Bleu. Poches pour genouill\u00e8res. Tissu stretch. POCHES : Poche sur la jambe avec fermeture \u00e9clair. Poches arri\u00e8re \u00e0 soufflet, renforc\u00e9es. Une avec rabat. Poches pour genouill\u00e8res. Poches \u00e0 clous - extra larges avec porte-outils et compartiments \u00e0 outils suppl\u00e9mentaires et poches suppl\u00e9mentaires avec fermeture \u00e9clair. Poches lat\u00e9rales. Poche m\u00e8tre renforc\u00e9e avec porte couteau et poche stylo. INSTRUCTIONS DE LAVAGE : Nombre de lavages : 20. Ne pas repasser. RENFORCEMENT : Poches \u00e0 clous, poches arri\u00e8re et poche m\u00e8tre renforc\u00e9es en CORDURA\u00ae. CERTIFICATION : EN 14404:2004+A1:2010 avec genouill\u00e8res 4027, 4057, 4058 et 4032. Groupe de certification W<\/p>\n<p>94% polyester, 6% \u00e9lasthanne, stretch 4 directions, 320 g\/m<\/p>","protected":false},"excerpt":{"rendered":"<p>High Vis Hose f\u00fcr maximalen Komfort und Bewegungsfreiheit, extrem weich und flexibel bei schlanker Passform. Diese Hose ist so entwickelt, dass sie auch harten Arbeiten standh\u00e4lt, ohne Kompromisse bei Komfort und Passform einzugehen. Das Material ist ein glatter 4-Wege-Stretch Stoff, der stark und in alle Richtungen dehnbar ist. Die Hose verf\u00fcgt \u00fcber fortschrittliche Details und [&hellip;]<\/p>\n","protected":false},"featured_media":583333,"template":"","meta":[],"product_brand":[],"product_cat":[4185],"product_tag":[],"class_list":{"0":"post-583281","1":"product","2":"type-product","3":"status-publish","4":"has-post-thumbnail","6":"product_cat-hosen","7":"pa_brand-blaklaeder","8":"pa_brand-type-workwear","9":"pa_filter-color-blau","10":"pa_filter-color-gelb","11":"pa_filter-color-orange","12":"pa_filter-color-schwarz","14":"first","15":"instock","16":"sale","17":"taxable","18":"shipping-taxable","19":"purchasable","20":"product-type-variable","21":"add-to-wishlist-before_image"},"exclude_global_add_ons":[],"addons":[],"acf":[],"_links":{"self":[{"href":"https:\/\/shop.kustom.ch\/fr\/wp-json\/wp\/v2\/product\/583281"}],"collection":[{"href":"https:\/\/shop.kustom.ch\/fr\/wp-json\/wp\/v2\/product"}],"about":[{"href":"https:\/\/shop.kustom.ch\/fr\/wp-json\/wp\/v2\/types\/product"}],"wp:featuredmedia":[{"embeddable":true,"href":"https:\/\/shop.kustom.ch\/fr\/wp-json\/wp\/v2\/media\/583333"}],"wp:attachment":[{"href":"https:\/\/shop.kustom.ch\/fr\/wp-json\/wp\/v2\/media?parent=583281"}],"wp:term":[{"taxonomy":"product_brand","embeddable":true,"href":"https:\/\/shop.kustom.ch\/fr\/wp-json\/wp\/v2\/product_brand?post=583281"},{"taxonomy":"product_cat","embeddable":true,"href":"https:\/\/shop.kustom.ch\/fr\/wp-json\/wp\/v2\/product_cat?post=583281"},{"taxonomy":"product_tag","embeddable":true,"href":"https:\/\/shop.kustom.ch\/fr\/wp-json\/wp\/v2\/product_tag?post=583281"}],"curies":[{"name":"wp","href":"https:\/\/api.w.org\/{rel}","templated":true}]}}