{"id":583217,"date":"2025-03-04T09:49:41","date_gmt":"2025-03-04T08:49:41","guid":{"rendered":"https:\/\/shop.kustom.ch\/?post_type=product&#038;p=583217"},"modified":"2026-03-31T08:37:59","modified_gmt":"2026-03-31T07:37:59","slug":"piratenhose-stretch-x1900","status":"publish","type":"product","link":"https:\/\/shop.kustom.ch\/fr\/produit\/piratenhose-stretch-x1900\/","title":{"rendered":"Pantalon pirate stretch X1900"},"content":{"rendered":"<p>Pantalon de pirate robuste en Cordura\u00ae Denim Stretch avec inserts stretch \u00e0 l'entrejambe pour une libert\u00e9 de mouvement optimale. Poches genouill\u00e8res \u00e0 remplir par le haut en CORDURA\u00ae stretch pour un confort parfait m\u00eame en position agenouill\u00e9e.<\/p>\n<p>D\u00c9TAILS : Boutons en m\u00e9tal. Porte-couteau avec bouton. Coutures renforc\u00e9es \u00e0 l'entrejambe. Patte de boutonnage \u00e0 l'entrejambe. Deux boucles avec velcro sur les c\u00f4t\u00e9s pour les porte-marteaux. Anneau en D \u00e0 la taille. FONCTIONNALIT\u00c9 : Empi\u00e8cements stretch \u00e0 l'entrejambe, au mollet et poche genouill\u00e8re. CARACTERISTIQUES PRINCIPALES : Artisan. Messieurs. EN 14004. TISSU : Hommes. bleu. Poches pour genouill\u00e8res. Artisanat. POCHES : Poche sur la jambe avec fermeture \u00e9clair. Poche arri\u00e8re avec soufflet. Poches pour genouill\u00e8res - en haut avec rabat et fermeture velcro. Tissu stretch \u00e0 l'ext\u00e9rieur et \u00e0 l'int\u00e9rieur pour un meilleur ajustement ergonomique. Fermeture \u00e0 glissi\u00e8re pour poches \u00e0 clous fixes ou amovibles. Poches lat\u00e9rales. Poche m\u00e8tre renforc\u00e9e avec porte couteau et poche stylo. INSTRUCTIONS DE LAVAGE : Ne pas nettoyer \u00e0 sec. RENFORCEMENT : Poches \u00e0 clous renforc\u00e9es en Cordura\u00ae 1000, poches arri\u00e8re et poche m\u00e8tre. CERTIFICATION : EN 14404:2004+A1:2010 avec genouill\u00e8res 4027, 4057, 4058 et 4032.<\/p>\n<p>55% coton, 15% polyamide, 30% polyester, denim enduit, CORDURA\u00ae denim, stretch, 340 g\/m<\/p>","protected":false},"excerpt":{"rendered":"<p>Robuste Piratenhose in Cordura\u00ae Denim Stretch mit Stretch Eins\u00e4tzen im Schritt f\u00fcr optimale Bewegungsfreiheit. Von oben zu f\u00fcllende Kniepolstertaschen aus CORDURA\u00ae-Stretch f\u00fcr perfekten Tragekomfort auch in kniender Position. DETAILS: Metallkn\u00f6pfe. Messerhalter mit Knopf. Verst\u00e4rkte N\u00e4hte am Schritt. Knopfleiste im Schritt. Zwei Schlaufen mit Klettverschluss an den Seiten f\u00fcr Hammerhalter. D-Ring am Bund. FUNKTIONALIT\u00c4T: Stretch-Eins\u00e4tze im [&hellip;]<\/p>\n","protected":false},"featured_media":583225,"template":"","meta":[],"product_brand":[],"product_cat":[4198],"product_tag":[],"class_list":{"0":"post-583217","1":"product","2":"type-product","3":"status-publish","4":"has-post-thumbnail","6":"product_cat-shorts","7":"pa_brand-blaklaeder","8":"pa_brand-type-workwear","9":"pa_filter-color-blau","10":"pa_filter-color-schwarz","12":"first","13":"instock","14":"sale","15":"taxable","16":"shipping-taxable","17":"purchasable","18":"product-type-variable","19":"add-to-wishlist-before_image"},"exclude_global_add_ons":[],"addons":[],"acf":[],"_links":{"self":[{"href":"https:\/\/shop.kustom.ch\/fr\/wp-json\/wp\/v2\/product\/583217"}],"collection":[{"href":"https:\/\/shop.kustom.ch\/fr\/wp-json\/wp\/v2\/product"}],"about":[{"href":"https:\/\/shop.kustom.ch\/fr\/wp-json\/wp\/v2\/types\/product"}],"wp:featuredmedia":[{"embeddable":true,"href":"https:\/\/shop.kustom.ch\/fr\/wp-json\/wp\/v2\/media\/583225"}],"wp:attachment":[{"href":"https:\/\/shop.kustom.ch\/fr\/wp-json\/wp\/v2\/media?parent=583217"}],"wp:term":[{"taxonomy":"product_brand","embeddable":true,"href":"https:\/\/shop.kustom.ch\/fr\/wp-json\/wp\/v2\/product_brand?post=583217"},{"taxonomy":"product_cat","embeddable":true,"href":"https:\/\/shop.kustom.ch\/fr\/wp-json\/wp\/v2\/product_cat?post=583217"},{"taxonomy":"product_tag","embeddable":true,"href":"https:\/\/shop.kustom.ch\/fr\/wp-json\/wp\/v2\/product_tag?post=583217"}],"curies":[{"name":"wp","href":"https:\/\/api.w.org\/{rel}","templated":true}]}}