{"id":583155,"date":"2025-03-04T09:48:55","date_gmt":"2025-03-04T08:48:55","guid":{"rendered":"https:\/\/shop.kustom.ch\/?post_type=product&#038;p=583155"},"modified":"2026-03-31T08:37:55","modified_gmt":"2026-03-31T07:37:55","slug":"handwerker-arbeitshose-stretch-x1900","status":"publish","type":"product","link":"https:\/\/shop.kustom.ch\/fr\/produit\/handwerker-arbeitshose-stretch-x1900\/","title":{"rendered":"Pantalon de travail stretch pour artisans X1900"},"content":{"rendered":"<p>Pantalon de travail robuste en Cordura\u00ae Denim Stretch avec empi\u00e8cements stretch \u00e0 l'entrejambe et aux mollets pour une libert\u00e9 de mouvement optimale. Ce mod\u00e8le a des jambes coniques et des poches genouill\u00e8res en CORDURA\u00ae- Stretch \u00e0 remplir par le haut pour un confort parfait m\u00eame en position agenouill\u00e9e.<\/p>\n<p>D\u00c9TAILS : Boutons en m\u00e9tal. Porte-couteau avec bouton. Couture de la jambe int\u00e9rieure avec triple couture. Patte de boutonnage \u00e0 l'entrejambe. Deux passants de ceinture sur les c\u00f4t\u00e9s avec un bouton pour un passant pour marteau, un passant de ceinture avec anneau en D \u00e0 l'avant. Large passant de ceinture \u00e0 l'arri\u00e8re. Anneau en D \u00e0 la taille. FONCTIONNALIT\u00c9 : stretch \u00e0 deux sens. CARACT\u00c9RISTIQUES PRINCIPALES : Artisan. EN 14004. TISSU : Homme. noir. Stretch. Tissu stretch. POCHES : Poche sur la jambe avec fermeture \u00e9clair. Poche arri\u00e8re avec soufflet. Poches pour genouill\u00e8res - en haut avec rabat et fermeture velcro. Tissu stretch \u00e0 l'ext\u00e9rieur et \u00e0 l'int\u00e9rieur pour un meilleur ajustement ergonomique. Poches \u00e0 clous - extra larges, avec boucles pour outils et compartiments \u00e0 outils suppl\u00e9mentaires. Poches lat\u00e9rales. Poche m\u00e8tre renforc\u00e9e avec porte couteau et poche stylo. INSTRUCTIONS DE LAVAGE : repassage - bas. RENFORCEMENT : Poches genouill\u00e8res renforc\u00e9es en Cordura\u00ae Stretch. CERTIFICATION : EN 14404:2004+A1:2010 avec genouill\u00e8res 4027, 4057, 4058 et 4032.<\/p>\n<p>55% coton, 15% polyamide, 30% polyester, denim enduit, CORDURA\u00ae denim, stretch, 340 g\/m<\/p>","protected":false},"excerpt":{"rendered":"<p>Robuste Handwerker Arbeitshose in Cordura\u00ae Denim Stretch mit Stretch Eins\u00e4tzen im Schritt und an den Waden f\u00fcr optimale Bewegungsfreiheit. Dieses Modell hat konisch geschnittene Beine und von oben zu f\u00fcllende Kniepolstertaschen aus CORDURA\u00ae- Stretch f\u00fcr perfekten Tragekomfort auch in kniender Position. DETAILS: Metallkn\u00f6pfe. Messerhalter mit Knopf. Innenbeinnaht mit 3-fach-Naht. Knopfleiste im Schritt. Zwei G\u00fcrtelschlaufen an [&hellip;]<\/p>\n","protected":false},"featured_media":583182,"template":"","meta":[],"product_brand":[],"product_cat":[4185],"product_tag":[],"class_list":{"0":"post-583155","1":"product","2":"type-product","3":"status-publish","4":"has-post-thumbnail","6":"product_cat-hosen","7":"pa_brand-blaklaeder","8":"pa_brand-type-workwear","9":"pa_filter-color-blau","10":"pa_filter-color-schwarz","12":"first","13":"instock","14":"sale","15":"taxable","16":"shipping-taxable","17":"purchasable","18":"product-type-variable","19":"add-to-wishlist-before_image"},"exclude_global_add_ons":[],"addons":[],"acf":[],"_links":{"self":[{"href":"https:\/\/shop.kustom.ch\/fr\/wp-json\/wp\/v2\/product\/583155"}],"collection":[{"href":"https:\/\/shop.kustom.ch\/fr\/wp-json\/wp\/v2\/product"}],"about":[{"href":"https:\/\/shop.kustom.ch\/fr\/wp-json\/wp\/v2\/types\/product"}],"wp:featuredmedia":[{"embeddable":true,"href":"https:\/\/shop.kustom.ch\/fr\/wp-json\/wp\/v2\/media\/583182"}],"wp:attachment":[{"href":"https:\/\/shop.kustom.ch\/fr\/wp-json\/wp\/v2\/media?parent=583155"}],"wp:term":[{"taxonomy":"product_brand","embeddable":true,"href":"https:\/\/shop.kustom.ch\/fr\/wp-json\/wp\/v2\/product_brand?post=583155"},{"taxonomy":"product_cat","embeddable":true,"href":"https:\/\/shop.kustom.ch\/fr\/wp-json\/wp\/v2\/product_cat?post=583155"},{"taxonomy":"product_tag","embeddable":true,"href":"https:\/\/shop.kustom.ch\/fr\/wp-json\/wp\/v2\/product_tag?post=583155"}],"curies":[{"name":"wp","href":"https:\/\/api.w.org\/{rel}","templated":true}]}}