{"id":583134,"date":"2025-03-04T09:48:20","date_gmt":"2025-03-04T08:48:20","guid":{"rendered":"https:\/\/shop.kustom.ch\/?post_type=product&#038;p=583134"},"modified":"2026-03-31T08:37:48","modified_gmt":"2026-03-31T07:37:48","slug":"handwerker-arbeitshose-ohne-nageltaschen-4-wege-stretch-x1900","status":"publish","type":"product","link":"https:\/\/shop.kustom.ch\/fr\/produit\/handwerker-arbeitshose-ohne-nageltaschen-4-wege-stretch-x1900\/","title":{"rendered":"Pantalon de travail d'artisan sans poches \u00e0 clous 4-way stretch X1900"},"content":{"rendered":"<p>Un pantalon de travail souple et confortable pour les artisans, offrant une grande libert\u00e9 de mouvement et une coupe conique des jambes. Ce pantalon a \u00e9t\u00e9 con\u00e7u pour des t\u00e2ches exigeantes sans pour autant renoncer au confort et \u00e0 la coupe. Le mat\u00e9riau est compos\u00e9 d'un stretch doux \u00e0 4 voies, solide et extensible dans toutes les directions. Le pantalon est dot\u00e9 de d\u00e9tails avanc\u00e9s et de poches pratiques renforc\u00e9es. La poche de genouill\u00e8re est renforc\u00e9e \u00e0 l'ext\u00e9rieur par du CORDURA\u00ae Stretch et poss\u00e8de \u00e0 l'int\u00e9rieur un mat\u00e9riau stretch plus l\u00e9ger pour une meilleure libert\u00e9 de mouvement. Du mesh doux s'\u00e9tend dans le creux du genou pour une bonne ventilation. Les parties inf\u00e9rieures des jambes sont renforc\u00e9es \u00e0 l'int\u00e9rieur, ce qui offre une protection efficace contre l'usure.<\/p>\n<p>FERMETURE : Bas de jambe avec renfort \u00e0 l'arri\u00e8re. D\u00c9TAILS : Boutons en m\u00e9tal. Porte-couteau avec bouton. Couture int\u00e9rieure de la jambe avec triple couture. Fermeture \u00e0 glissi\u00e8re en plastique \u00e0 l'entrejambe. Larges passants de ceinture \u00e0 l'arri\u00e8re et sur les c\u00f4t\u00e9s. Anneau en D \u00e0 la taille. FONCTIONNALIT\u00c9 : stretch 4 directions. CARACTERISTIQUES PRINCIPALES : Travailleur en entrep\u00f4t. EN 14004. REFLEX : D\u00e9tail r\u00e9fl\u00e9chissant sur la poche de jambe. TISSU : Hommes. Noir. Stretch. Tissu stretch. POCHES : Poche sur la jambe avec fermeture \u00e9clair. Poches arri\u00e8re avec soufflet. Poches rembourr\u00e9es aux genoux. Poches de pantalon avec poche \u00e0 fermeture \u00e9clair. Poche m\u00e8tre renforc\u00e9e avec porte couteau et poche stylo. INSTRUCTIONS DE LAVAGE : Ne pas nettoyer \u00e0 sec. RENFORCEMENT : Poches de genouill\u00e8res renforc\u00e9es en Cordura\u00ae Stretch. CERTIFICATION : EN 14404:2004+A1:2010 avec genouill\u00e8res 4027, 4057, 4058 et 4032.<\/p>\n<p>93% Polyamide, 7% \u00c9lasthanne, Dobby, stretch 4 directions, 295 g\/m<\/p>","protected":false},"excerpt":{"rendered":"<p>Eine weiche und komfortable Handwerker Arbeitshose mit viel Bewegungsfreiheit und konisch geschnittenen Beinen. Die Hose wurde f\u00fcr fordernde Aufgaben entwickelt ohne auf Komfort und Passform zu verzichten. Das Material besteht aus einem weichen 4-Wege-Stretch, der stark und in alle Richtungen dehnbar ist. Die Hose hat erweiterte Details und praktische Taschen mit Verst\u00e4rkung. Die Kniepolstertasche ist [&hellip;]<\/p>\n","protected":false},"featured_media":530529,"template":"","meta":[],"product_brand":[],"product_cat":[4185],"product_tag":[],"class_list":{"0":"post-583134","1":"product","2":"type-product","3":"status-publish","4":"has-post-thumbnail","6":"product_cat-hosen","7":"pa_brand-blaklaeder","8":"pa_brand-type-workwear","9":"pa_filter-color-blau","10":"pa_filter-color-grau","11":"pa_filter-color-schwarz","13":"first","14":"instock","15":"sale","16":"taxable","17":"shipping-taxable","18":"purchasable","19":"product-type-variable","20":"add-to-wishlist-before_image"},"exclude_global_add_ons":[],"addons":[],"acf":[],"_links":{"self":[{"href":"https:\/\/shop.kustom.ch\/fr\/wp-json\/wp\/v2\/product\/583134"}],"collection":[{"href":"https:\/\/shop.kustom.ch\/fr\/wp-json\/wp\/v2\/product"}],"about":[{"href":"https:\/\/shop.kustom.ch\/fr\/wp-json\/wp\/v2\/types\/product"}],"wp:featuredmedia":[{"embeddable":true,"href":"https:\/\/shop.kustom.ch\/fr\/wp-json\/wp\/v2\/media\/530529"}],"wp:attachment":[{"href":"https:\/\/shop.kustom.ch\/fr\/wp-json\/wp\/v2\/media?parent=583134"}],"wp:term":[{"taxonomy":"product_brand","embeddable":true,"href":"https:\/\/shop.kustom.ch\/fr\/wp-json\/wp\/v2\/product_brand?post=583134"},{"taxonomy":"product_cat","embeddable":true,"href":"https:\/\/shop.kustom.ch\/fr\/wp-json\/wp\/v2\/product_cat?post=583134"},{"taxonomy":"product_tag","embeddable":true,"href":"https:\/\/shop.kustom.ch\/fr\/wp-json\/wp\/v2\/product_tag?post=583134"}],"curies":[{"name":"wp","href":"https:\/\/api.w.org\/{rel}","templated":true}]}}