{"id":583098,"date":"2025-03-04T09:48:11","date_gmt":"2025-03-04T08:48:11","guid":{"rendered":"https:\/\/shop.kustom.ch\/?post_type=product&#038;p=583098"},"modified":"2026-03-31T08:37:43","modified_gmt":"2026-03-31T07:37:43","slug":"handwerker-shorts-4-wege-stretch-x1900","status":"publish","type":"product","link":"https:\/\/shop.kustom.ch\/fr\/produit\/handwerker-shorts-4-wege-stretch-x1900\/","title":{"rendered":"Short d'artisanat 4-way stretch X1900"},"content":{"rendered":"<p>Un short d'artisan avec un fantastique stretch 4 directions, bas\u00e9 sur le pantalon 1998 de Bl\u00e5kl\u00e4der. La variante 1988 du short dispose de poches \u00e0 clous en plus de toutes les caract\u00e9ristiques d\u00e9j\u00e0 existantes. <\/p>\n<p>D\u00c9TAILS : Anneau en D. Boutons en m\u00e9tal. Porte-couteau avec bouton. Couture de la jambe int\u00e9rieure avec triple couture. Fermeture \u00e0 glissi\u00e8re en plastique \u00e0 l'entrejambe. Larges passants de ceinture \u00e0 l'arri\u00e8re et sur les c\u00f4t\u00e9s. Anneau en D \u00e0 la taille. FONCTIONNALIT\u00c9 : stretch 4 directions. CARACTERISTIQUES PRINCIPALES : Jardinier. Hommes . REFLEX : D\u00e9tail r\u00e9fl\u00e9chissant sur la poche de jambe. TISSU : Hommes. Noir. Stretch. Tissu stretch. POCHES : Poche sur la jambe avec fermeture \u00e9clair. Poches arri\u00e8re avec soufflet. Poches \u00e0 clous - extra larges avec porte-outils et compartiments \u00e0 outils suppl\u00e9mentaires et poches suppl\u00e9mentaires avec fermeture \u00e9clair. Poches lat\u00e9rales. Poche m\u00e8tre renforc\u00e9e avec porte couteau et poche stylo. INSTRUCTIONS DE LAVAGE : ne pas essorer. RENFORCEMENT : Poche m\u00e8tre renforc\u00e9e, poches \u00e0 clous et poches arri\u00e8re.<\/p>\n<p>93% Polyamide, 7% \u00c9lasthanne, Dobby, stretch 4 directions, 295 g\/m<\/p>","protected":false},"excerpt":{"rendered":"<p>Eine Handwerker Shorts mit fantastischem 4-Wege-Stretch basierend auf Bl\u00e5kl\u00e4ders Bundhose 1998. Die Shorts-Variante 1988 verf\u00fcgt neben allen bereits vorhandenen Eigenschaften \u00fcber Nageltaschen. DETAILS: D-Ring. Metallkn\u00f6pfe. Messerhalter mit Knopf. Innenbeinnaht mit 3-fach-Naht. Kunststoff-Reissverschluss im Schritt. Breite G\u00fcrtelschlaufen hinten und an den Seiten. D-Ring am Bund. FUNKTIONALIT\u00c4T: 4-Wege-Stretch. HAUPTEIGENSCHAFTEN: Gartenarbeiter. Herren. REFLEX: Reflexdetail an der Beintasche. STOFF: [&hellip;]<\/p>\n","protected":false},"featured_media":583140,"template":"","meta":[],"product_brand":[],"product_cat":[4198],"product_tag":[],"class_list":{"0":"post-583098","1":"product","2":"type-product","3":"status-publish","4":"has-post-thumbnail","6":"product_cat-shorts","7":"pa_brand-blaklaeder","8":"pa_brand-type-workwear","9":"pa_filter-color-blau","10":"pa_filter-color-grau","11":"pa_filter-color-schwarz","13":"first","14":"instock","15":"sale","16":"taxable","17":"shipping-taxable","18":"purchasable","19":"product-type-variable","20":"add-to-wishlist-before_image"},"exclude_global_add_ons":[],"addons":[],"acf":[],"_links":{"self":[{"href":"https:\/\/shop.kustom.ch\/fr\/wp-json\/wp\/v2\/product\/583098"}],"collection":[{"href":"https:\/\/shop.kustom.ch\/fr\/wp-json\/wp\/v2\/product"}],"about":[{"href":"https:\/\/shop.kustom.ch\/fr\/wp-json\/wp\/v2\/types\/product"}],"wp:featuredmedia":[{"embeddable":true,"href":"https:\/\/shop.kustom.ch\/fr\/wp-json\/wp\/v2\/media\/583140"}],"wp:attachment":[{"href":"https:\/\/shop.kustom.ch\/fr\/wp-json\/wp\/v2\/media?parent=583098"}],"wp:term":[{"taxonomy":"product_brand","embeddable":true,"href":"https:\/\/shop.kustom.ch\/fr\/wp-json\/wp\/v2\/product_brand?post=583098"},{"taxonomy":"product_cat","embeddable":true,"href":"https:\/\/shop.kustom.ch\/fr\/wp-json\/wp\/v2\/product_cat?post=583098"},{"taxonomy":"product_tag","embeddable":true,"href":"https:\/\/shop.kustom.ch\/fr\/wp-json\/wp\/v2\/product_tag?post=583098"}],"curies":[{"name":"wp","href":"https:\/\/api.w.org\/{rel}","templated":true}]}}