{"id":583075,"date":"2025-03-04T09:47:33","date_gmt":"2025-03-04T08:47:33","guid":{"rendered":"https:\/\/shop.kustom.ch\/?post_type=product&#038;p=583075"},"modified":"2026-03-31T08:37:42","modified_gmt":"2026-03-31T07:37:42","slug":"handwerker-shorts-4-wege-stretch-ohne-nageltaschen-x1900","status":"publish","type":"product","link":"https:\/\/shop.kustom.ch\/fr\/produit\/handwerker-shorts-4-wege-stretch-ohne-nageltaschen-x1900\/","title":{"rendered":"Short d'artisan 4-way stretch sans poches \u00e0 clous X1900"},"content":{"rendered":"<p>Un short d'artisan avec un fantastique stretch 4 directions bas\u00e9 sur le pantalon d'artisan 1998 de Bl\u00e5kl\u00e4der. La variante 1987 du short n'a pas de poches \u00e0 clous par rapport \u00e0 son jumeau 1988, mais offre tous les hauts standards de confort et de fonctionnalit\u00e9.<\/p>\n<p>D\u00c9TAILS : Boutons en m\u00e9tal. Porte-couteau avec bouton. Couture de la jambe int\u00e9rieure avec triple couture. Fermeture \u00e0 glissi\u00e8re en plastique \u00e0 l'entrejambe. Larges passants de ceinture \u00e0 l'arri\u00e8re et sur les c\u00f4t\u00e9s. Anneau en D \u00e0 la taille. FONCTIONNALIT\u00c9 : stretch 4 directions. CARACTERISTIQUES PRINCIPALES : Jardinier. Hommes . REFLEX : D\u00e9tail r\u00e9fl\u00e9chissant sur la poche de jambe. TISSU : Hommes. Bleu. Tissu stretch. Tissu stretch. POCHES : Poche sur la jambe avec fermeture \u00e9clair. Poches arri\u00e8re avec soufflet. Poches de pantalon avec poche \u00e0 fermeture \u00e9clair. Poche m\u00e8tre renforc\u00e9e avec porte couteau et poche stylo. INSTRUCTIONS DE LAVAGE : 40\u00b0 C. RENFORCEMENT : Poche m\u00e8tre renforc\u00e9e et poches arri\u00e8res.<\/p>\n<p>93% Polyamide, 7% \u00c9lasthanne, Dobby, stretch 4 directions, 295 g\/m<\/p>","protected":false},"excerpt":{"rendered":"<p>Eine Handwerker Shorts mit fantastischem 4-Wege-Stretch basierend auf Bl\u00e5kl\u00e4ders Handwerkerhose 1998. Die Shorts Variante 1987 hat keine Nageltaschen im Vergleich zu ihrem Zwilling 1988, aber bietet alle hohen Standards von Komfort und Funktionalit\u00e4t. DETAILS: Metallkn\u00f6pfe. Messerhalter mit Knopf. Innenbeinnaht mit 3-fach-Naht. Kunststoff-Reissverschluss im Schritt. Breite G\u00fcrtelschlaufen hinten und an den Seiten. D-Ring am Bund. FUNKTIONALIT\u00c4T: [&hellip;]<\/p>\n","protected":false},"featured_media":583091,"template":"","meta":[],"product_brand":[],"product_cat":[4198],"product_tag":[],"class_list":{"0":"post-583075","1":"product","2":"type-product","3":"status-publish","4":"has-post-thumbnail","6":"product_cat-shorts","7":"pa_brand-blaklaeder","8":"pa_brand-type-workwear","9":"pa_filter-color-blau","10":"pa_filter-color-grau","11":"pa_filter-color-schwarz","13":"first","14":"instock","15":"sale","16":"taxable","17":"shipping-taxable","18":"purchasable","19":"product-type-variable","20":"add-to-wishlist-before_image"},"exclude_global_add_ons":[],"addons":[],"acf":[],"_links":{"self":[{"href":"https:\/\/shop.kustom.ch\/fr\/wp-json\/wp\/v2\/product\/583075"}],"collection":[{"href":"https:\/\/shop.kustom.ch\/fr\/wp-json\/wp\/v2\/product"}],"about":[{"href":"https:\/\/shop.kustom.ch\/fr\/wp-json\/wp\/v2\/types\/product"}],"wp:featuredmedia":[{"embeddable":true,"href":"https:\/\/shop.kustom.ch\/fr\/wp-json\/wp\/v2\/media\/583091"}],"wp:attachment":[{"href":"https:\/\/shop.kustom.ch\/fr\/wp-json\/wp\/v2\/media?parent=583075"}],"wp:term":[{"taxonomy":"product_brand","embeddable":true,"href":"https:\/\/shop.kustom.ch\/fr\/wp-json\/wp\/v2\/product_brand?post=583075"},{"taxonomy":"product_cat","embeddable":true,"href":"https:\/\/shop.kustom.ch\/fr\/wp-json\/wp\/v2\/product_cat?post=583075"},{"taxonomy":"product_tag","embeddable":true,"href":"https:\/\/shop.kustom.ch\/fr\/wp-json\/wp\/v2\/product_tag?post=583075"}],"curies":[{"name":"wp","href":"https:\/\/api.w.org\/{rel}","templated":true}]}}