{"id":583028,"date":"2025-03-04T09:46:24","date_gmt":"2025-03-04T08:46:24","guid":{"rendered":"https:\/\/shop.kustom.ch\/?post_type=product&#038;p=583028"},"modified":"2026-03-31T08:37:06","modified_gmt":"2026-03-31T07:37:06","slug":"handwerker-arbeitshose-nyco","status":"publish","type":"product","link":"https:\/\/shop.kustom.ch\/fr\/produit\/handwerker-arbeitshose-nyco\/","title":{"rendered":"Pantalon de travail pour artisans NYCO"},"content":{"rendered":"<p>L'impression de l\u00e9g\u00e8ret\u00e9 de notre nouveau challenger 1961 peut facilement faire illusion. Avec leur confort et leur coupe uniques, ces pantalons ressemblent \u00e0 de beaux pantalons en coton, mais le mat\u00e9riau CORDURA\u00ae NYCO est \u2019solide comme l'acier\u2018 et ne s'use pratiquement jamais. Le mod\u00e8le a une taille basse avec des genoux pr\u00e9form\u00e9s, ce qui assure une bonne coupe. Plusieurs fonctions intelligentes, comme les larges poches \u00e0 clous qui peuvent \u00eatre rabattues vers l'arri\u00e8re pour plus de confort lorsque l'on se penche.<\/p>\n<p>FERMETURE : Bas de jambes r\u00e9glables avec cordon de serrage et renforts en CORDURA\u00ae. D\u00c9TAILS : Poche pour carte d'identit\u00e9 escamotable. Boutons en m\u00e9tal. Coutures renforc\u00e9es \u00e0 l'entrejambe. Fermeture \u00e0 glissi\u00e8re en plastique \u00e0 l'entrejambe. Larges passants de ceinture. FONCTIONNALIT\u00c9 : Jambes de pantalon particuli\u00e8rement ergonomiques. CARACTERISTIQUES PRINCIPALES : Couvreur. EN 14004. TISSU : Hommes. Gris. Poches \u00e0 clous. Artisanat. POCHES : Poche sur la jambe avec poche \u00e0 crayon, poche suppl\u00e9mentaire et poche pour t\u00e9l\u00e9phone portable. Poche pour t\u00e9l\u00e9phone portable. Poches pour genouill\u00e8res. Poches \u00e0 clous - extra larges, avec boucles \u00e0 outils et compartiments \u00e0 outils suppl\u00e9mentaires. Poches avant inclin\u00e9es. Poche m\u00e8tre renforc\u00e9e en CORDURA\u00ae extra large avec poche stylo et porte-couteau. INSTRUCTIONS DE LAVAGE : Ne pas blanchir. RENFORCEMENT : Poches genouill\u00e8res renforc\u00e9es en Cordura\u00ae stretch. CERTIFICATION : EN 14404:2004+A1:2010 avec genouill\u00e8res 4027, 4057, 4058 et 4032.<\/p>\n<p>75% coton, 25% polyamide, CORDURA\u00ae Nyco, 250g\/m<\/p>","protected":false},"excerpt":{"rendered":"<p>Vom leichten Eindruck unseres neuen Herausforderers 1961 kann man sich leicht t\u00e4uschen lassen. Bei dem einmaligen Komfort und der Passform f\u00fchlen sich die Hosen wie sch\u00f6ne Baumwollhosen an, doch ist das Material CORDURA\u00ae NYCO &#8217;stark wie Stahl&#8216; und kann so gut wie nie verschlissen werden. Das Modell hat ein niedrigere Taille mit vorgeformten Knien, was [&hellip;]<\/p>\n","protected":false},"featured_media":583088,"template":"","meta":[],"product_brand":[],"product_cat":[4185],"product_tag":[],"class_list":{"0":"post-583028","1":"product","2":"type-product","3":"status-publish","4":"has-post-thumbnail","6":"product_cat-hosen","7":"pa_brand-blaklaeder","8":"pa_brand-type-workwear","9":"pa_filter-color-grau","10":"pa_filter-color-schwarz","12":"first","13":"instock","14":"sale","15":"taxable","16":"shipping-taxable","17":"purchasable","18":"product-type-variable","19":"add-to-wishlist-before_image"},"exclude_global_add_ons":[],"addons":[],"acf":[],"_links":{"self":[{"href":"https:\/\/shop.kustom.ch\/fr\/wp-json\/wp\/v2\/product\/583028"}],"collection":[{"href":"https:\/\/shop.kustom.ch\/fr\/wp-json\/wp\/v2\/product"}],"about":[{"href":"https:\/\/shop.kustom.ch\/fr\/wp-json\/wp\/v2\/types\/product"}],"wp:featuredmedia":[{"embeddable":true,"href":"https:\/\/shop.kustom.ch\/fr\/wp-json\/wp\/v2\/media\/583088"}],"wp:attachment":[{"href":"https:\/\/shop.kustom.ch\/fr\/wp-json\/wp\/v2\/media?parent=583028"}],"wp:term":[{"taxonomy":"product_brand","embeddable":true,"href":"https:\/\/shop.kustom.ch\/fr\/wp-json\/wp\/v2\/product_brand?post=583028"},{"taxonomy":"product_cat","embeddable":true,"href":"https:\/\/shop.kustom.ch\/fr\/wp-json\/wp\/v2\/product_cat?post=583028"},{"taxonomy":"product_tag","embeddable":true,"href":"https:\/\/shop.kustom.ch\/fr\/wp-json\/wp\/v2\/product_tag?post=583028"}],"curies":[{"name":"wp","href":"https:\/\/api.w.org\/{rel}","templated":true}]}}