{"id":582972,"date":"2025-03-04T09:45:38","date_gmt":"2025-03-04T08:45:38","guid":{"rendered":"https:\/\/shop.kustom.ch\/?post_type=product&#038;p=582972"},"modified":"2026-03-31T08:37:02","modified_gmt":"2026-03-31T07:37:02","slug":"handwerker-arbeitshose","status":"publish","type":"product","link":"https:\/\/shop.kustom.ch\/fr\/produit\/handwerker-arbeitshose\/","title":{"rendered":"Pantalon de travail pour artisans"},"content":{"rendered":"<p>FERMETURE : Bas de jambes r\u00e9glables avec cordon de serrage et renforts en CORDURA\u00ae. D\u00c9TAILS : Poche pour carte d'identit\u00e9 amovible. Coutures renforc\u00e9es \u00e0 l'entrejambe. Patte de boutonnage \u00e0 l'entrejambe. Deux boucles avec velcro sur les c\u00f4t\u00e9s pour les porte-marteaux. FONCTIONNALIT\u00c9 : Stretch \u00e0 deux sens. Jambes de pantalon particuli\u00e8rement ergonomiques. Jambes de pantalon particuli\u00e8rement ergonomiques. TRAVAILLEURS PRINCIPAUX : Travailleurs de la route et du b\u00e2timent. EN 14004. TISSU : hommes. noir. Poches \u00e0 clous. Hommes . Artisanat. Artisanat. POCHES : Poche sur la jambe avec fermeture \u00e0 glissi\u00e8re. Poches arri\u00e8re avec soufflet. Poches rembourr\u00e9es aux genoux. Poches \u00e0 clous - extra larges, avec boucles pour outils et compartiments \u00e0 outils suppl\u00e9mentaires. Poches lat\u00e9rales, dont une poche suppl\u00e9mentaire avec fermeture \u00e9clair. Poche m\u00e8tre renforc\u00e9e en CORDURA\u00ae extra large avec poche stylo et porte-couteau. CONDITION DE LAVAGE : S\u00e8che-linge - bas. RENFORCEMENT : Poches de genoux renforc\u00e9es en Cordura\u00ae stretch. CERTIFICATION : EN 14404:2004+A1:2010 avec genouill\u00e8res 4027, 4057, 4058 et 4032. ACCESSOIRES : Article 4020<\/p>\n<p>88% coton, 12% polyamide, denim, enduit, CORDURA\u00ae denim, 375g\/m<\/p>","protected":false},"excerpt":{"rendered":"<p>ABSCHLUSS: Verstellbare Beinabschl\u00fcsse mit Kordelzug und CORDURA\u00ae-Verst\u00e4rkung. DETAILS: Abnehmbare Ausweistasche. Verst\u00e4rkte N\u00e4hte am Schritt. Knopfleiste im Schritt. Zwei Schlaufen mit Klettverschluss an den Seiten f\u00fcr Hammerhalter. FUNKTIONALIT\u00c4T: 2-Wege-Stretch. Besonders ergonomisch geformte Hosenbeine. Besonders ergonomisch geformte Hosenbeine. HAUPTEIGENSCHAFTEN: Strassen- und Bauarbeiter. EN 14004. STOFF: Herren. schwarz. Nageltaschen. Herren. Handwerk. Handwerk. TASCHEN: Beintasche mit Reissverschluss. Ges\u00e4sstaschen mit [&hellip;]<\/p>\n","protected":false},"featured_media":583034,"template":"","meta":[],"product_brand":[],"product_cat":[4185],"product_tag":[],"class_list":{"0":"post-582972","1":"product","2":"type-product","3":"status-publish","4":"has-post-thumbnail","6":"product_cat-hosen","7":"pa_brand-blaklaeder","8":"pa_brand-type-workwear","9":"pa_filter-color-blau","10":"pa_filter-color-schwarz","12":"first","13":"instock","14":"sale","15":"taxable","16":"shipping-taxable","17":"purchasable","18":"product-type-variable","19":"add-to-wishlist-before_image"},"exclude_global_add_ons":[],"addons":[],"acf":[],"_links":{"self":[{"href":"https:\/\/shop.kustom.ch\/fr\/wp-json\/wp\/v2\/product\/582972"}],"collection":[{"href":"https:\/\/shop.kustom.ch\/fr\/wp-json\/wp\/v2\/product"}],"about":[{"href":"https:\/\/shop.kustom.ch\/fr\/wp-json\/wp\/v2\/types\/product"}],"wp:featuredmedia":[{"embeddable":true,"href":"https:\/\/shop.kustom.ch\/fr\/wp-json\/wp\/v2\/media\/583034"}],"wp:attachment":[{"href":"https:\/\/shop.kustom.ch\/fr\/wp-json\/wp\/v2\/media?parent=582972"}],"wp:term":[{"taxonomy":"product_brand","embeddable":true,"href":"https:\/\/shop.kustom.ch\/fr\/wp-json\/wp\/v2\/product_brand?post=582972"},{"taxonomy":"product_cat","embeddable":true,"href":"https:\/\/shop.kustom.ch\/fr\/wp-json\/wp\/v2\/product_cat?post=582972"},{"taxonomy":"product_tag","embeddable":true,"href":"https:\/\/shop.kustom.ch\/fr\/wp-json\/wp\/v2\/product_tag?post=582972"}],"curies":[{"name":"wp","href":"https:\/\/api.w.org\/{rel}","templated":true}]}}