{"id":582946,"date":"2025-03-04T09:45:00","date_gmt":"2025-03-04T08:45:00","guid":{"rendered":"https:\/\/shop.kustom.ch\/?post_type=product&#038;p=582946"},"modified":"2026-03-31T08:37:01","modified_gmt":"2026-03-31T07:37:01","slug":"high-vis-kilt","status":"publish","type":"product","link":"https:\/\/shop.kustom.ch\/fr\/produit\/high-vis-kilt\/","title":{"rendered":"Kilt haute visibilit\u00e9"},"content":{"rendered":"<p>Le kilt est un symbole l\u00e9gendaire de l'\u00c9cosse. Bl\u00e5kl\u00e4der a repris le kilt et a d\u00e9velopp\u00e9 un autre type de v\u00eatement fonctionnel pour ceux qui veulent marquer le coup et profiter du confort et de la ventilation d'un kilt. Ce kilt haute visibilit\u00e9 est dot\u00e9 de poches holster et de poches arri\u00e8re renforc\u00e9es en CORDURA\u00ae. Ce kilt exceptionnellement confortable est fabriqu\u00e9 dans un tissu ripstop tr\u00e8s r\u00e9sistant. Le mat\u00e9riau haute visibilit\u00e9 et les bandes r\u00e9fl\u00e9chissantes segment\u00e9es s'associent pour une meilleure visibilit\u00e9. Doublure int\u00e9rieure avec impression camouflage et passants pour une ceinture. Certifi\u00e9 selon la norme EN ISO 20471, classe 2.<\/p>\n<p>D\u00c9TAILS : Anneau en D. Boucle marteau sur les deux c\u00f4t\u00e9s. Boutons en m\u00e9tal recouverts de caoutchouc. Porte-couteau avec bouton. Large boucle \u00e0 l'arri\u00e8re. Taille r\u00e9glable. TYPE PRINCIPAL : Travailleur de la route et du b\u00e2timent. Hommes . Unisexe. EN ISO 20471. REFLEX : bandes r\u00e9fl\u00e9chissantes de transfert de 50 mm de large. TISSU : Hommes. Noir. Poches \u00e0 clous. Unisexe. Protection haute visibilit\u00e9. Protection haute visibilit\u00e9. POCHES : Poches arri\u00e8re renforc\u00e9es par un soufflet. Poches \u00e0 clous - extra larges avec porte-outils et compartiments \u00e0 outils suppl\u00e9mentaires et poches suppl\u00e9mentaires avec fermeture \u00e9clair. Poche renforc\u00e9e pour m\u00e8tre pliant avec poche suppl\u00e9mentaire et poche pour stylo. INSTRUCTIONS DE LAVAGE : Nombre de lavages : 50. Ne pas essorer. RENFORCEMENT : Poches \u00e0 clous, poches arri\u00e8re et poche m\u00e8tre renforc\u00e9es en CORDURA\u00ae. CERTIFICATION : Groupe de certification X<\/p>\n<p>85% Polyester, 15% Coton, Ripstop, 250 g\/m\u00b2.<\/p>","protected":false},"excerpt":{"rendered":"<p>Der Kilt ist ein legend\u00e4res Symbol Schottlands. Bl\u00e5kl\u00e4der hat den Kilt \u00fcbernommen und eine andere Art von Funktionsbekleidung f\u00fcr diejenigen entwickelt, die ein Zeichen setzen und den Komfort und die Bel\u00fcftung eines Kilts geniessen wollen. Dieser High Vis Kilt verf\u00fcgt \u00fcber CORDURA\u00ae-verst\u00e4rkte Holstertaschen und Ges\u00e4sstaschen. Der aussergew\u00f6hnlich bequeme Kilt ist aus hoch strapazierf\u00e4higem Ripstop-Stoff gefertigt. [&hellip;]<\/p>\n","protected":false},"featured_media":530401,"template":"","meta":[],"product_brand":[],"product_cat":[4198],"product_tag":[],"class_list":{"0":"post-582946","1":"product","2":"type-product","3":"status-publish","4":"has-post-thumbnail","6":"product_cat-shorts","7":"pa_brand-blaklaeder","8":"pa_brand-type-workwear","9":"pa_filter-color-gelb","10":"pa_filter-color-schwarz","12":"first","13":"instock","14":"sale","15":"taxable","16":"shipping-taxable","17":"purchasable","18":"product-type-variable","19":"add-to-wishlist-before_image"},"exclude_global_add_ons":[],"addons":[],"acf":[],"_links":{"self":[{"href":"https:\/\/shop.kustom.ch\/fr\/wp-json\/wp\/v2\/product\/582946"}],"collection":[{"href":"https:\/\/shop.kustom.ch\/fr\/wp-json\/wp\/v2\/product"}],"about":[{"href":"https:\/\/shop.kustom.ch\/fr\/wp-json\/wp\/v2\/types\/product"}],"wp:featuredmedia":[{"embeddable":true,"href":"https:\/\/shop.kustom.ch\/fr\/wp-json\/wp\/v2\/media\/530401"}],"wp:attachment":[{"href":"https:\/\/shop.kustom.ch\/fr\/wp-json\/wp\/v2\/media?parent=582946"}],"wp:term":[{"taxonomy":"product_brand","embeddable":true,"href":"https:\/\/shop.kustom.ch\/fr\/wp-json\/wp\/v2\/product_brand?post=582946"},{"taxonomy":"product_cat","embeddable":true,"href":"https:\/\/shop.kustom.ch\/fr\/wp-json\/wp\/v2\/product_cat?post=582946"},{"taxonomy":"product_tag","embeddable":true,"href":"https:\/\/shop.kustom.ch\/fr\/wp-json\/wp\/v2\/product_tag?post=582946"}],"curies":[{"name":"wp","href":"https:\/\/api.w.org\/{rel}","templated":true}]}}