{"id":582945,"date":"2025-03-04T09:45:00","date_gmt":"2025-03-04T08:45:00","guid":{"rendered":"https:\/\/shop.kustom.ch\/?post_type=product&#038;p=582945"},"modified":"2026-03-31T08:37:00","modified_gmt":"2026-03-31T07:37:00","slug":"high-vis-schnittschutzhose","status":"publish","type":"product","link":"https:\/\/shop.kustom.ch\/fr\/produit\/high-vis-schnittschutzhose\/","title":{"rendered":"Pantalon anti-coupure haute visibilit\u00e9"},"content":{"rendered":"<p>Un pantalon anti-coupure de classe 2 High Vis qui vous prot\u00e8ge avec une protection anti-coupure de classe 1 enti\u00e8rement couvrante sur le devant et vous permet de vous concentrer sur votre travail. Le pantalon est dot\u00e9 d'une protection contre les coupures sur les deux jambes et les deux c\u00f4t\u00e9s, de sorte qu'il peut \u00eatre utilis\u00e9 aussi bien par les droitiers que par les gauchers. En plus de toute la partie arri\u00e8re, qui est en stretch quadri-directionnel, le pantalon a \u00e9galement un dos plus haut pour plus de confort. Il poss\u00e8de des bretelles amovibles, des poches sur les cuisses, une poche m\u00e8tre sans fermeture \u00e9clair et une poche arri\u00e8re avec fermeture \u00e9clair. Certifi\u00e9 selon EN ISO 20471 : 2013 classe 2, EN ISO 11393-2 : 2018 classe 1.<\/p>\n<p>FERMETURE : Bas de jambes r\u00e9glables avec cordon de serrage. D\u00c9TAILS : Bretelles r\u00e9glables et amovibles avec \u00e9lastique. Passants, dont un avec anneau en D. Taille haute \u00e0 l'arri\u00e8re. FONCTIONNALIT\u00c9 : Insert stretch \u00e0 l'arri\u00e8re. Jambes de pantalon de forme particuli\u00e8rement ergonomique. Jambes de pantalon particuli\u00e8rement ergonomiques. TRAVAILLEURS PRINCIPAUX : Travailleurs de la route et du b\u00e2timent. EN ISO 20471. REFLEX : bandes r\u00e9fl\u00e9chissantes de 70 mm de large. TISSU : Hommes. Noir. Stretch. Hommes . Protection haute visibilit\u00e9. Protection haute visibilit\u00e9. POCHES : Poche sur la jambe avec fermeture \u00e9clair, soufflet et poche int\u00e9rieure pour t\u00e9l\u00e9phone portable en mesh. Poche arri\u00e8re avec fermeture \u00e9clair. Poches lat\u00e9rales. Poche m\u00e8tre avec CORDURA\u00ae. INSTRUCTIONS DE LAVAGE : Nombre de lavages : 25. Ne pas essorer. RENFORCEMENT : Poche m\u00e8tre renforc\u00e9e en CORDURA\u00ae. CERTIFICATION : EN ISO 11393-2:2018, classe 1. EN ISO 20471, classe 2.<\/p>\n<p>70% polyester, 30% coton, serg\u00e9, ext\u00e9rieur hydrofuge, 230g\/m<\/p>","protected":false},"excerpt":{"rendered":"<p>Eine Schnittschutzhose in High Vis Klasse 2, die Sie mit voll abdeckendem Schnittschutz der Klasse 1 auf der Vorderseite sch\u00fctzt und Ihnen den Fokus auf die Arbeit erm\u00f6glicht. Die Hose hat Schnittschutz an beiden Beinen und an beiden Seiten, so dass sie sowohl von Rechts- als auch von Linksh\u00e4ndern verwendet werden kann. Neben dem gesamten [&hellip;]<\/p>\n","protected":false},"featured_media":582997,"template":"","meta":[],"product_brand":[],"product_cat":[4185],"product_tag":[],"class_list":{"0":"post-582945","1":"product","2":"type-product","3":"status-publish","4":"has-post-thumbnail","6":"product_cat-hosen","7":"pa_brand-blaklaeder","8":"pa_brand-type-workwear","9":"pa_filter-color-gelb","10":"pa_filter-color-schwarz","12":"first","13":"instock","14":"sale","15":"taxable","16":"shipping-taxable","17":"purchasable","18":"product-type-variable","19":"add-to-wishlist-before_image"},"exclude_global_add_ons":[],"addons":[],"acf":[],"_links":{"self":[{"href":"https:\/\/shop.kustom.ch\/fr\/wp-json\/wp\/v2\/product\/582945"}],"collection":[{"href":"https:\/\/shop.kustom.ch\/fr\/wp-json\/wp\/v2\/product"}],"about":[{"href":"https:\/\/shop.kustom.ch\/fr\/wp-json\/wp\/v2\/types\/product"}],"wp:featuredmedia":[{"embeddable":true,"href":"https:\/\/shop.kustom.ch\/fr\/wp-json\/wp\/v2\/media\/582997"}],"wp:attachment":[{"href":"https:\/\/shop.kustom.ch\/fr\/wp-json\/wp\/v2\/media?parent=582945"}],"wp:term":[{"taxonomy":"product_brand","embeddable":true,"href":"https:\/\/shop.kustom.ch\/fr\/wp-json\/wp\/v2\/product_brand?post=582945"},{"taxonomy":"product_cat","embeddable":true,"href":"https:\/\/shop.kustom.ch\/fr\/wp-json\/wp\/v2\/product_cat?post=582945"},{"taxonomy":"product_tag","embeddable":true,"href":"https:\/\/shop.kustom.ch\/fr\/wp-json\/wp\/v2\/product_tag?post=582945"}],"curies":[{"name":"wp","href":"https:\/\/api.w.org\/{rel}","templated":true}]}}