{"id":582922,"date":"2025-03-04T09:44:20","date_gmt":"2025-03-04T08:44:20","guid":{"rendered":"https:\/\/shop.kustom.ch\/?post_type=product&#038;p=582922"},"modified":"2026-03-31T08:36:59","modified_gmt":"2026-03-31T07:36:59","slug":"maler-shorts-mit-stretch-x1900","status":"publish","type":"product","link":"https:\/\/shop.kustom.ch\/fr\/produit\/maler-shorts-mit-stretch-x1900\/","title":{"rendered":"Short de peintre avec stretch X1900"},"content":{"rendered":"<p>Un short de peintre moderne et confortable bas\u00e9 sur le pantalon de peintre 1910 de Bl\u00e5kl\u00e4der. Le short a des poches \u00e0 outils et des empi\u00e8cements stretch \u00e0 des endroits soigneusement choisis pour une meilleure libert\u00e9 de mouvement et un plus grand confort. Gr\u00e2ce \u00e0 sa forte teneur en coton, le tissu a une meilleure capacit\u00e9 d'absorption. Le short dispose de plusieurs poches fonctionnelles et d'une poche sp\u00e9cialement renforc\u00e9e pour un couteau \u00e0 mastic.<\/p>\n<p>D\u00c9TAILS : fermeture \u00e0 glissi\u00e8re en plastique \u00e0 l'entrejambe. Anneau en D \u00e0 la taille. FONCTIONNALIT\u00c9 : Insert stretch \u00e0 l'entrejambe et aux fesses. CARACT\u00c9RISTIQUES PRINCIPALES : Peintre. Hommes . Homme. TISSU : Hommes. Blanc. Insert en stretch. Hommes . \u00c9lastique. Peintre. POCHES : poches sur les jambes avec soufflet, fermeture \u00e9clair, poche pour stylo et couteau. Poches arri\u00e8re. Poche pour t\u00e9l\u00e9phone portable \u00e0 l'int\u00e9rieur. Poches \u00e0 clous - avec porte-outils adapt\u00e9s aux outils de peintre. Poches lat\u00e9rales. INSTRUCTIONS DE LAVAGE : ne pas essorer. RENFORCEMENT : poches \u00e0 clous et poche m\u00e8tre renforc\u00e9es en CORDURA\u00ae.<\/p>\n<p>100% Coton, serg\u00e9, 240 g\/m<\/p>","protected":false},"excerpt":{"rendered":"<p>Eine moderne und bequeme Malershorts auf Basis der Bl\u00e5kl\u00e4der Malerhose 1910. Die Shorts hat Werkzeugtaschen und Stretch-Eins\u00e4tze an sorgf\u00e4ltig ausgew\u00e4hlten Stellen f\u00fcr bessere Bewegungsfreiheit und h\u00f6heren Komfort. Durch den hohen Baumwollanteil hat der Stoff eine bessere Absorptionsf\u00e4higkeit. Die Shorts verf\u00fcgt \u00fcber mehrere funktionelle Taschen und eine speziell verst\u00e4rkte Tasche f\u00fcr ein Spachtelmesser. DETAILS: Kunststoff-Reissverschluss im [&hellip;]<\/p>\n","protected":false},"featured_media":582960,"template":"","meta":[],"product_brand":[],"product_cat":[4198],"product_tag":[],"class_list":{"0":"post-582922","1":"product","2":"type-product","3":"status-publish","4":"has-post-thumbnail","6":"product_cat-shorts","7":"pa_brand-blaklaeder","8":"pa_brand-type-workwear","9":"pa_filter-color-schwarz","10":"pa_filter-color-weiss","12":"first","13":"instock","14":"sale","15":"taxable","16":"shipping-taxable","17":"purchasable","18":"product-type-variable","19":"add-to-wishlist-before_image"},"exclude_global_add_ons":[],"addons":[],"acf":[],"_links":{"self":[{"href":"https:\/\/shop.kustom.ch\/fr\/wp-json\/wp\/v2\/product\/582922"}],"collection":[{"href":"https:\/\/shop.kustom.ch\/fr\/wp-json\/wp\/v2\/product"}],"about":[{"href":"https:\/\/shop.kustom.ch\/fr\/wp-json\/wp\/v2\/types\/product"}],"wp:featuredmedia":[{"embeddable":true,"href":"https:\/\/shop.kustom.ch\/fr\/wp-json\/wp\/v2\/media\/582960"}],"wp:attachment":[{"href":"https:\/\/shop.kustom.ch\/fr\/wp-json\/wp\/v2\/media?parent=582922"}],"wp:term":[{"taxonomy":"product_brand","embeddable":true,"href":"https:\/\/shop.kustom.ch\/fr\/wp-json\/wp\/v2\/product_brand?post=582922"},{"taxonomy":"product_cat","embeddable":true,"href":"https:\/\/shop.kustom.ch\/fr\/wp-json\/wp\/v2\/product_cat?post=582922"},{"taxonomy":"product_tag","embeddable":true,"href":"https:\/\/shop.kustom.ch\/fr\/wp-json\/wp\/v2\/product_tag?post=582922"}],"curies":[{"name":"wp","href":"https:\/\/api.w.org\/{rel}","templated":true}]}}