{"id":582901,"date":"2025-03-04T09:44:16","date_gmt":"2025-03-04T08:44:16","guid":{"rendered":"https:\/\/shop.kustom.ch\/?post_type=product&#038;p=582901"},"modified":"2026-03-31T08:36:53","modified_gmt":"2026-03-31T07:36:53","slug":"malerhose-mit-stretch-einsaetzen","status":"publish","type":"product","link":"https:\/\/shop.kustom.ch\/fr\/produit\/malerhose-mit-stretch-einsaetzen\/","title":{"rendered":"Pantalon de peintre avec inserts stretch"},"content":{"rendered":"<p>Pantalon de peintre moderne et confortable avec poches \u00e0 outils, poches genouill\u00e8res ext\u00e9rieures et empi\u00e8cements stretch \u00e0 l'entrejambe, au genou, au fessier et au mollet pour une plus grande flexibilit\u00e9 et un meilleur confort. Gr\u00e2ce \u00e0 sa forte teneur en coton, le tissu a d'excellentes propri\u00e9t\u00e9s d'absorption. Le pantalon poss\u00e8de de nombreuses poches fonctionnelles et une poche renforc\u00e9e sp\u00e9cialement con\u00e7ue pour les outils de peinture. Cette poche et les poches \u00e0 clous sont renforc\u00e9es par du tissu CORDURA\u00ae et les genoux par du CORDURA\u00ae Stretch pour un meilleur confort.<\/p>\n<p>D\u00c9TAILS : fermeture \u00e0 glissi\u00e8re en plastique \u00e0 l'entrejambe. Anneau en D \u00e0 la taille. FONCTIONNALIT\u00c9 : Insert en stretch \u00e0 l'entrejambe, aux genoux, aux hanches et aux mollets. Jambes de pantalon de forme particuli\u00e8rement ergonomique. Jambes de pantalon particuli\u00e8rement ergonomiques. CARACTERISTIQUES PRINCIPALES : Peintre. EN 14004. TISSU : homme. blanc. Poches pour genouill\u00e8res. Hommes . Stretch. Peintre. POCHES : Poches sur les jambes avec soufflet, fermeture \u00e0 glissi\u00e8re, poche pour stylo et couteau. Poches arri\u00e8re. Poche pour t\u00e9l\u00e9phone portable \u00e0 l'int\u00e9rieur. Poches rembourr\u00e9es aux genoux. Poches \u00e0 clous - avec porte-outils adapt\u00e9s aux outils de peintre. Poches lat\u00e9rales. INSTRUCTIONS DE LAVAGE : ne pas essorer. RENFORCEMENT : Renforts en CORDURA\u00ae sur la poche \u00e0 clous, la poche m\u00e8tre et les genoux. CERTIFICATION : EN 14404:2004+A1:2010 avec genouill\u00e8res 4027, 4057, 4058 et 4032.<\/p>\n<p>100% Coton, serg\u00e9, 240 g\/m<\/p>","protected":false},"excerpt":{"rendered":"<p>Moderne und komfortable Malerhose mit Werkzeugtaschen, aussenliegenden Knietaschen und Stretch-Eins\u00e4tzen im Schritt, am Knie, Ges\u00e4ss und im Wadenbereich f\u00fcr h\u00f6here Flexibilit\u00e4t und Komfort. Dank des hohen Baumwollanteils hat der Stoff exzellente Absorbierungseigenschaften. Die Hose besitzt viele funktionelle Taschen und eine speziell entworfene, verst\u00e4rkte Tasche f\u00fcr Malerwerkzeug. Diese Tasche und die Nageltaschen sind mit CORDURA\u00ae Stoff [&hellip;]<\/p>\n","protected":false},"featured_media":582959,"template":"","meta":[],"product_brand":[],"product_cat":[4185],"product_tag":[],"class_list":{"0":"post-582901","1":"product","2":"type-product","3":"status-publish","4":"has-post-thumbnail","6":"product_cat-hosen","7":"pa_brand-blaklaeder","8":"pa_brand-type-workwear","9":"pa_filter-color-schwarz","10":"pa_filter-color-weiss","12":"first","13":"instock","14":"sale","15":"taxable","16":"shipping-taxable","17":"purchasable","18":"product-type-variable","19":"add-to-wishlist-before_image"},"exclude_global_add_ons":[],"addons":[],"acf":[],"_links":{"self":[{"href":"https:\/\/shop.kustom.ch\/fr\/wp-json\/wp\/v2\/product\/582901"}],"collection":[{"href":"https:\/\/shop.kustom.ch\/fr\/wp-json\/wp\/v2\/product"}],"about":[{"href":"https:\/\/shop.kustom.ch\/fr\/wp-json\/wp\/v2\/types\/product"}],"wp:featuredmedia":[{"embeddable":true,"href":"https:\/\/shop.kustom.ch\/fr\/wp-json\/wp\/v2\/media\/582959"}],"wp:attachment":[{"href":"https:\/\/shop.kustom.ch\/fr\/wp-json\/wp\/v2\/media?parent=582901"}],"wp:term":[{"taxonomy":"product_brand","embeddable":true,"href":"https:\/\/shop.kustom.ch\/fr\/wp-json\/wp\/v2\/product_brand?post=582901"},{"taxonomy":"product_cat","embeddable":true,"href":"https:\/\/shop.kustom.ch\/fr\/wp-json\/wp\/v2\/product_cat?post=582901"},{"taxonomy":"product_tag","embeddable":true,"href":"https:\/\/shop.kustom.ch\/fr\/wp-json\/wp\/v2\/product_tag?post=582901"}],"curies":[{"name":"wp","href":"https:\/\/api.w.org\/{rel}","templated":true}]}}