{"id":582877,"date":"2025-03-04T09:43:39","date_gmt":"2025-03-04T08:43:39","guid":{"rendered":"https:\/\/shop.kustom.ch\/?post_type=product&#038;p=582877"},"modified":"2026-03-31T08:36:46","modified_gmt":"2026-03-31T07:36:46","slug":"boxershorts-2er-pack-2","status":"publish","type":"product","link":"https:\/\/shop.kustom.ch\/fr\/produit\/boxershorts-2er-pack-2\/","title":{"rendered":"Boxers, paquet de 2"},"content":{"rendered":"<p>D\u00c9TAILS : \u00c9tiquette de taille imprim\u00e9e. \u00c9lastique \u00e0 la taille avec logo Bl\u00e5kl\u00e4der. TYPE DE CAPACIT\u00c9 PRINCIPALE : ma\u00e7on \/ carreleur. Hommes . Homme. TISSU : noir. Accessoires. INSTRUCTIONS DE LAVAGE : Ne pas essorer. CONDITIONNEMENT : Pack de 2 pi\u00e8ces<\/p>\n<p>92% coton, 8% \u00e9lasthanne, single jersey, 160g\/m<\/p>","protected":false},"excerpt":{"rendered":"<p>DETAILS: Gedrucktes Gr\u00f6ssenetikett. Gummizug an der Taille mit Bl\u00e5kl\u00e4der Logo. HAUPTEIGENSCHAFTEN: Maurer \/ Fliesenleger. Herren. Herren. STOFF: schwarz. Zubeh\u00f6r. WASCHANLEITUNG: Nicht schleudern. VERPACKUNG: 2er-Pack 92% Baumwolle, 8% Elastan, Single Jersey, 160g\/m\u00b2<\/p>","protected":false},"featured_media":582925,"template":"","meta":[],"product_brand":[],"product_cat":[4206],"product_tag":[],"class_list":{"0":"post-582877","1":"product","2":"type-product","3":"status-publish","4":"has-post-thumbnail","6":"product_cat-underwear","7":"pa_brand-blaklaeder","8":"pa_brand-type-workwear","9":"pa_filter-color-schwarz","11":"first","12":"instock","13":"sale","14":"taxable","15":"shipping-taxable","16":"purchasable","17":"product-type-variable","18":"add-to-wishlist-before_image"},"exclude_global_add_ons":[],"addons":[],"acf":[],"_links":{"self":[{"href":"https:\/\/shop.kustom.ch\/fr\/wp-json\/wp\/v2\/product\/582877"}],"collection":[{"href":"https:\/\/shop.kustom.ch\/fr\/wp-json\/wp\/v2\/product"}],"about":[{"href":"https:\/\/shop.kustom.ch\/fr\/wp-json\/wp\/v2\/types\/product"}],"wp:featuredmedia":[{"embeddable":true,"href":"https:\/\/shop.kustom.ch\/fr\/wp-json\/wp\/v2\/media\/582925"}],"wp:attachment":[{"href":"https:\/\/shop.kustom.ch\/fr\/wp-json\/wp\/v2\/media?parent=582877"}],"wp:term":[{"taxonomy":"product_brand","embeddable":true,"href":"https:\/\/shop.kustom.ch\/fr\/wp-json\/wp\/v2\/product_brand?post=582877"},{"taxonomy":"product_cat","embeddable":true,"href":"https:\/\/shop.kustom.ch\/fr\/wp-json\/wp\/v2\/product_cat?post=582877"},{"taxonomy":"product_tag","embeddable":true,"href":"https:\/\/shop.kustom.ch\/fr\/wp-json\/wp\/v2\/product_tag?post=582877"}],"curies":[{"name":"wp","href":"https:\/\/api.w.org\/{rel}","templated":true}]}}