{"id":582854,"date":"2025-03-04T09:43:05","date_gmt":"2025-03-04T08:43:05","guid":{"rendered":"https:\/\/shop.kustom.ch\/?post_type=product&#038;p=582854"},"modified":"2026-03-31T08:36:45","modified_gmt":"2026-03-31T07:36:45","slug":"unterhose-xwarm","status":"publish","type":"product","link":"https:\/\/shop.kustom.ch\/fr\/produit\/unterhose-xwarm\/","title":{"rendered":"Cale\u00e7on XWARM"},"content":{"rendered":"<p>Ce v\u00eatement multifonctionnel offre tout ce que l'on peut attendre d'un Baselayer. XWARM r\u00e9gule la temp\u00e9rature de votre corps et vous garde au chaud et au sec, m\u00eame par grand froid. Le mat\u00e9riau se compose d'une couche int\u00e9rieure en polypropyl\u00e8ne tricot\u00e9 en canal qui \u00e9vacue l'humidit\u00e9 du corps vers la couche ext\u00e9rieure, o\u00f9 elle est absorb\u00e9e par la laine m\u00e9rinos. Temp\u00e9rature recommand\u00e9e -20\u00b0C \u00e0 -35\u00b0C. Restez au chaud et au sec - m\u00eame si vous travaillez sur place dans un froid glacial, par exemple !<\/p>\n<p>FERMETURE : Manchettes au bas des jambes. D\u00c9TAILS : \u00c9tiquette \u00e0 l'ext\u00e9rieur. \u00c9lastique \u00e0 la taille. FONCTIONNALIT\u00c9 : Temp\u00e9rature recommand\u00e9e -20\u00b0C \u00e0 -35\u00b0C. CARACTERISTIQUES PRINCIPALES : manutentionnaire. Hommes . Homme. TISSU : Hommes. Noir. Laine m\u00e9rinos. Hommes . Vent \/ humidit\u00e9 \/ froid. Int\u00e9rieur en tissu \u00e9ponge. Int\u00e9rieur en tissu \u00e9ponge. Vent \/ humidit\u00e9 \/ froid. INSTRUCTIONS DE LAVAGE : utiliser une lessive pour laine. Ne pas essorer.<\/p>\n<p>70% laine m\u00e9rinos, 30% polypropyl\u00e8ne, tricot c\u00f4tel\u00e9, r\u00e9gulation de l'humidit\u00e9, 275 g\/m<\/p>","protected":false},"excerpt":{"rendered":"<p>Diese Multifunktionskleidung bietet alles, was man von einem Baselayer erwarten kann. XWARM reguliert Ihre K\u00f6rpertemperatur und h\u00e4lt auch bei extremer K\u00e4lte warm und trocken. Das Material besteht aus einer Innenschicht aus Kanalstrick-Polypropylen, das Feuchtigkeit vom K\u00f6rper in die Aussenschicht ableitet, wo sie von der Merinowolle absorbiert wird. Empfohlene Temperatur -20\u00b0C bis -35\u00b0C. Bleiben Sie warm [&hellip;]<\/p>\n","protected":false},"featured_media":582900,"template":"","meta":[],"product_brand":[],"product_cat":[4206],"product_tag":[],"class_list":{"0":"post-582854","1":"product","2":"type-product","3":"status-publish","4":"has-post-thumbnail","6":"product_cat-underwear","7":"pa_brand-blaklaeder","8":"pa_brand-type-workwear","9":"pa_filter-color-schwarz","11":"first","12":"instock","13":"sale","14":"taxable","15":"shipping-taxable","16":"purchasable","17":"product-type-variable","18":"add-to-wishlist-before_image"},"exclude_global_add_ons":[],"addons":[],"acf":[],"_links":{"self":[{"href":"https:\/\/shop.kustom.ch\/fr\/wp-json\/wp\/v2\/product\/582854"}],"collection":[{"href":"https:\/\/shop.kustom.ch\/fr\/wp-json\/wp\/v2\/product"}],"about":[{"href":"https:\/\/shop.kustom.ch\/fr\/wp-json\/wp\/v2\/types\/product"}],"wp:featuredmedia":[{"embeddable":true,"href":"https:\/\/shop.kustom.ch\/fr\/wp-json\/wp\/v2\/media\/582900"}],"wp:attachment":[{"href":"https:\/\/shop.kustom.ch\/fr\/wp-json\/wp\/v2\/media?parent=582854"}],"wp:term":[{"taxonomy":"product_brand","embeddable":true,"href":"https:\/\/shop.kustom.ch\/fr\/wp-json\/wp\/v2\/product_brand?post=582854"},{"taxonomy":"product_cat","embeddable":true,"href":"https:\/\/shop.kustom.ch\/fr\/wp-json\/wp\/v2\/product_cat?post=582854"},{"taxonomy":"product_tag","embeddable":true,"href":"https:\/\/shop.kustom.ch\/fr\/wp-json\/wp\/v2\/product_tag?post=582854"}],"curies":[{"name":"wp","href":"https:\/\/api.w.org\/{rel}","templated":true}]}}