{"id":582853,"date":"2025-03-04T09:43:05","date_gmt":"2025-03-04T08:43:05","guid":{"rendered":"https:\/\/shop.kustom.ch\/?post_type=product&#038;p=582853"},"modified":"2026-03-31T08:36:44","modified_gmt":"2026-03-31T07:36:44","slug":"unterhose-warm-2","status":"publish","type":"product","link":"https:\/\/shop.kustom.ch\/fr\/produit\/unterhose-warm-2\/","title":{"rendered":"Cale\u00e7on CHAUD"},"content":{"rendered":"<p>Ce v\u00eatement double fonction associe les propri\u00e9t\u00e9s d'\u00e9vacuation de l'humidit\u00e9 des sous-v\u00eatements synth\u00e9tiques \u00e0 la capacit\u00e9 d'isolation thermique de la laine m\u00e9rinos. Le sous-v\u00eatement chaud est compos\u00e9 de deux couches qui assurent l'\u00e9vacuation de l'humidit\u00e9 loin du corps vers la couche ext\u00e9rieure, o\u00f9 elle est absorb\u00e9e par la laine m\u00e9rinos aux fibres fines.Parfait pour une utilisation par temps froid, -5\u00b0C \u00e0 -30\u00b0C.<\/p>\n<p>FERMETURE : Manchettes au bas des jambes. D\u00c9TAILS : \u00c9tiquette \u00e0 l'ext\u00e9rieur. \u00c9lastique \u00e0 la taille. FONCTIONNALIT\u00c9 : Temp\u00e9rature recommand\u00e9e -5\u00b0C \u00e0 -30\u00b0C. CARACTERISTIQUES PRINCIPALES : Artisan. Hommes . Homme. TISSU : Hommes. Noir. Laine m\u00e9rinos. Hommes . Vent \/ humidit\u00e9 \/ froid. Tricot c\u00f4tel\u00e9 \u00e0 l'int\u00e9rieur. Tricot \u00e0 c\u00f4tes \u00e0 l'int\u00e9rieur. Vent \/ humidit\u00e9 \/ froid. INSTRUCTIONS DE LAVAGE : utiliser une lessive pour laine. Ne pas essorer.<\/p>\n<p>50 % laine m\u00e9rinos, 50 % polypropyl\u00e8ne, tricot c\u00f4tel\u00e9, r\u00e9gulation de l'humidit\u00e9, 235 g\/m<\/p>","protected":false},"excerpt":{"rendered":"<p>Diese Doppelfunktionskleidung verbindet die feuchtigkeitsableitenden Eigenschaften von Synthetik-Unterw\u00e4sche mit dem W\u00e4rmeisolationsverm\u00f6gen der Merinowolle. Das warme Unterzieh-Unterteil besteht aus zwei Schichten, die f\u00fcr den Abtransport der Feuchtigkeit weg vom K\u00f6rper in die Aussenschicht sorgen, wo sie von der feinfaserigen Merinowolle absorbiert wird.Perfekt f\u00fcr den Einsatz an k\u00e4lteren Tagen, -5\u00b0C bis -30\u00b0C. ABSCHLUSS: Manschetten an den Beinabschl\u00fcssen. [&hellip;]<\/p>\n","protected":false},"featured_media":582899,"template":"","meta":[],"product_brand":[],"product_cat":[4206],"product_tag":[],"class_list":{"0":"post-582853","1":"product","2":"type-product","3":"status-publish","4":"has-post-thumbnail","6":"product_cat-underwear","7":"pa_brand-blaklaeder","8":"pa_brand-type-workwear","9":"pa_filter-color-schwarz","11":"first","12":"instock","13":"sale","14":"taxable","15":"shipping-taxable","16":"purchasable","17":"product-type-variable","18":"add-to-wishlist-before_image"},"exclude_global_add_ons":[],"addons":[],"acf":[],"_links":{"self":[{"href":"https:\/\/shop.kustom.ch\/fr\/wp-json\/wp\/v2\/product\/582853"}],"collection":[{"href":"https:\/\/shop.kustom.ch\/fr\/wp-json\/wp\/v2\/product"}],"about":[{"href":"https:\/\/shop.kustom.ch\/fr\/wp-json\/wp\/v2\/types\/product"}],"wp:featuredmedia":[{"embeddable":true,"href":"https:\/\/shop.kustom.ch\/fr\/wp-json\/wp\/v2\/media\/582899"}],"wp:attachment":[{"href":"https:\/\/shop.kustom.ch\/fr\/wp-json\/wp\/v2\/media?parent=582853"}],"wp:term":[{"taxonomy":"product_brand","embeddable":true,"href":"https:\/\/shop.kustom.ch\/fr\/wp-json\/wp\/v2\/product_brand?post=582853"},{"taxonomy":"product_cat","embeddable":true,"href":"https:\/\/shop.kustom.ch\/fr\/wp-json\/wp\/v2\/product_cat?post=582853"},{"taxonomy":"product_tag","embeddable":true,"href":"https:\/\/shop.kustom.ch\/fr\/wp-json\/wp\/v2\/product_tag?post=582853"}],"curies":[{"name":"wp","href":"https:\/\/api.w.org\/{rel}","templated":true}]}}