{"id":582832,"date":"2025-03-04T09:43:00","date_gmt":"2025-03-04T08:43:00","guid":{"rendered":"https:\/\/shop.kustom.ch\/?post_type=product&#038;p=582832"},"modified":"2026-03-31T08:36:42","modified_gmt":"2026-03-31T07:36:42","slug":"flammschutz-unterhose-78-merinowolle","status":"publish","type":"product","link":"https:\/\/shop.kustom.ch\/fr\/produit\/flammschutz-unterhose-78-merinowolle\/","title":{"rendered":"Cale\u00e7on ignifug\u00e9, 78% laine m\u00e9rinos"},"content":{"rendered":"<p>Cale\u00e7on ignifug\u00e9 en laine m\u00e9rinos de haute qualit\u00e9. La meilleure qualit\u00e9 en termes de mat\u00e9riaux et de fabrication garantit toutes les exigences d'un bon sous-v\u00eatement. En plus de sa coupe ergonomique et de ses propri\u00e9t\u00e9s de protection, ce sous-v\u00eatement a la capacit\u00e9 unique de conserver la chaleur, aussi bien dans un environnement humide que sec. Ils conviennent parfaitement aux environnements int\u00e9rieurs et ext\u00e9rieurs. Lavable sur cycle d\u00e9licat \u00e0 60\u00baC. Certifi\u00e9 selon EN 1149-5, EN ISO 11612 A1, B1, C1 et IEC 61482-2, classe 1. EBT 7,3 cal\/cm\u00b2, HAF : 78,6%.<\/p>\n<p>FERMETURE : Manchettes au bas des jambes. D\u00c9TAILS : \u00c9tiquettes de certification ext\u00e9rieures. Coutures contrast\u00e9es. \u00c9lastique \u00e0 la taille. CARACTERISTIQUES PRINCIPALES : Artisan. Homme. Homme. IEC 61482-2. TISSU : noir. En laine. Protection contre les flammes. Anti-flamme \/ multi-normes. CONDITION DE LAVAGE : S\u00e8che-linge - bas. CERTIFICATION : EN 1149-5. ISO 11612 A1, B1, C1. IEC 61482-2, classe 1. IEC 61482-2, APC 1<\/p>\n<p>78% laine, 20% modacrylique, 2% antistatique, interlock m\u00e9rinos, ignifug\u00e9, antistatique, 225 g\/m<\/p>","protected":false},"excerpt":{"rendered":"<p>Flammschutz Unterhose aus hoch qualitativer Merinowolle. Die beste Qualit\u00e4t in Bezug auf Material undVerarbeitung garantiert alle Anforderungen von guter Unterw\u00e4sche. Neben einer ergonomischen Passform und denSchutzeigenschaften hat diese Unterw\u00e4sche die einzigartige F\u00e4higkeit die W\u00e4rmezu halten, sowohl in nasser als auch in trockener Umgebung. Sie ist ideal geeignet f\u00fcr Umgebungen drinnen unddraussen. Zu waschen im Schonwaschgang [&hellip;]<\/p>\n","protected":false},"featured_media":582875,"template":"","meta":[],"product_brand":[],"product_cat":[4206],"product_tag":[],"class_list":{"0":"post-582832","1":"product","2":"type-product","3":"status-publish","4":"has-post-thumbnail","6":"product_cat-underwear","7":"pa_brand-blaklaeder","8":"pa_brand-type-workwear","9":"pa_filter-color-schwarz","11":"first","12":"instock","13":"sale","14":"taxable","15":"shipping-taxable","16":"purchasable","17":"product-type-variable","18":"add-to-wishlist-before_image"},"exclude_global_add_ons":[],"addons":[],"acf":[],"_links":{"self":[{"href":"https:\/\/shop.kustom.ch\/fr\/wp-json\/wp\/v2\/product\/582832"}],"collection":[{"href":"https:\/\/shop.kustom.ch\/fr\/wp-json\/wp\/v2\/product"}],"about":[{"href":"https:\/\/shop.kustom.ch\/fr\/wp-json\/wp\/v2\/types\/product"}],"wp:featuredmedia":[{"embeddable":true,"href":"https:\/\/shop.kustom.ch\/fr\/wp-json\/wp\/v2\/media\/582875"}],"wp:attachment":[{"href":"https:\/\/shop.kustom.ch\/fr\/wp-json\/wp\/v2\/media?parent=582832"}],"wp:term":[{"taxonomy":"product_brand","embeddable":true,"href":"https:\/\/shop.kustom.ch\/fr\/wp-json\/wp\/v2\/product_brand?post=582832"},{"taxonomy":"product_cat","embeddable":true,"href":"https:\/\/shop.kustom.ch\/fr\/wp-json\/wp\/v2\/product_cat?post=582832"},{"taxonomy":"product_tag","embeddable":true,"href":"https:\/\/shop.kustom.ch\/fr\/wp-json\/wp\/v2\/product_tag?post=582832"}],"curies":[{"name":"wp","href":"https:\/\/api.w.org\/{rel}","templated":true}]}}