{"id":582661,"date":"2025-03-04T09:40:45","date_gmt":"2025-03-04T08:40:45","guid":{"rendered":"https:\/\/shop.kustom.ch\/?post_type=product&#038;p=582661"},"modified":"2026-03-31T08:36:41","modified_gmt":"2026-03-31T07:36:41","slug":"high-vis-winter-latzhose","status":"publish","type":"product","link":"https:\/\/shop.kustom.ch\/fr\/produit\/high-vis-winter-latzhose\/","title":{"rendered":"Salopette d'hiver haute visibilit\u00e9"},"content":{"rendered":"<p>Pantalon d'hiver doubl\u00e9 avec coutures soud\u00e9es, fabriqu\u00e9 dans un mat\u00e9riau durable et solide. Le pantalon est disponible en deux mat\u00e9riaux diff\u00e9rents, \u00e0 savoir en 1900 Bibernylon, qui est tr\u00e8s durable et hydrofuge, et en 1977, qui est respirant et poss\u00e8de une membrane coupe-vent. Au total, un pantalon d'hiver tr\u00e8s fonctionnel. Bandes r\u00e9fl\u00e9chissantes de 65 mm de large Certifi\u00e9 EN471 classe 2, EN342 Protection contre le froid.<\/p>\n<p>FERMETURE : Bas de jambe avec fermeture \u00e0 glissi\u00e8re. D\u00c9TAILS : Poche pour carte d'identit\u00e9 escamotable. Boucle pour marteau sur le c\u00f4t\u00e9. Bretelles amovibles avec \u00e9lastique. Boutons-pression en m\u00e9tal. Passants, dont un avec anneau en D. Jupe pare-neige avec fermeture velcro et bouton. Taille haute \u00e0 l'arri\u00e8re. FONCTIONNALIT\u00c9 : Mat\u00e9riau coupe-vent &amp; imperm\u00e9able avec respirabilit\u00e9, coutures soud\u00e9es. CARACT\u00c9RISTIQUES PRINCIPALES : Artisan. EN ISO 20471. R\u00c9FLEXE : bandes r\u00e9fl\u00e9chissantes de 65 mm de large. TISSU : pour hommes. Jaune haute visibilit\u00e9. Imperm\u00e9able. Protection haute visibilit\u00e9. POCHES : Poche sur la jambe avec soufflet. Poche arri\u00e8re avec soufflet et rabat avec fermeture velcro. Poches pour genouill\u00e8res. Les poches \u00e0 clous en CORDURA\u00ae sont vendues s\u00e9par\u00e9ment (2183). Poches lat\u00e9rales avec doublure en polaire. Poche m\u00e8tre avec porte couteau et poche stylo. INSTRUCTIONS DE LAVAGE : Nombre de lavages : 20. Ne pas blanchir. RENFORCEMENT : Renforc\u00e9 en CORDURA\u00ae au niveau des genoux. CERTIFICATION : EN 14404:2004+A1:2010 ensemble avec genouill\u00e8res 4027, 4057, 4058 et 4032. EN 342 ensemble avec 4426, 4827, 4851, 4819 et 4870. EN 343, classe 3.1. EN ISO 20471, classe 2. ACCESSOIRES : Article 2183<\/p>\n<p>70% polyester, 30% coton, serg\u00e9, ext\u00e9rieur hydrofuge, 230g\/m<\/p>","protected":false},"excerpt":{"rendered":"<p>Gef\u00fctterte Winterhose mit verschweissten N\u00e4hten aus langlebigem, festen Material. Die Hose ist in zwei verschiedenen Materialien erh\u00e4ltlich, n\u00e4mlich in 1900 Bibernylon, das sehr langlebig und wasserabweisend ist und in 1977-Material, das atmungsaktiv ist und eine winddichte Membrane hat. Insgesamt eine hochfunktionelle Winterhose. 65 mm breite Reflexstreifen Zertifiziert nach EN471 Klasse 2, EN342 Schutz gegen K\u00e4lte. [&hellip;]<\/p>\n","protected":false},"featured_media":582698,"template":"","meta":[],"product_brand":[],"product_cat":[4185],"product_tag":[],"class_list":{"0":"post-582661","1":"product","2":"type-product","3":"status-publish","4":"has-post-thumbnail","6":"product_cat-hosen","7":"pa_brand-blaklaeder","8":"pa_brand-type-workwear","9":"pa_filter-color-blau","10":"pa_filter-color-gelb","11":"pa_filter-color-grau","12":"pa_filter-color-orange","13":"pa_filter-color-rot","14":"pa_filter-color-schwarz","16":"first","17":"instock","18":"sale","19":"taxable","20":"shipping-taxable","21":"purchasable","22":"product-type-variable","23":"add-to-wishlist-before_image"},"exclude_global_add_ons":[],"addons":[],"acf":[],"_links":{"self":[{"href":"https:\/\/shop.kustom.ch\/fr\/wp-json\/wp\/v2\/product\/582661"}],"collection":[{"href":"https:\/\/shop.kustom.ch\/fr\/wp-json\/wp\/v2\/product"}],"about":[{"href":"https:\/\/shop.kustom.ch\/fr\/wp-json\/wp\/v2\/types\/product"}],"wp:featuredmedia":[{"embeddable":true,"href":"https:\/\/shop.kustom.ch\/fr\/wp-json\/wp\/v2\/media\/582698"}],"wp:attachment":[{"href":"https:\/\/shop.kustom.ch\/fr\/wp-json\/wp\/v2\/media?parent=582661"}],"wp:term":[{"taxonomy":"product_brand","embeddable":true,"href":"https:\/\/shop.kustom.ch\/fr\/wp-json\/wp\/v2\/product_brand?post=582661"},{"taxonomy":"product_cat","embeddable":true,"href":"https:\/\/shop.kustom.ch\/fr\/wp-json\/wp\/v2\/product_cat?post=582661"},{"taxonomy":"product_tag","embeddable":true,"href":"https:\/\/shop.kustom.ch\/fr\/wp-json\/wp\/v2\/product_tag?post=582661"}],"curies":[{"name":"wp","href":"https:\/\/api.w.org\/{rel}","templated":true}]}}