{"id":582625,"date":"2025-03-04T09:40:37","date_gmt":"2025-03-04T08:40:37","guid":{"rendered":"https:\/\/shop.kustom.ch\/?post_type=product&#038;p=582625"},"modified":"2026-03-31T08:36:30","modified_gmt":"2026-03-31T07:36:30","slug":"multinorm-arbeitshose-shell","status":"publish","type":"product","link":"https:\/\/shop.kustom.ch\/fr\/produit\/multinorm-arbeitshose-shell\/","title":{"rendered":"Pantalon de travail Multinorm Shell"},"content":{"rendered":"<p>Un pantalon Shell de haute qualit\u00e9 et sans m\u00e9tal en High Vis, qui est intrins\u00e8quement ignifuge. Ce pantalon ol\u00e9ophobe, antisalissant et imperm\u00e9able, qui peut \u00eatre utilis\u00e9 comme v\u00eatement en couches, est \u00e0 la fois r\u00e9sistant au vent et \u00e0 l'eau et dispose de coutures soud\u00e9es, ce qui permet de travailler sans probl\u00e8me avec lui dans tous les environnements expos\u00e9s aux intemp\u00e9ries. Les bretelles sont amovibles et peuvent \u00eatre ajust\u00e9es selon les besoins. Le mat\u00e9riau du pantalon Shell est fin, tr\u00e8s souple et ne contient pas de polyester. Le pantalon est dot\u00e9 d'un dos rallong\u00e9, d'une poche m\u00e8tre, de poches sur les jambes et de poches genouill\u00e8res avec renforts CORDURA\u00ae\/Kevlar\u00ae\/Protal\u00ae. Certifi\u00e9 selon les normes EN 1149-5, EN 14404, EN 13034. EN ISO 20471. EN 343. EN ISO 11611. EN ISO 11612. IEC 61482-2.<\/p>\n<p>FERMETURE : Bas de jambes r\u00e9glables avec jupe pare-neige amovible. D\u00c9TAILS : Poche d'identification amovible pour les v\u00eatements ignifuges. \u00c9tiquettes de certification ext\u00e9rieures. Bretelles r\u00e9glables et amovibles avec \u00e9lastique. Boutons en plastique. Coutures soud\u00e9es. Fermeture \u00e9clair en plastique \u00e0 l'entrejambe. Passants pour la ceinture. Taille haute \u00e0 l'arri\u00e8re. FONCTIONNALIT\u00c9 : R\u00e9sistant \u00e0 l'huile, \u00e0 la salet\u00e9 et \u00e0 l'eau. TRAVAILLEURS PRINCIPAUX : Travailleurs de la route et du b\u00e2timent. EN ISO 11611. REFLEX : Bandes r\u00e9fl\u00e9chissantes de transfert ignifuges interrompues. TISSU : pour hommes. Jaune haute visibilit\u00e9. Sans m\u00e9tal. Protection contre les flammes. POCHES : Poche sur la jambe avec soufflet et rabat. Poches ext\u00e9rieures pour genouill\u00e8res. Poches avant avec rabat et bouton-pression. Poche m\u00e8tre avec poche couteau et poche stylo. INSTRUCTIONS DE LAVAGE : Ne pas essorer. RENFORCEMENT : Renforc\u00e9 \u00e0 l'ourlet. CERTIFICATION : EN 1149-5. EN 13034 PB (6). EN 14404:2004+A1:2010 avec genouill\u00e8res 4027, 4057, 4058 et 4032. EN 343, classe 4,3. ATPV - 21 cal\/cm\u00b2. EN ISO 11611 classe 2 , A1+A2. EN ISO 11612 A1, A2, B1, C1, D1, E3, F1. EN ISO 20471, classe 2<\/p>\n<p>59% viscose, 40% modacrylique, 1% antistatique, enduit, imperm\u00e9able 16.000mm, coupe-vent, respirant Ret 12,6, 250 g\/m<\/p>","protected":false},"excerpt":{"rendered":"<p>Eine hochwertige und metallfreie Shell Hose aus High Vis, die inh\u00e4rent flammhemmend ist. Die \u00f6l-, schmutz- und wasserabweisende Hose, welche als Kleidungsst\u00fcck im Lagen-Prinzip genutzt werden kann, ist sowohl wind- als auch wasserfest und verf\u00fcgt \u00fcber verschweisste N\u00e4hte, so dass man mit ihr problemlos in allen wetterexponierten Umgebungen arbeiten kann. Die Hosentr\u00e4ger sind abnehmbar und [&hellip;]<\/p>\n","protected":false},"featured_media":582665,"template":"","meta":[],"product_brand":[],"product_cat":[4185],"product_tag":[],"class_list":{"0":"post-582625","1":"product","2":"type-product","3":"status-publish","4":"has-post-thumbnail","6":"product_cat-hosen","7":"pa_brand-blaklaeder","8":"pa_brand-type-workwear","9":"pa_filter-color-blau","10":"pa_filter-color-gelb","12":"first","13":"instock","14":"sale","15":"taxable","16":"shipping-taxable","17":"purchasable","18":"product-type-variable","19":"add-to-wishlist-before_image"},"exclude_global_add_ons":[],"addons":[],"acf":[],"_links":{"self":[{"href":"https:\/\/shop.kustom.ch\/fr\/wp-json\/wp\/v2\/product\/582625"}],"collection":[{"href":"https:\/\/shop.kustom.ch\/fr\/wp-json\/wp\/v2\/product"}],"about":[{"href":"https:\/\/shop.kustom.ch\/fr\/wp-json\/wp\/v2\/types\/product"}],"wp:featuredmedia":[{"embeddable":true,"href":"https:\/\/shop.kustom.ch\/fr\/wp-json\/wp\/v2\/media\/582665"}],"wp:attachment":[{"href":"https:\/\/shop.kustom.ch\/fr\/wp-json\/wp\/v2\/media?parent=582625"}],"wp:term":[{"taxonomy":"product_brand","embeddable":true,"href":"https:\/\/shop.kustom.ch\/fr\/wp-json\/wp\/v2\/product_brand?post=582625"},{"taxonomy":"product_cat","embeddable":true,"href":"https:\/\/shop.kustom.ch\/fr\/wp-json\/wp\/v2\/product_cat?post=582625"},{"taxonomy":"product_tag","embeddable":true,"href":"https:\/\/shop.kustom.ch\/fr\/wp-json\/wp\/v2\/product_tag?post=582625"}],"curies":[{"name":"wp","href":"https:\/\/api.w.org\/{rel}","templated":true}]}}