{"id":582600,"date":"2025-03-04T09:40:02","date_gmt":"2025-03-04T08:40:02","guid":{"rendered":"https:\/\/shop.kustom.ch\/?post_type=product&#038;p=582600"},"modified":"2026-03-31T08:36:29","modified_gmt":"2026-03-31T07:36:29","slug":"flammschutz-unterhose-wolle","status":"publish","type":"product","link":"https:\/\/shop.kustom.ch\/fr\/produit\/flammschutz-unterhose-wolle\/","title":{"rendered":"Cale\u00e7on ignifug\u00e9, laine"},"content":{"rendered":"<p>Un cale\u00e7on \u00e9pais en laine ignifug\u00e9e, id\u00e9al comme couche de base sous les shell. Elle a une excellente capacit\u00e9 de r\u00e9tention de la chaleur et est assortie \u00e0 la veste ignifuge Bl\u00e5kl\u00e4der 4793 du m\u00eame mat\u00e9riau. Certifi\u00e9 selon les normes EN 1149-5, EN ISO 11612, IEC 61482-2.<\/p>\n<p>FERMETURE : Manchettes au bas des jambes. D\u00c9TAILS : \u00c9tiquettes de certification ext\u00e9rieures. \u00c9lastique \u00e0 la taille. CARACTERISTIQUES PRINCIPALES : EN 1149-5. TISSU : Homme. noir. Protection contre les flammes. INSTRUCTIONS DE LAVAGE : ne pas essorer. CERTIFICATION : EN 1149-5. EN ISO 11612 A1, B2, C2, F2. IEC 61482-2, APC 1<\/p>\n<p>79% Laine, 19% Modacrylique, 2% Antistatique, laine m\u00e9rinos, tricot Terry, ignifug\u00e9, antistatique 390 g\/m<\/p>","protected":false},"excerpt":{"rendered":"<p>Eine dicke, flammhemmende Unterhose aus Wolle, ideal als Basisschicht unter Shell. Sie hat einen ausgezeichneten W\u00e4rmespeicher und passt zur Bl\u00e5kl\u00e4der Flammschutzjacke 4793 aus demselben Material. Zertifiziert nach EN 1149-5, EN ISO 11612, IEC 61482-2. ABSCHLUSS: Manschetten an den Beinabschl\u00fcssen. DETAILS: Aussenliegende Zertifizierungsetiketten. Gummizug an der Taille. HAUPTEIGENSCHAFTEN: EN 1149-5. STOFF: Herren. schwarz. Flammschutz. WASCHANLEITUNG: Nicht [&hellip;]<\/p>\n","protected":false},"featured_media":582607,"template":"","meta":[],"product_brand":[],"product_cat":[4206],"product_tag":[],"class_list":{"0":"post-582600","1":"product","2":"type-product","3":"status-publish","4":"has-post-thumbnail","6":"product_cat-underwear","7":"pa_brand-blaklaeder","8":"pa_brand-type-workwear","9":"pa_filter-color-schwarz","11":"first","12":"instock","13":"sale","14":"taxable","15":"shipping-taxable","16":"purchasable","17":"product-type-variable","18":"add-to-wishlist-before_image"},"exclude_global_add_ons":[],"addons":[],"acf":[],"_links":{"self":[{"href":"https:\/\/shop.kustom.ch\/fr\/wp-json\/wp\/v2\/product\/582600"}],"collection":[{"href":"https:\/\/shop.kustom.ch\/fr\/wp-json\/wp\/v2\/product"}],"about":[{"href":"https:\/\/shop.kustom.ch\/fr\/wp-json\/wp\/v2\/types\/product"}],"wp:featuredmedia":[{"embeddable":true,"href":"https:\/\/shop.kustom.ch\/fr\/wp-json\/wp\/v2\/media\/582607"}],"wp:attachment":[{"href":"https:\/\/shop.kustom.ch\/fr\/wp-json\/wp\/v2\/media?parent=582600"}],"wp:term":[{"taxonomy":"product_brand","embeddable":true,"href":"https:\/\/shop.kustom.ch\/fr\/wp-json\/wp\/v2\/product_brand?post=582600"},{"taxonomy":"product_cat","embeddable":true,"href":"https:\/\/shop.kustom.ch\/fr\/wp-json\/wp\/v2\/product_cat?post=582600"},{"taxonomy":"product_tag","embeddable":true,"href":"https:\/\/shop.kustom.ch\/fr\/wp-json\/wp\/v2\/product_tag?post=582600"}],"curies":[{"name":"wp","href":"https:\/\/api.w.org\/{rel}","templated":true}]}}