{"id":582558,"date":"2025-03-04T09:39:53","date_gmt":"2025-03-04T08:39:53","guid":{"rendered":"https:\/\/shop.kustom.ch\/?post_type=product&#038;p=582558"},"modified":"2026-03-31T08:36:28","modified_gmt":"2026-03-31T07:36:28","slug":"high-vis-shell-arbeitshose-2","status":"publish","type":"product","link":"https:\/\/shop.kustom.ch\/fr\/produit\/high-vis-shell-arbeitshose-2\/","title":{"rendered":"Pantalon de travail High Vis Shell"},"content":{"rendered":"<p>Un pantalon de travail Shell haute visibilit\u00e9 de classe 1 l\u00e9g\u00e8rement doubl\u00e9 avec des coutures scell\u00e9es pour la protection contre le froid, le vent et l'humidit\u00e9. Il poss\u00e8de des bretelles r\u00e9glables et amovibles, un \u00e9lastique \u00e0 la taille, des poches ext\u00e9rieures pour les genoux, des passants pour marteau \u00e0 fermeture velcro et une jupe pare-neige. Des poches \u00e0 clous amovibles 2170 peuvent \u00eatre ajout\u00e9es, vendues s\u00e9par\u00e9ment. Disponible en tailles extra longues ST, MT, LT, XLT, XXLT, XXXLT, 4XLT (+4cm par rapport aux tailles r\u00e9guli\u00e8res) et en tailles extra courtes XXSS, XSS, SS, MS, LS, XLS, XXLS, XXXLS, 4XLS (-4cm par rapport aux tailles r\u00e9guli\u00e8res).<\/p>\n<p>FERMETURE : Ceinture r\u00e9glable avec fermeture velcro. Bas de jambe r\u00e9glable avec fermeture \u00e0 glissi\u00e8re et Velcro. D\u00c9TAILS : Poche pour carte d'identit\u00e9 amovible. Bretelles amovibles avec \u00e9lastique. Mousqueton en m\u00e9tal. Fermeture \u00e0 glissi\u00e8re en plastique \u00e0 l'entrejambe. Deux boucles avec velcro sur les c\u00f4t\u00e9s pour les porte-marteaux. Jupe pare-neige avec fermeture velcro et bouton. Taille haute \u00e0 l'arri\u00e8re. FONCTIONNALIT\u00c9 : Mat\u00e9riau imperm\u00e9able au vent &amp; \u00e0 l'eau avec respirabilit\u00e9, coutures soud\u00e9es. Jambes de pantalon de forme particuli\u00e8rement ergonomique. LIMITATION DE LA TAILLE : pour obtenir diff\u00e9rentes longueurs de jambes int\u00e9rieures, nous proposons le 1877 en trois longueurs. Taille L : LS=court 78cm, L=82cm, LT=long 86cm. Pour plus de clart\u00e9, voir le tableau des tailles. TRAVAILLEURS PRINCIPAUX : Travailleurs de la route et du b\u00e2timent. EN ISO 20471. REFLEX : Mat\u00e9riel r\u00e9fl\u00e9chissant tout autour des jambes. SYMBOLS : Water proof 3. POCHES : Poche sur la jambe avec soufflet, rabat et poche pour t\u00e9l\u00e9phone portable. Poche arri\u00e8re avec fermeture \u00e9clair. Poches pour genouill\u00e8res. Poches \u00e0 clous en CORDURA\u00ae vendues s\u00e9par\u00e9ment (art. 2170). Poches de rangement avec fermeture \u00e9clair et doublure en polaire. Poche m\u00e8tre avec porte couteau et poche stylo. INSTRUCTIONS DE LAVAGE : Nombre de lavages : 25. 40\u00b0 C. RENFORCEMENT : Renforc\u00e9 en CORDURA\u00ae au niveau des genoux. CERTIFICATION : EN 14404:2004+A1:2010 ensemble avec genouill\u00e8res 4027, 4057, 4058 et 4032. EN 343, classe 4,4. Groupe de certification W. ACCESSOIRES : Article 2170<\/p>\n<p>100% Polyester, Oxford, enduit, imperm\u00e9able 15.000 mm, coupe-vent, respirant Ret 8,5, 200g\/m<\/p>","protected":false},"excerpt":{"rendered":"<p>Eine leicht gef\u00fctterte Shell High Vis Arbeitshose der Klasse 1 mit versiegelten N\u00e4hten zum Schutz vor K\u00e4lte, Wind und N\u00e4sse. Sie besitzt verstellbare, abnehmbare Hosentr\u00e4ger, einen Gummizug in der Taille, Kniepolstertaschen aussen, Klettverschluss-Hammerschlaufen und einen Schneefang. Abnehmbare Nageltaschen 2170 k\u00f6nnen hinzugef\u00fcgt werden, separat erh\u00e4ltlich. Erh\u00e4ltlich in extra langen Gr\u00f6ssen ST, MT, LT, XLT, XXLT, XXXLT, [&hellip;]<\/p>\n","protected":false},"featured_media":582606,"template":"","meta":[],"product_brand":[],"product_cat":[4185],"product_tag":[],"class_list":{"0":"post-582558","1":"product","2":"type-product","3":"status-publish","4":"has-post-thumbnail","6":"product_cat-hosen","7":"pa_brand-blaklaeder","8":"pa_brand-type-workwear","9":"pa_filter-color-blau","10":"pa_filter-color-gelb","11":"pa_filter-color-schwarz","13":"first","14":"instock","15":"sale","16":"taxable","17":"shipping-taxable","18":"purchasable","19":"product-type-variable","20":"add-to-wishlist-before_image"},"exclude_global_add_ons":[],"addons":[],"acf":[],"_links":{"self":[{"href":"https:\/\/shop.kustom.ch\/fr\/wp-json\/wp\/v2\/product\/582558"}],"collection":[{"href":"https:\/\/shop.kustom.ch\/fr\/wp-json\/wp\/v2\/product"}],"about":[{"href":"https:\/\/shop.kustom.ch\/fr\/wp-json\/wp\/v2\/types\/product"}],"wp:featuredmedia":[{"embeddable":true,"href":"https:\/\/shop.kustom.ch\/fr\/wp-json\/wp\/v2\/media\/582606"}],"wp:attachment":[{"href":"https:\/\/shop.kustom.ch\/fr\/wp-json\/wp\/v2\/media?parent=582558"}],"wp:term":[{"taxonomy":"product_brand","embeddable":true,"href":"https:\/\/shop.kustom.ch\/fr\/wp-json\/wp\/v2\/product_brand?post=582558"},{"taxonomy":"product_cat","embeddable":true,"href":"https:\/\/shop.kustom.ch\/fr\/wp-json\/wp\/v2\/product_cat?post=582558"},{"taxonomy":"product_tag","embeddable":true,"href":"https:\/\/shop.kustom.ch\/fr\/wp-json\/wp\/v2\/product_tag?post=582558"}],"curies":[{"name":"wp","href":"https:\/\/api.w.org\/{rel}","templated":true}]}}