{"id":582455,"date":"2025-03-04T09:38:45","date_gmt":"2025-03-04T08:38:45","guid":{"rendered":"https:\/\/shop.kustom.ch\/?post_type=product&#038;p=582455"},"modified":"2026-03-31T08:36:27","modified_gmt":"2026-03-31T07:36:27","slug":"high-vis-winterhose","status":"publish","type":"product","link":"https:\/\/shop.kustom.ch\/fr\/produit\/high-vis-winterhose\/","title":{"rendered":"Pantalon d'hiver haute visibilit\u00e9"},"content":{"rendered":"<p>Un pantalon d'hiver de classe 2 \u00e0 haute visibilit\u00e9, chaudement doubl\u00e9 et \u00e9tanche au vent et \u00e0 l'eau, avec des coutures scell\u00e9es, fabriqu\u00e9 dans un mat\u00e9riau robuste et durable. Il offre la meilleure visibilit\u00e9 possible lorsque vous en avez le plus besoin et poss\u00e8de des poches ext\u00e9rieures pour les genouill\u00e8res. Le pantalon a des pare-neige ouvrables aux chevilles et des bretelles amovibles. Vous pouvez y ajouter des poches \u00e0 clous amovibles 2170, vendues s\u00e9par\u00e9ment. Disponible en tailles extra longues ST, MT, LT, XLT, XXLT, XXXLT, 4XLT (+4cm par rapport aux tailles r\u00e9guli\u00e8res) et en tailles extra courtes XXSS, XSS, SS, MS, LS, XLS, XXLS, XXXLS, 4XLS (-4cm par rapport aux tailles r\u00e9guli\u00e8res).<\/p>\n<p>FERMETURE : Ceinture r\u00e9glable avec fermeture velcro. Bas de jambe r\u00e9glable avec fermeture \u00e0 glissi\u00e8re et Velcro. D\u00c9TAILS : Poche pour carte d'identit\u00e9 amovible. Bretelles amovibles avec \u00e9lastique. Mousqueton en m\u00e9tal. Fermeture \u00e0 glissi\u00e8re en plastique \u00e0 l'entrejambe. Deux boucles avec velcro sur les c\u00f4t\u00e9s pour les porte-marteaux. Jupe pare-neige avec fermeture velcro et bouton. Taille haute \u00e0 l'arri\u00e8re. FONCTIONNALIT\u00c9 : Mat\u00e9riau imperm\u00e9able au vent &amp; \u00e0 l'eau avec respirabilit\u00e9, coutures soud\u00e9es. Jambes de pantalon de forme particuli\u00e8rement ergonomique. LIMITATION DE LA TAILLE : pour obtenir diff\u00e9rentes longueurs de jambes int\u00e9rieures, nous proposons le 1875 en trois longueurs. Taille L : LS=court 78cm, L=82cm, LT=long 86cm. Pour plus de clart\u00e9, voir le tableau des tailles. CARACT\u00c9RISTIQUES PRINCIPALES : Jardinier. EN ISO 20471. REFLEX : Bandes r\u00e9fl\u00e9chissantes de transfert de 50 mm de large. SYMBOLES : Cordons de serrage tap\u00e9s. POCHES : Poche sur la jambe avec soufflet, rabat et poche pour t\u00e9l\u00e9phone portable. Poche arri\u00e8re avec fermeture \u00e9clair. Poches pour genouill\u00e8res. Supports pr\u00e9form\u00e9s pour poches \u00e0 clous amovibles. Poches de rangement avec fermeture \u00e9clair et doublure en polaire. Poche pour m\u00e8tre pliant avec porte-couteau et poche pour stylo. INSTRUCTIONS DE LAVAGE : Nombre de lavages : 25. Ne pas repasser. RENFORCEMENT : Renforts CORDURA\u00ae aux extr\u00e9mit\u00e9s des jambes. CERTIFICATION : EN 14404:2004+A1:2010 avec les genouill\u00e8res 4027, 4057, 4058 et 4032. Certifi\u00e9 EN 342 avec les articles 4480, 4470, 4485, 4456, 4455, 4457. EN 343, classe 4,1. groupe de certification Y. ACCESSOIRES : Article 2170<\/p>\n<p>100% Polyester, Oxford, enduit, imperm\u00e9able 15.000 mm, coupe-vent, respirant Ret 8,5, 200g\/m<\/p>","protected":false},"excerpt":{"rendered":"<p>Eine warm gef\u00fctterte, wind- und wasserdichte Winterhose der High Vis Klasse 2 mit versiegelten N\u00e4hten aus einem robusten, langlebigen Material. Sie bietet die bestm\u00f6gliche Sichtbarkeit, wenn Sie sie am meisten brauchen und hat aussenliegende Kniepolstertaschen. Die Hose hat zu \u00f6ffnende Schneef\u00e4nge an den Kn\u00f6cheln und abnehmbare Hosentr\u00e4ger. Sie k\u00f6nnen die abnehmbaren Nageltaschen 2170 anbringen, die [&hellip;]<\/p>\n","protected":false},"featured_media":582482,"template":"","meta":[],"product_brand":[],"product_cat":[4185],"product_tag":[],"class_list":{"0":"post-582455","1":"product","2":"type-product","3":"status-publish","4":"has-post-thumbnail","6":"product_cat-hosen","7":"pa_brand-blaklaeder","8":"pa_brand-type-workwear","9":"pa_filter-color-blau","10":"pa_filter-color-gelb","11":"pa_filter-color-orange","12":"pa_filter-color-rot","13":"pa_filter-color-schwarz","15":"first","16":"instock","17":"sale","18":"taxable","19":"shipping-taxable","20":"purchasable","21":"product-type-variable","22":"add-to-wishlist-before_image"},"exclude_global_add_ons":[],"addons":[],"acf":[],"_links":{"self":[{"href":"https:\/\/shop.kustom.ch\/fr\/wp-json\/wp\/v2\/product\/582455"}],"collection":[{"href":"https:\/\/shop.kustom.ch\/fr\/wp-json\/wp\/v2\/product"}],"about":[{"href":"https:\/\/shop.kustom.ch\/fr\/wp-json\/wp\/v2\/types\/product"}],"wp:featuredmedia":[{"embeddable":true,"href":"https:\/\/shop.kustom.ch\/fr\/wp-json\/wp\/v2\/media\/582482"}],"wp:attachment":[{"href":"https:\/\/shop.kustom.ch\/fr\/wp-json\/wp\/v2\/media?parent=582455"}],"wp:term":[{"taxonomy":"product_brand","embeddable":true,"href":"https:\/\/shop.kustom.ch\/fr\/wp-json\/wp\/v2\/product_brand?post=582455"},{"taxonomy":"product_cat","embeddable":true,"href":"https:\/\/shop.kustom.ch\/fr\/wp-json\/wp\/v2\/product_cat?post=582455"},{"taxonomy":"product_tag","embeddable":true,"href":"https:\/\/shop.kustom.ch\/fr\/wp-json\/wp\/v2\/product_tag?post=582455"}],"curies":[{"name":"wp","href":"https:\/\/api.w.org\/{rel}","templated":true}]}}