{"id":582396,"date":"2025-03-04T09:38:05","date_gmt":"2025-03-04T08:38:05","guid":{"rendered":"https:\/\/shop.kustom.ch\/?post_type=product&#038;p=582396"},"modified":"2026-03-31T08:36:18","modified_gmt":"2026-03-31T07:36:18","slug":"multinorm-winter-arbeitshose","status":"publish","type":"product","link":"https:\/\/shop.kustom.ch\/fr\/produit\/multinorm-winter-arbeitshose\/","title":{"rendered":"Pantalon de travail d'hiver Multinorm"},"content":{"rendered":"<p>Le pantalon de travail Multinorm Winter offre une protection maximale lors de travaux dans des conditions extr\u00eames. Il est compos\u00e9 d'un mat\u00e9riau robuste et de solutions de poches intelligentes. Poches renforc\u00e9es pour genouill\u00e8res en CORDURA\u00ae\/Kevlar\u00ae. Certifi\u00e9 selon les normes EN ISO 20471, EN 1149-5, IEC 61482-2, EN 342, EN ISO 11612, EN ISO 11611, EN 13034 PB (6). ATPV : 43,0 cal\/cm\u00b2.<\/p>\n<p>D\u00c9TAILS : poche d'identification amovible pour les v\u00eatements ignifuges. \u00c9tiquettes de certification ext\u00e9rieures. Fermeture \u00e0 glissi\u00e8re m\u00e9tallique \u00e0 l'entrejambe. Passants, dont un avec anneau en D. FONCTIONNALIT\u00c9 : Doublure chaude. CARACT\u00c9RISTIQUES PRINCIPALES : Artisan. EN ISO 11611. REFLEX : Bandes r\u00e9fl\u00e9chissantes ignifuges avec doubles coutures. TISSU : Homme. Orange haute visibilit\u00e9. Protection contre les flammes. POCHES : Poche sur la jambe avec soufflet, poche pour t\u00e9l\u00e9phone portable et poche pour stylo. Poches avant en biais. INSTRUCTIONS DE LAVAGE : Ne pas blanchir. RENFORCEMENT : CORDURA\u00ae\/Kevlar\u00ae\/Protal\u00ae - renforc\u00e9 aux genoux. CERTIFICATION : EN 1149-5. EN 13034 PB (6). EN 342 avec 4069-1514, 4784-1516 et 4961-1516. EN ISO 11611, classe 1 A1+A2. EN ISO 11612 A1, A2, B1, C1, E1, F1. EN ISO 20471, classe 1. IEC 61482-2, APC 2<\/p>\n<p>40% modacrylique, 24% FR viscose, 20% polyester, 10% coton, 4% aramide, 2% antistatique, double tissage, ignifug\u00e9, antistatique, 310 g\/m<\/p>","protected":false},"excerpt":{"rendered":"<p>Die Multinorm Winter Arbeitshose bietet maximalen Schutz bei Arbeiten in extremen Bedingungen. Sie besteht aus einem robusten Material und hat intelligente Taschenl\u00f6sungen. Verst\u00e4rkte Kniepolstertaschen aus CORDURA\u00ae\/Kevlar\u00ae. Zertifiziert nach EN ISO 20471, EN 1149-5, IEC 61482-2, EN 342, EN ISO 11612, EN ISO 11611, EN 13034 PB (6). ATPV: 43,0 cal\/cm\u00b2. DETAILS: Abnehmbare Ausweistasche f\u00fcr Flammschutz-Kleidung. [&hellip;]<\/p>\n","protected":false},"featured_media":582444,"template":"","meta":[],"product_brand":[],"product_cat":[4185],"product_tag":[],"class_list":{"0":"post-582396","1":"product","2":"type-product","3":"status-publish","4":"has-post-thumbnail","6":"product_cat-hosen","7":"pa_brand-blaklaeder","8":"pa_brand-type-workwear","9":"pa_filter-color-blau","10":"pa_filter-color-gelb","11":"pa_filter-color-orange","13":"first","14":"instock","15":"sale","16":"taxable","17":"shipping-taxable","18":"purchasable","19":"product-type-variable","20":"add-to-wishlist-before_image"},"exclude_global_add_ons":[],"addons":[],"acf":[],"_links":{"self":[{"href":"https:\/\/shop.kustom.ch\/fr\/wp-json\/wp\/v2\/product\/582396"}],"collection":[{"href":"https:\/\/shop.kustom.ch\/fr\/wp-json\/wp\/v2\/product"}],"about":[{"href":"https:\/\/shop.kustom.ch\/fr\/wp-json\/wp\/v2\/types\/product"}],"wp:featuredmedia":[{"embeddable":true,"href":"https:\/\/shop.kustom.ch\/fr\/wp-json\/wp\/v2\/media\/582444"}],"wp:attachment":[{"href":"https:\/\/shop.kustom.ch\/fr\/wp-json\/wp\/v2\/media?parent=582396"}],"wp:term":[{"taxonomy":"product_brand","embeddable":true,"href":"https:\/\/shop.kustom.ch\/fr\/wp-json\/wp\/v2\/product_brand?post=582396"},{"taxonomy":"product_cat","embeddable":true,"href":"https:\/\/shop.kustom.ch\/fr\/wp-json\/wp\/v2\/product_cat?post=582396"},{"taxonomy":"product_tag","embeddable":true,"href":"https:\/\/shop.kustom.ch\/fr\/wp-json\/wp\/v2\/product_tag?post=582396"}],"curies":[{"name":"wp","href":"https:\/\/api.w.org\/{rel}","templated":true}]}}