{"id":582187,"date":"2025-03-04T09:34:24","date_gmt":"2025-03-04T08:34:24","guid":{"rendered":"https:\/\/shop.kustom.ch\/?post_type=product&#038;p=582187"},"modified":"2026-03-31T08:36:07","modified_gmt":"2026-03-31T07:36:07","slug":"high-vis-arbeitshose-3","status":"publish","type":"product","link":"https:\/\/shop.kustom.ch\/fr\/produit\/high-vis-arbeitshose-3\/","title":{"rendered":"Pantalon de travail haute visibilit\u00e9"},"content":{"rendered":"<p>Pantalon d'hiver haute visibilit\u00e9 confortable et doubl\u00e9, fabriqu\u00e9 dans un mat\u00e9riau durable, r\u00e9sistant \u00e0 l'eau et aux salissures. Le pantalon a des poches avant inclin\u00e9es, une poche sur la jambe avec soufflet et de grandes poches sur la jambe qui offrent de la place pour des documents et des stylos. La poche de jambe droite assure un confort optimal et une utilisation parfaite. Le pantalon a des genoux pr\u00e9form\u00e9s et des poches int\u00e9rieures pour les genouill\u00e8res. Le pantalon d'hiver durable parfait ! Certifi\u00e9 selon EN 471\/EN 20471 classe 1.<\/p>\n<p>D\u00c9TAILS : Passants, dont un avec anneau en D. FONCTIONNALIT\u00c9 : Jambes de pantalon particuli\u00e8rement ergonomiques. CARACT\u00c9RISTIQUES PRINCIPALES : Artisan. EN 342. REFLEX : Mat\u00e9riau r\u00e9fl\u00e9chissant tout autour des jambes. TISSU : Hommes. Jaune haute visibilit\u00e9. Hydrofuge. Protection haute visibilit\u00e9. POCHES : Poche sur la jambe avec poche pour crayon et poche pour t\u00e9l\u00e9phone portable. Poches arri\u00e8re. Poches rembourr\u00e9es aux genoux \u00e0 l'int\u00e9rieur. Poches lat\u00e9rales. INSTRUCTIONS DE LAVAGE : Couleur 55XX\/XX55 - Lavage \u00e0 domicile selon EN ISO 20471. Ne pas repasser. CERTIFICATION : EN 14404:2004+A1:2010 ensemble avec genouill\u00e8res 4027 et 4057. EN 342 ensemble avec art. 4862. EN ISO 20471, classe 1. ACCESSOIRES : Article 2162<\/p>\n<p>65% polyester, 35% coton, serg\u00e9, ext\u00e9rieur hydrofuge, 240g\/m<\/p>","protected":false},"excerpt":{"rendered":"<p>Bequeme und gef\u00fctterte High Vis Winterhose aus einem langlebigen, wasser- und schmutzabweisenden Material. Die Hose hat angeschr\u00e4gte Fronttaschen, Beintasche mit Balg und grossr\u00e4umige Beintaschen, die Platz bieten f\u00fcr Dokumente und Stifte. Die rechte Beintasche sorgt f\u00fcr optimalen Komfort und perfekte Nutzung. Die Hose hat vorgeformte Knie und innenliegende Kniepolstertaschen. Die perfekte langlebige Winterhose! Zertifiziert nach [&hellip;]<\/p>\n","protected":false},"featured_media":582237,"template":"","meta":[],"product_brand":[],"product_cat":[4185],"product_tag":[],"class_list":{"0":"post-582187","1":"product","2":"type-product","3":"status-publish","4":"has-post-thumbnail","6":"product_cat-hosen","7":"pa_brand-blaklaeder","8":"pa_brand-type-workwear","9":"pa_filter-color-blau","10":"pa_filter-color-gelb","11":"pa_filter-color-orange","12":"pa_filter-color-rot","13":"pa_filter-color-schwarz","15":"first","16":"instock","17":"sale","18":"taxable","19":"shipping-taxable","20":"purchasable","21":"product-type-variable","22":"add-to-wishlist-before_image"},"exclude_global_add_ons":[],"addons":[],"acf":[],"_links":{"self":[{"href":"https:\/\/shop.kustom.ch\/fr\/wp-json\/wp\/v2\/product\/582187"}],"collection":[{"href":"https:\/\/shop.kustom.ch\/fr\/wp-json\/wp\/v2\/product"}],"about":[{"href":"https:\/\/shop.kustom.ch\/fr\/wp-json\/wp\/v2\/types\/product"}],"wp:featuredmedia":[{"embeddable":true,"href":"https:\/\/shop.kustom.ch\/fr\/wp-json\/wp\/v2\/media\/582237"}],"wp:attachment":[{"href":"https:\/\/shop.kustom.ch\/fr\/wp-json\/wp\/v2\/media?parent=582187"}],"wp:term":[{"taxonomy":"product_brand","embeddable":true,"href":"https:\/\/shop.kustom.ch\/fr\/wp-json\/wp\/v2\/product_brand?post=582187"},{"taxonomy":"product_cat","embeddable":true,"href":"https:\/\/shop.kustom.ch\/fr\/wp-json\/wp\/v2\/product_cat?post=582187"},{"taxonomy":"product_tag","embeddable":true,"href":"https:\/\/shop.kustom.ch\/fr\/wp-json\/wp\/v2\/product_tag?post=582187"}],"curies":[{"name":"wp","href":"https:\/\/api.w.org\/{rel}","templated":true}]}}