{"id":582168,"date":"2025-03-04T09:34:20","date_gmt":"2025-03-04T08:34:20","guid":{"rendered":"https:\/\/shop.kustom.ch\/?post_type=product&#038;p=582168"},"modified":"2026-03-31T08:36:00","modified_gmt":"2026-03-31T07:36:00","slug":"unterhose-warm","status":"publish","type":"product","link":"https:\/\/shop.kustom.ch\/fr\/produit\/unterhose-warm\/","title":{"rendered":"Cale\u00e7on CHAUD"},"content":{"rendered":"<p>Cette couche de base chauffante garde le corps au chaud et au sec par temps froid. Les zones de chaleur se trouvent \u00e0 l'arri\u00e8re et sur les c\u00f4t\u00e9s, l\u00e0 o\u00f9 le froid p\u00e9n\u00e8tre le plus rapidement. La couche de base est compos\u00e9e de 100 % de laine m\u00e9rinos qui te garde au chaud et au sec gr\u00e2ce \u00e0 une excellente isolation thermique et \u00e0 l'\u00e9vacuation de l'humidit\u00e9. Temp\u00e9rature recommand\u00e9e -5\u00b0C \u00e0 -30\u00b0C. Pas de froid au travail ! Restez au chaud et au sec dans les environnements froids !<\/p>\n<p>FERMETURE : Manchettes au bas des jambes. D\u00c9TAILS : Coutures contrast\u00e9es. \u00c9lastique \u00e0 la taille. FONCTIONNALIT\u00c9 : Temp\u00e9rature recommand\u00e9e -5\u00b0C \u00e0 -30\u00b0C. CARACTERISTIQUES PRINCIPALES : Hommes. TISSU : hommes. noir. Vent \/ humidit\u00e9 \/ froid. INSTRUCTIONS DE LAVAGE : utiliser une lessive pour laine. Ne pas essorer.<\/p>\n<p>100% Laine, m\u00e9rinos, tricot c\u00f4tel\u00e9, r\u00e9gulation de l'humidit\u00e9, 200 g\/m<\/p>","protected":false},"excerpt":{"rendered":"<p>Diese w\u00e4rmende Basislage h\u00e4lt den K\u00f6rper warm und trocken bei kaltem Wetter. W\u00e4rmezonen befinden sich an der R\u00fcckseite und an den Seiten, wo die K\u00e4lte am schnellsten eindringt. Die Basislage besteht aus 100 % Merinowolle, die Sie dank ausgezeichneter W\u00e4rmeisolierung und Feuchtigkeitsableitung warm und trocken h\u00e4lt. Empfohlene Temperatur -5\u00b0C bis -30\u00b0C. Kein Frieren bei der [&hellip;]<\/p>\n","protected":false},"featured_media":582214,"template":"","meta":[],"product_brand":[],"product_cat":[4206],"product_tag":[],"class_list":{"0":"post-582168","1":"product","2":"type-product","3":"status-publish","4":"has-post-thumbnail","6":"product_cat-underwear","7":"pa_brand-blaklaeder","8":"pa_brand-type-workwear","9":"pa_filter-color-grau","10":"pa_filter-color-schwarz","12":"first","13":"instock","14":"sale","15":"taxable","16":"shipping-taxable","17":"purchasable","18":"product-type-variable","19":"add-to-wishlist-before_image"},"exclude_global_add_ons":[],"addons":[],"acf":[],"_links":{"self":[{"href":"https:\/\/shop.kustom.ch\/fr\/wp-json\/wp\/v2\/product\/582168"}],"collection":[{"href":"https:\/\/shop.kustom.ch\/fr\/wp-json\/wp\/v2\/product"}],"about":[{"href":"https:\/\/shop.kustom.ch\/fr\/wp-json\/wp\/v2\/types\/product"}],"wp:featuredmedia":[{"embeddable":true,"href":"https:\/\/shop.kustom.ch\/fr\/wp-json\/wp\/v2\/media\/582214"}],"wp:attachment":[{"href":"https:\/\/shop.kustom.ch\/fr\/wp-json\/wp\/v2\/media?parent=582168"}],"wp:term":[{"taxonomy":"product_brand","embeddable":true,"href":"https:\/\/shop.kustom.ch\/fr\/wp-json\/wp\/v2\/product_brand?post=582168"},{"taxonomy":"product_cat","embeddable":true,"href":"https:\/\/shop.kustom.ch\/fr\/wp-json\/wp\/v2\/product_cat?post=582168"},{"taxonomy":"product_tag","embeddable":true,"href":"https:\/\/shop.kustom.ch\/fr\/wp-json\/wp\/v2\/product_tag?post=582168"}],"curies":[{"name":"wp","href":"https:\/\/api.w.org\/{rel}","templated":true}]}}