{"id":582144,"date":"2025-03-04T09:33:44","date_gmt":"2025-03-04T08:33:44","guid":{"rendered":"https:\/\/shop.kustom.ch\/?post_type=product&#038;p=582144"},"modified":"2026-03-31T08:35:53","modified_gmt":"2026-03-31T07:35:53","slug":"unterhose-xlight-100-merinowolle","status":"publish","type":"product","link":"https:\/\/shop.kustom.ch\/fr\/produit\/unterhose-xlight-100-merinowolle\/","title":{"rendered":"Cale\u00e7on XLIGHT, 100% laine m\u00e9rinos"},"content":{"rendered":"<p>Cale\u00e7on long fin et souple avec genoux renforc\u00e9s en laine m\u00e9rinos 100% qui tient chaud et sec toute l'ann\u00e9e. Le mat\u00e9riau est compos\u00e9 de laine m\u00e9rinos extra-fine qui offre une bonne isolation avec d'excellentes propri\u00e9t\u00e9s de transport et de r\u00e9gulation de la temp\u00e9rature. Recommand\u00e9 pour les temp\u00e9ratures comprises entre +10\u00b0C et -10\u00b0C.<\/p>\n<p>DETAILS : Coutures contrast\u00e9es. \u00c9lastique \u00e0 la taille avec logo Bl\u00e5kl\u00e4der. FONCTIONNALIT\u00c9 : Temp\u00e9rature recommand\u00e9e de +10\u00b0C \u00e0 -10\u00b0C. Principales caract\u00e9ristiques : hommes. TISSU : Hommes. Gris. Vent \/ humidit\u00e9 \/ froid. INSTRUCTIONS DE LAVAGE : utiliser une lessive pour laine. 40\u00b0 C - doux. RENFORCEMENT : genoux renforc\u00e9s<\/p>\n<p>100% Laine m\u00e9rinos, jersey simple, 160 g\/m<\/p>","protected":false},"excerpt":{"rendered":"<p>D\u00fcnne und nachgiebige lange Unterhose mit verst\u00e4rkten Knien aus 100% Merinowolle die das ganze Jahr warm und trocken h\u00e4lt. Das Material besteht aus extra d\u00fcnner Merinowolle, die gute Isolation mit exzellenten Transport- und Temperaturregulierungs Eigenschaften. Empfohlen bei Temperaturen zwischen +10\u00b0C und -10\u00b0C. DETAILS: Kontrastn\u00e4hte. Gummizug an der Taille mit Bl\u00e5kl\u00e4der Logo. FUNKTIONALIT\u00c4T: Empfohlene Temperatur +10\u00b0C [&hellip;]<\/p>\n","protected":false},"featured_media":582191,"template":"","meta":[],"product_brand":[],"product_cat":[4206],"product_tag":[],"class_list":{"0":"post-582144","1":"product","2":"type-product","3":"status-publish","4":"has-post-thumbnail","6":"product_cat-underwear","7":"pa_brand-blaklaeder","8":"pa_brand-type-workwear","9":"pa_filter-color-gelb","10":"pa_filter-color-grau","12":"first","13":"instock","14":"sale","15":"taxable","16":"shipping-taxable","17":"purchasable","18":"product-type-variable","19":"add-to-wishlist-before_image"},"exclude_global_add_ons":[],"addons":[],"acf":[],"_links":{"self":[{"href":"https:\/\/shop.kustom.ch\/fr\/wp-json\/wp\/v2\/product\/582144"}],"collection":[{"href":"https:\/\/shop.kustom.ch\/fr\/wp-json\/wp\/v2\/product"}],"about":[{"href":"https:\/\/shop.kustom.ch\/fr\/wp-json\/wp\/v2\/types\/product"}],"wp:featuredmedia":[{"embeddable":true,"href":"https:\/\/shop.kustom.ch\/fr\/wp-json\/wp\/v2\/media\/582191"}],"wp:attachment":[{"href":"https:\/\/shop.kustom.ch\/fr\/wp-json\/wp\/v2\/media?parent=582144"}],"wp:term":[{"taxonomy":"product_brand","embeddable":true,"href":"https:\/\/shop.kustom.ch\/fr\/wp-json\/wp\/v2\/product_brand?post=582144"},{"taxonomy":"product_cat","embeddable":true,"href":"https:\/\/shop.kustom.ch\/fr\/wp-json\/wp\/v2\/product_cat?post=582144"},{"taxonomy":"product_tag","embeddable":true,"href":"https:\/\/shop.kustom.ch\/fr\/wp-json\/wp\/v2\/product_tag?post=582144"}],"curies":[{"name":"wp","href":"https:\/\/api.w.org\/{rel}","templated":true}]}}