{"id":581906,"date":"2025-03-04T09:30:39","date_gmt":"2025-03-04T08:30:39","guid":{"rendered":"https:\/\/shop.kustom.ch\/?post_type=product&#038;p=581906"},"modified":"2026-03-31T08:30:28","modified_gmt":"2026-03-31T07:30:28","slug":"high-vis-arbeitshose-mit-stretch","status":"publish","type":"product","link":"https:\/\/shop.kustom.ch\/fr\/produit\/high-vis-arbeitshose-mit-stretch\/","title":{"rendered":"Pantalon de travail haute visibilit\u00e9 avec stretch"},"content":{"rendered":"<p>Pantalon de travail haute visibilit\u00e9 avec empi\u00e8cements stretch \u00e0 l'entrejambe, aux hanches et poches genouill\u00e8res en CORDURA\u00ae stretch pour un confort optimal. Certifi\u00e9 selon la norme EN ISO 20471, classe 1. Poches pour genouill\u00e8res assorties aux genouill\u00e8res 4027.<\/p>\n<p>D\u00c9TAILS : fermeture \u00e0 glissi\u00e8re en plastique \u00e0 l'entrejambe. Anneau en D \u00e0 la taille. FONCTIONNALIT\u00c9 : Inserts stretch \u00e0 l'entrejambe, aux genoux et au fessier. Jambes de pantalon particuli\u00e8rement ergonomiques. TRAVAILLEURS PRINCIPAUX : Travailleurs de la route et du b\u00e2timent. EN 14004. REFLEX : bandes r\u00e9fl\u00e9chissantes de 65 mm de large. TISSU : Hommes. Bleu. Empi\u00e8cement en stretch. Tissu stretch. POCHES : Poches sur la jambe avec soufflet, fermeture \u00e0 glissi\u00e8re, poche pour stylo et couteau. Poches arri\u00e8re. Poche pour t\u00e9l\u00e9phone portable \u00e0 l'int\u00e9rieur. Poches rembourr\u00e9es aux genoux \u00e0 l'int\u00e9rieur. Poches lat\u00e9rales. INSTRUCTIONS DE LAVAGE : Nombre de lavages : 50. Ne pas blanchir. RENFORCEMENT : Poches de genouill\u00e8res renforc\u00e9es en Cordura\u00ae Stretch. CERTIFICATION : EN 14404:2004+A1:2010 avec genouill\u00e8res 4027, 4057, 4058 et 4032. EN ISO 20471, classe 1.<\/p>\n<p>65% polyester, 35% coton, serg\u00e9, ext\u00e9rieur hydrofuge, 240g\/m<\/p>","protected":false},"excerpt":{"rendered":"<p>High Vis Arbeitshose mit Stretch Eins\u00e4tzen im Schritt, an der H\u00fcfte und Kniepolstertaschen aus CORDURA\u00ae Stretch f\u00fcr optimalen Komfort. Zertifiziert nach EN ISO 20471, Klasse 1. Kniepolstertasche passend zu Kniepolster 4027. DETAILS: Kunststoff-Reissverschluss im Schritt. D-Ring am Bund. FUNKTIONALIT\u00c4T: Stretch-Eins\u00e4tze im Schritt, den Knien und am Ges\u00e4ss. Besonders ergonomisch geformte Hosenbeine. HAUPTEIGENSCHAFTEN: Strassen- und Bauarbeiter. [&hellip;]<\/p>\n","protected":false},"featured_media":581943,"template":"","meta":[],"product_brand":[],"product_cat":[4185],"product_tag":[],"class_list":{"0":"post-581906","1":"product","2":"type-product","3":"status-publish","4":"has-post-thumbnail","6":"product_cat-hosen","7":"pa_brand-blaklaeder","8":"pa_brand-type-workwear","9":"pa_filter-color-blau","10":"pa_filter-color-gelb","11":"pa_filter-color-grau","12":"pa_filter-color-orange","13":"pa_filter-color-rot","14":"pa_filter-color-schwarz","16":"first","17":"instock","18":"sale","19":"taxable","20":"shipping-taxable","21":"purchasable","22":"product-type-variable","23":"add-to-wishlist-before_image"},"exclude_global_add_ons":[],"addons":[],"acf":[],"_links":{"self":[{"href":"https:\/\/shop.kustom.ch\/fr\/wp-json\/wp\/v2\/product\/581906"}],"collection":[{"href":"https:\/\/shop.kustom.ch\/fr\/wp-json\/wp\/v2\/product"}],"about":[{"href":"https:\/\/shop.kustom.ch\/fr\/wp-json\/wp\/v2\/types\/product"}],"wp:featuredmedia":[{"embeddable":true,"href":"https:\/\/shop.kustom.ch\/fr\/wp-json\/wp\/v2\/media\/581943"}],"wp:attachment":[{"href":"https:\/\/shop.kustom.ch\/fr\/wp-json\/wp\/v2\/media?parent=581906"}],"wp:term":[{"taxonomy":"product_brand","embeddable":true,"href":"https:\/\/shop.kustom.ch\/fr\/wp-json\/wp\/v2\/product_brand?post=581906"},{"taxonomy":"product_cat","embeddable":true,"href":"https:\/\/shop.kustom.ch\/fr\/wp-json\/wp\/v2\/product_cat?post=581906"},{"taxonomy":"product_tag","embeddable":true,"href":"https:\/\/shop.kustom.ch\/fr\/wp-json\/wp\/v2\/product_tag?post=581906"}],"curies":[{"name":"wp","href":"https:\/\/api.w.org\/{rel}","templated":true}]}}