{"id":581866,"date":"2025-03-04T09:30:03","date_gmt":"2025-03-04T08:30:03","guid":{"rendered":"https:\/\/shop.kustom.ch\/?post_type=product&#038;p=581866"},"modified":"2026-03-31T08:30:19","modified_gmt":"2026-03-31T07:30:19","slug":"sweathose","status":"publish","type":"product","link":"https:\/\/shop.kustom.ch\/fr\/produit\/sweathose\/","title":{"rendered":"Pantalon de sweat"},"content":{"rendered":"<p>Ce pantalon en tissu sweat certifi\u00e9 est un choix parfait pour tous ceux qui travaillent dans le secteur des transports. Le pantalon a une poche sur la jambe avec une patte de fermeture, une poche arri\u00e8re et une poche pour t\u00e9l\u00e9phone portable avec fermeture \u00e9clair \u00e0 l'int\u00e9rieur de la poche lat\u00e9rale. Poignets \u00e0 la cheville. Certifi\u00e9 selon la norme EN ISO 20471, classe 1.<\/p>\n<p>FERMETURE : Ceinture \u00e0 c\u00f4tes. Manchettes au bas des jambes. D\u00c9TAILS : \u00c9lastique et cordon de serrage \u00e0 la taille. FONCTIONNALIT\u00c9 : Coutures minimales. Coupe d\u00e9contract\u00e9e. CARACT\u00c9RISTIQUES PRINCIPALES : Conducteur. EN ISO 20471. R\u00c9FLEXE : bandes r\u00e9fl\u00e9chissantes de transfert de 50 mm de large. TISSU : Hommes. Jaune. Tissu stretch. Transport. POCHES : Poche sur la jambe avec soufflet et rabat. Poche arri\u00e8re avec soufflet. Poches lat\u00e9rales, une avec poche int\u00e9rieure pour t\u00e9l\u00e9phone portable avec fermeture \u00e9clair. INSTRUCTIONS DE LAVAGE : Nombre de lavages : 25. Ne pas repasser. CERTIFICATION : EN ISO 20471, classe 1<\/p>\n<p>100% Polyester, molleton piqu\u00e9, bross\u00e9 d'un c\u00f4t\u00e9, 260 g\/m<\/p>","protected":false},"excerpt":{"rendered":"<p>Die Hose aus zertifiziertem Sweatstoff ist eine perfekte Wahl f\u00fcr alle, die im Transportgewerbe arbeiten. Die Hose hat eine Beintasche mit einer Schliesslasche, eine Ges\u00e4sstasche und eine Handytasche mit Reissverschluss innerhalb der Seitentasche. B\u00fcndchen am Kn\u00f6chel. Zertifiziert nach EN ISO 20471, Klasse 1. ABSCHLUSS: Gerippter Taillenbund. Manschetten an den Beinabschl\u00fcssen. DETAILS: Gummizug und Kordelzug in [&hellip;]<\/p>\n","protected":false},"featured_media":581916,"template":"","meta":[],"product_brand":[],"product_cat":[4185],"product_tag":[],"class_list":{"0":"post-581866","1":"product","2":"type-product","3":"status-publish","4":"has-post-thumbnail","6":"product_cat-hosen","7":"pa_brand-blaklaeder","8":"pa_brand-type-workwear","9":"pa_filter-color-blau","10":"pa_filter-color-gelb","11":"pa_filter-color-orange","12":"pa_filter-color-rot","13":"pa_filter-color-schwarz","15":"first","16":"instock","17":"sale","18":"taxable","19":"shipping-taxable","20":"purchasable","21":"product-type-variable","22":"add-to-wishlist-before_image"},"exclude_global_add_ons":[],"addons":[],"acf":[],"_links":{"self":[{"href":"https:\/\/shop.kustom.ch\/fr\/wp-json\/wp\/v2\/product\/581866"}],"collection":[{"href":"https:\/\/shop.kustom.ch\/fr\/wp-json\/wp\/v2\/product"}],"about":[{"href":"https:\/\/shop.kustom.ch\/fr\/wp-json\/wp\/v2\/types\/product"}],"wp:featuredmedia":[{"embeddable":true,"href":"https:\/\/shop.kustom.ch\/fr\/wp-json\/wp\/v2\/media\/581916"}],"wp:attachment":[{"href":"https:\/\/shop.kustom.ch\/fr\/wp-json\/wp\/v2\/media?parent=581866"}],"wp:term":[{"taxonomy":"product_brand","embeddable":true,"href":"https:\/\/shop.kustom.ch\/fr\/wp-json\/wp\/v2\/product_brand?post=581866"},{"taxonomy":"product_cat","embeddable":true,"href":"https:\/\/shop.kustom.ch\/fr\/wp-json\/wp\/v2\/product_cat?post=581866"},{"taxonomy":"product_tag","embeddable":true,"href":"https:\/\/shop.kustom.ch\/fr\/wp-json\/wp\/v2\/product_tag?post=581866"}],"curies":[{"name":"wp","href":"https:\/\/api.w.org\/{rel}","templated":true}]}}