{"id":581848,"date":"2025-03-04T09:29:59","date_gmt":"2025-03-04T08:29:59","guid":{"rendered":"https:\/\/shop.kustom.ch\/?post_type=product&#038;p=581848"},"modified":"2026-03-31T08:30:17","modified_gmt":"2026-03-31T07:30:17","slug":"damen-arbeitshose","status":"publish","type":"product","link":"https:\/\/shop.kustom.ch\/fr\/produit\/damen-arbeitshose\/","title":{"rendered":"Pantalon de travail pour femmes"},"content":{"rendered":"<p>Pantalon de travail classique pour femmes avec des caract\u00e9ristiques fonctionnelles et r\u00e9sistantes, coup\u00e9 pour les femmes. Les poches aux genoux et \u00e0 l'arri\u00e8re sont renforc\u00e9es par du CORDURA pour une plus grande durabilit\u00e9. Les poches ont \u00e9t\u00e9 con\u00e7ues avec une plus grande libert\u00e9 de mouvement et un meilleur confort pour contenir de nombreux outils et accessoires diff\u00e9rents.<\/p>\n<p>DETAILS : Boutons en m\u00e9tal. Fermeture \u00e0 glissi\u00e8re en m\u00e9tal \u00e0 l'entrejambe. Passants, dont un avec anneau en D. FONCTIONNALIT\u00c9 : Taille femme. CARACTERISTIQUES PRINCIPALES : Constructeur de b\u00e9ton. EN 14004. TISSU : Femmes. bleu. Poches \u00e0 clous. Artisanat. POSSIBILIT\u00c9S : Poche sur la jambe avec soufflet, rabat et poche pour crayon, poche suppl\u00e9mentaire, poche pour t\u00e9l\u00e9phone portable et poche pour carte d'identit\u00e9. Poches arri\u00e8re \u00e0 soufflet. Poches ext\u00e9rieures pour genouill\u00e8res. Poches \u00e0 clous - avec compartiments pour tournevis et boucles pour outils, qui peuvent \u00eatre ins\u00e9r\u00e9es dans les poches avant \u00e0 soufflet. Poches avant \u00e0 soufflet. Poche pour m\u00e8tre pliant avec porte-couteau et poche pour stylo. INSTRUCTIONS DE LAVAGE : repassage - moyen. RENFORCEMENT : Genoux et poches arri\u00e8re renforc\u00e9s en CORDURA\u00ae. CERTIFICATION : EN 14404:2004+A1:2010 avec genouill\u00e8res 4027, 4057, 4058 et 4032.<\/p>\n<p>100% Coton, serg\u00e9, 370 g\/m<\/p>","protected":false},"excerpt":{"rendered":"<p>Klassische Damen Arbeitshose mit funktionellen und strapazierf\u00e4higen Eigenschaften, geschnitten f\u00fcr Frauen. Die Knie- und Ges\u00e4sstaschen sind f\u00fcr l\u00e4ngere Haltbarkeit mit CORDURA verst\u00e4rkt. Die Taschen wurden mit h\u00f6herer Bewegungsfreiheit und Komfort entworfen, um viele verschiedene Werkzeuge und Zubeh\u00f6r zu halten. DETAILS: Metallkn\u00f6pfe. Metall-Reissverschluss im Schritt. Schlaufen, davon eine mit D-Ring. FUNKTIONALIT\u00c4T: Damengr\u00f6sse. HAUPTEIGENSCHAFTEN: Betonbauer. EN 14004. [&hellip;]<\/p>\n","protected":false},"featured_media":581887,"template":"","meta":[],"product_brand":[],"product_cat":[4185],"product_tag":[],"class_list":{"0":"post-581848","1":"product","2":"type-product","3":"status-publish","4":"has-post-thumbnail","6":"product_cat-hosen","7":"pa_brand-blaklaeder","8":"pa_brand-type-workwear","9":"pa_filter-color-blau","10":"pa_filter-color-schwarz","12":"first","13":"instock","14":"sale","15":"taxable","16":"shipping-taxable","17":"purchasable","18":"product-type-variable","19":"add-to-wishlist-before_image"},"exclude_global_add_ons":[],"addons":[],"acf":[],"_links":{"self":[{"href":"https:\/\/shop.kustom.ch\/fr\/wp-json\/wp\/v2\/product\/581848"}],"collection":[{"href":"https:\/\/shop.kustom.ch\/fr\/wp-json\/wp\/v2\/product"}],"about":[{"href":"https:\/\/shop.kustom.ch\/fr\/wp-json\/wp\/v2\/types\/product"}],"wp:featuredmedia":[{"embeddable":true,"href":"https:\/\/shop.kustom.ch\/fr\/wp-json\/wp\/v2\/media\/581887"}],"wp:attachment":[{"href":"https:\/\/shop.kustom.ch\/fr\/wp-json\/wp\/v2\/media?parent=581848"}],"wp:term":[{"taxonomy":"product_brand","embeddable":true,"href":"https:\/\/shop.kustom.ch\/fr\/wp-json\/wp\/v2\/product_brand?post=581848"},{"taxonomy":"product_cat","embeddable":true,"href":"https:\/\/shop.kustom.ch\/fr\/wp-json\/wp\/v2\/product_cat?post=581848"},{"taxonomy":"product_tag","embeddable":true,"href":"https:\/\/shop.kustom.ch\/fr\/wp-json\/wp\/v2\/product_tag?post=581848"}],"curies":[{"name":"wp","href":"https:\/\/api.w.org\/{rel}","templated":true}]}}