{"id":581784,"date":"2025-03-04T09:29:17","date_gmt":"2025-03-04T08:29:17","guid":{"rendered":"https:\/\/shop.kustom.ch\/?post_type=product&#038;p=581784"},"modified":"2026-03-31T08:30:16","modified_gmt":"2026-03-31T07:30:16","slug":"high-vis-shorts-mit-stretch","status":"publish","type":"product","link":"https:\/\/shop.kustom.ch\/fr\/produit\/high-vis-shorts-mit-stretch\/","title":{"rendered":"Short haute visibilit\u00e9 avec stretch"},"content":{"rendered":"<p>Un short de classe 1 certifi\u00e9 haute visibilit\u00e9 avec des empi\u00e8cements stretch \u00e0 l'avant, \u00e0 l'arri\u00e8re, \u00e0 l'entrejambe et au fessier. La taille offre un excellent confort \u00e0 l'utilisateur. Une poche de hanche renforc\u00e9e en CORDURA\u00ae, une poche sur la jambe avec poche pour t\u00e9l\u00e9phone portable et poche pour carte d'identit\u00e9 sont quelques-unes des fonctions du short 1541. Certifi\u00e9 selon EN ISO 20471, classe 1. Groupe de certification V.<\/p>\n<p>D\u00c9TAILS : Coutures renforc\u00e9es \u00e0 l'entrejambe. Fermeture \u00e0 glissi\u00e8re en plastique \u00e0 l'entrejambe. Passants, dont un avec anneau en D. \u00c9lastique \u00e0 la taille. FONCTIONNALIT\u00c9 : Insert stretch \u00e0 l'entrejambe et au-dessus des fesses. TYPE DE TRAVAILLEURS PRINCIPAUX : Travailleurs de la route et du b\u00e2timent. Messieurs. EN ISO 20471. R\u00c9FLEXE : bandes r\u00e9fl\u00e9chissantes de 50 mm de large. TISSU : Hommes. Bleu. L\u00e9ger. Tissu stretch. POCHES : Poche sur la jambe avec soufflet, rabat et poche pour stylo, poche suppl\u00e9mentaire et poche pour t\u00e9l\u00e9phone portable. Poches arri\u00e8re renforc\u00e9es par un soufflet. Poches lat\u00e9rales renforc\u00e9es. Poche m\u00e8tre renforc\u00e9e avec porte-couteau et poche stylo. INSTRUCTIONS DE LAVAGE : Nombre de lavages : 50. Ne pas nettoyer \u00e0 sec. RENFORCEMENT : Poches arri\u00e8re et poche m\u00e8tre renforc\u00e9es en CORDURA\u00ae. CERTIFICATION : EN ISO 20471, classe 1<\/p>\n<p>65% polyester, 35% coton, serg\u00e9, ext\u00e9rieur hydrofuge, 240g\/m<\/p>","protected":false},"excerpt":{"rendered":"<p>Eine High Vis-zertifizierte Klasse 1 Shorts mit Stretch-Eins\u00e4tzen vorne, hinten, im Schritt und am Ges\u00e4ss. Die Taille bietet einen exzellenten Komfort f\u00fcr den Tr\u00e4ger. Eine CORDURA\u00ae-verst\u00e4rkte H\u00fcfttasche, eine Beintasche mit Handytasche und Ausweistasche sind einige der Funktionen der Shorts 1541. Zertifiziert nach EN ISO 20471, Klasse 1. Zertifizierungsgruppe V. DETAILS: Verst\u00e4rkte N\u00e4hte am Schritt. Kunststoff-Reissverschluss [&hellip;]<\/p>\n","protected":false},"featured_media":581821,"template":"","meta":[],"product_brand":[],"product_cat":[4198],"product_tag":[],"class_list":{"0":"post-581784","1":"product","2":"type-product","3":"status-publish","4":"has-post-thumbnail","6":"product_cat-shorts","7":"pa_brand-blaklaeder","8":"pa_brand-type-workwear","9":"pa_filter-color-blau","10":"pa_filter-color-gelb","11":"pa_filter-color-grau","12":"pa_filter-color-orange","13":"pa_filter-color-rot","14":"pa_filter-color-schwarz","16":"first","17":"instock","18":"sale","19":"taxable","20":"shipping-taxable","21":"purchasable","22":"product-type-variable","23":"add-to-wishlist-before_image"},"exclude_global_add_ons":[],"addons":[],"acf":[],"_links":{"self":[{"href":"https:\/\/shop.kustom.ch\/fr\/wp-json\/wp\/v2\/product\/581784"}],"collection":[{"href":"https:\/\/shop.kustom.ch\/fr\/wp-json\/wp\/v2\/product"}],"about":[{"href":"https:\/\/shop.kustom.ch\/fr\/wp-json\/wp\/v2\/types\/product"}],"wp:featuredmedia":[{"embeddable":true,"href":"https:\/\/shop.kustom.ch\/fr\/wp-json\/wp\/v2\/media\/581821"}],"wp:attachment":[{"href":"https:\/\/shop.kustom.ch\/fr\/wp-json\/wp\/v2\/media?parent=581784"}],"wp:term":[{"taxonomy":"product_brand","embeddable":true,"href":"https:\/\/shop.kustom.ch\/fr\/wp-json\/wp\/v2\/product_brand?post=581784"},{"taxonomy":"product_cat","embeddable":true,"href":"https:\/\/shop.kustom.ch\/fr\/wp-json\/wp\/v2\/product_cat?post=581784"},{"taxonomy":"product_tag","embeddable":true,"href":"https:\/\/shop.kustom.ch\/fr\/wp-json\/wp\/v2\/product_tag?post=581784"}],"curies":[{"name":"wp","href":"https:\/\/api.w.org\/{rel}","templated":true}]}}