{"id":581658,"date":"2025-03-04T09:27:19","date_gmt":"2025-03-04T08:27:19","guid":{"rendered":"https:\/\/shop.kustom.ch\/?post_type=product&#038;p=581658"},"modified":"2026-03-31T08:30:09","modified_gmt":"2026-03-31T07:30:09","slug":"high-vis-piraten-shorts","status":"publish","type":"product","link":"https:\/\/shop.kustom.ch\/fr\/produit\/high-vis-piraten-shorts\/","title":{"rendered":"Short de pirate haute visibilit\u00e9"},"content":{"rendered":"<p>Avec ce short pirate, vous obtenez un design flexible sans compromis. Les jambes 3\/4 longues vous donnent une sensation de fra\u00eecheur. Deux poches arri\u00e8re renforc\u00e9es en Cordura\u00ae avec soufflet. Certifi\u00e9 EN ISO 20471 classe 2, augmente la visibilit\u00e9 lors du travail dans des environnements extr\u00eames.<\/p>\n<p>D\u00c9TAILS : Poche pour carte d'identit\u00e9. Boucle pour marteau sur le c\u00f4t\u00e9. Fermeture \u00e9clair en plastique \u00e0 l'entrejambe. Passants, dont un avec anneau en D. FONCTIONNALIT\u00c9 : Jambes de pantalon particuli\u00e8rement ergonomiques. CARACT\u00c9RISTIQUES PRINCIPALES : Conducteur. Messieurs. EN 14004. REFLEX : Mat\u00e9riau r\u00e9fl\u00e9chissant autour des jambes. TISSU : Jaune haute visibilit\u00e9. Poches pour genouill\u00e8res. Protection haute visibilit\u00e9. POCHES : Poches arri\u00e8re \u00e0 soufflet. Poche pour t\u00e9l\u00e9phone portable. Poches pour genouill\u00e8res. Les poches \u00e0 clous peuvent \u00eatre ins\u00e9r\u00e9es dans les poches avant \u00e0 soufflet. Poches avant avec soufflet. Poche m\u00e8tre avec porte-couteau et poche stylo. INSTRUCTIONS DE LAVAGE : Nombre de lavages : 30. S\u00e8che-linge - bas. RENFORCEMENT : Renfort en CORDURA\u00ae au niveau des poches arri\u00e8re. CERTIFICATION : EN 14404:2004+A1:2010 avec genouill\u00e8res 4027, 4057, 4058 et 4032. Groupe de certification X<\/p>\n<p>85% polyester, 15% coton, satin, 300g\/m<\/p>","protected":false},"excerpt":{"rendered":"<p>Mit dieser Piraten Shorts erhalten Sie ein flexibles Design ohne Kompromisse. 3\/4-lange Beine geben Ihnen ein k\u00fchles Gef\u00fchl. Zwei Cordura\u00ae verst\u00e4rkte Ges\u00e4sstaschen mit Balg. Zertifiziert nach EN ISO 20471 Klasse 2, erh\u00f6ht die Sichtbarkeit bei der Arbeit in extremer Umgebung. DETAILS: Ausweistasche. Hammerschlaufe an der Seite. Kunststoff-Reissverschluss im Schritt. Schlaufen, davon eine mit D-Ring. FUNKTIONALIT\u00c4T: [&hellip;]<\/p>\n","protected":false},"featured_media":581714,"template":"","meta":[],"product_brand":[],"product_cat":[4198],"product_tag":[],"class_list":{"0":"post-581658","1":"product","2":"type-product","3":"status-publish","4":"has-post-thumbnail","6":"product_cat-shorts","7":"pa_brand-blaklaeder","8":"pa_brand-type-workwear","9":"pa_filter-color-gelb","10":"pa_filter-color-orange","12":"first","13":"instock","14":"sale","15":"taxable","16":"shipping-taxable","17":"purchasable","18":"product-type-variable","19":"add-to-wishlist-before_image"},"exclude_global_add_ons":[],"addons":[],"acf":[],"_links":{"self":[{"href":"https:\/\/shop.kustom.ch\/fr\/wp-json\/wp\/v2\/product\/581658"}],"collection":[{"href":"https:\/\/shop.kustom.ch\/fr\/wp-json\/wp\/v2\/product"}],"about":[{"href":"https:\/\/shop.kustom.ch\/fr\/wp-json\/wp\/v2\/types\/product"}],"wp:featuredmedia":[{"embeddable":true,"href":"https:\/\/shop.kustom.ch\/fr\/wp-json\/wp\/v2\/media\/581714"}],"wp:attachment":[{"href":"https:\/\/shop.kustom.ch\/fr\/wp-json\/wp\/v2\/media?parent=581658"}],"wp:term":[{"taxonomy":"product_brand","embeddable":true,"href":"https:\/\/shop.kustom.ch\/fr\/wp-json\/wp\/v2\/product_brand?post=581658"},{"taxonomy":"product_cat","embeddable":true,"href":"https:\/\/shop.kustom.ch\/fr\/wp-json\/wp\/v2\/product_cat?post=581658"},{"taxonomy":"product_tag","embeddable":true,"href":"https:\/\/shop.kustom.ch\/fr\/wp-json\/wp\/v2\/product_tag?post=581658"}],"curies":[{"name":"wp","href":"https:\/\/api.w.org\/{rel}","templated":true}]}}