{"id":581633,"date":"2025-03-04T09:26:47","date_gmt":"2025-03-04T08:26:47","guid":{"rendered":"https:\/\/shop.kustom.ch\/?post_type=product&#038;p=581633"},"modified":"2026-03-31T08:30:05","modified_gmt":"2026-03-31T07:30:05","slug":"arbeitshose-zip-off","status":"publish","type":"product","link":"https:\/\/shop.kustom.ch\/fr\/produit\/arbeitshose-zip-off\/","title":{"rendered":"Pantalon de travail Zip Off"},"content":{"rendered":"<p>Pantalon de travail r\u00e9sistant et confortable avec jambes amovibles qui se transforme en short en un clin d'\u0153il. Le pantalon est dot\u00e9 de deux poches \u00e0 clous renforc\u00e9es et d\u00e9tach\u00e9es et de deux poches arri\u00e8re \u00e0 soufflet avec renforts en CORDURA\u00ae aux endroits les plus sollicit\u00e9s.<\/p>\n<p>D\u00c9TAILS : Poche pour carte d'identit\u00e9. Boutons en m\u00e9tal. Couture int\u00e9rieure de la jambe avec triple couture. Fermeture \u00e0 glissi\u00e8re m\u00e9tallique \u00e0 l'entrejambe. Deux passants pour ceinture sur les c\u00f4t\u00e9s avec un bouton pour un passant pour marteau, un passant pour ceinture avec anneau en D \u00e0 l'avant. Large boucle de ceinture \u00e0 l'arri\u00e8re. FONCTIONNALIT\u00c9 : mod\u00e8le zip-off. CARACTERISTIQUES PRINCIPALES : M\u00e9canicien. EN 14004. TISSU : hommes. noir. Poches \u00e0 clous. Artisanat. POSSIBILIT\u00c9S : Poche sur la jambe avec soufflet, rabat et poche pour crayon, poche suppl\u00e9mentaire, poche pour t\u00e9l\u00e9phone portable et poche pour carte d'identit\u00e9. Poches arri\u00e8re \u00e0 soufflet. Poches pour genouill\u00e8res. Poches \u00e0 clous - avec compartiments pour tournevis et boucles pour outils, qui peuvent \u00eatre ins\u00e9r\u00e9es dans les poches avant \u00e0 soufflet. Poches avant \u00e0 soufflet. Poche pour m\u00e8tre pliant avec porte-couteau et poche pour stylo. INSTRUCTIONS DE LAVAGE : repassage - moyen. RENFORCEMENT : Genoux et poches arri\u00e8re renforc\u00e9s en CORDURA\u00ae. CERTIFICATION : EN 14404:2004+A1:2010 avec genouill\u00e8res 4027, 4057, 4058 et 4032.<\/p>\n<p>65% polyester, 35% coton, serg\u00e9, 300g\/m<\/p>","protected":false},"excerpt":{"rendered":"<p>Strapazierf\u00e4hige, bequeme Arbeitshose mit abnehmbaren Beinen, die im Handumdrehen zur Shorts wird. Die Hose hat zwei verst\u00e4rkte, lose Nageltaschen und zwei Ges\u00e4sstaschen mit Balg und CORDURA\u00ae-Verst\u00e4rkung an besonders beanspruchten Stellen. DETAILS: Ausweistasche. Metallkn\u00f6pfe. Innenbeinnaht mit 3-fach-Naht. Metall-Reissverschluss im Schritt. Zwei G\u00fcrtelschlaufen an den Seiten mit einem Knopf f\u00fcr eine Hammerschlaufe, eine G\u00fcrtelschlaufe mit D-Ring vorne. [&hellip;]<\/p>\n","protected":false},"featured_media":581694,"template":"","meta":[],"product_brand":[],"product_cat":[4185],"product_tag":[],"class_list":{"0":"post-581633","1":"product","2":"type-product","3":"status-publish","4":"has-post-thumbnail","6":"product_cat-hosen","7":"pa_brand-blaklaeder","8":"pa_brand-type-workwear","9":"pa_filter-color-schwarz","11":"first","12":"instock","13":"sale","14":"taxable","15":"shipping-taxable","16":"purchasable","17":"product-type-variable","18":"add-to-wishlist-before_image"},"exclude_global_add_ons":[],"addons":[],"acf":[],"_links":{"self":[{"href":"https:\/\/shop.kustom.ch\/fr\/wp-json\/wp\/v2\/product\/581633"}],"collection":[{"href":"https:\/\/shop.kustom.ch\/fr\/wp-json\/wp\/v2\/product"}],"about":[{"href":"https:\/\/shop.kustom.ch\/fr\/wp-json\/wp\/v2\/types\/product"}],"wp:featuredmedia":[{"embeddable":true,"href":"https:\/\/shop.kustom.ch\/fr\/wp-json\/wp\/v2\/media\/581694"}],"wp:attachment":[{"href":"https:\/\/shop.kustom.ch\/fr\/wp-json\/wp\/v2\/media?parent=581633"}],"wp:term":[{"taxonomy":"product_brand","embeddable":true,"href":"https:\/\/shop.kustom.ch\/fr\/wp-json\/wp\/v2\/product_brand?post=581633"},{"taxonomy":"product_cat","embeddable":true,"href":"https:\/\/shop.kustom.ch\/fr\/wp-json\/wp\/v2\/product_cat?post=581633"},{"taxonomy":"product_tag","embeddable":true,"href":"https:\/\/shop.kustom.ch\/fr\/wp-json\/wp\/v2\/product_tag?post=581633"}],"curies":[{"name":"wp","href":"https:\/\/api.w.org\/{rel}","templated":true}]}}