{"id":581631,"date":"2025-03-04T09:26:46","date_gmt":"2025-03-04T08:26:46","guid":{"rendered":"https:\/\/shop.kustom.ch\/?post_type=product&#038;p=581631"},"modified":"2026-03-31T08:30:04","modified_gmt":"2026-03-31T07:30:04","slug":"shorts-2","status":"publish","type":"product","link":"https:\/\/shop.kustom.ch\/fr\/produit\/shorts-2\/","title":{"rendered":"Short"},"content":{"rendered":"<p>Un short qui ne craint pas les \u00e9claboussures et la peinture. Poches et fonctions bien pens\u00e9es, comme les poches \u00e0 clous, les poches sur les jambes et la poche \u00e0 crayons. Poche \u00e0 spatule renforc\u00e9e avec CORDURA\u00ae. Poches arri\u00e8re \u00e0 soufflet.<\/p>\n<p>D\u00c9TAILS : Poche pour carte d'identit\u00e9. Boutons en m\u00e9tal. Couture int\u00e9rieure de la jambe avec triple couture. Fermeture \u00e0 glissi\u00e8re en plastique \u00e0 l'entrejambe. Passants, dont un avec anneau en D. CARACTERISTIQUES PRINCIPALES : Peintre. Homme. TISSU : hommes. blanc. Poches \u00e0 clous. Peintre. POCHES : Poche sur la jambe avec poche \u00e0 crayon, poche pour t\u00e9l\u00e9phone portable et poche pour carte d'identit\u00e9. Poches arri\u00e8re avec soufflet. Poches \u00e0 clous - avec compartiments pour tournevis et boucles pour outils qui peuvent \u00eatre ins\u00e9r\u00e9es dans les poches avant \u00e0 soufflet. Poches en biais pour les mains. INSTRUCTIONS DE LAVAGE : repassage - moyen. RENFORCEMENT : CORDURA\u00ae renforc\u00e9 aux endroits fortement sollicit\u00e9s<\/p>\n<p>100% Coton, serg\u00e9, 320 g\/m<\/p>","protected":false},"excerpt":{"rendered":"<p>Shorts, der Spritzer und Farbe nichts anhaben k\u00f6nnen. Durchdachte Taschen und Funktionen, wie z. B. Nageltaschen, Beintaschen und Bleistifttasche. Verst\u00e4rkte Spachteltasche mit CORDURA\u00ae. Ges\u00e4sstaschen mit Balg. DETAILS: Ausweistasche. Metallkn\u00f6pfe. Innenbeinnaht mit 3-fach-Naht. Kunststoff-Reissverschluss im Schritt. Schlaufen, davon eine mit D-Ring. HAUPTEIGENSCHAFTEN: Maler. Herren. STOFF: Herren. weiss. Nageltaschen. Maler. TASCHEN: Beintasche mit Bleistifttasche, Handytasche und Ausweistasche. [&hellip;]<\/p>\n","protected":false},"featured_media":581692,"template":"","meta":[],"product_brand":[],"product_cat":[4198],"product_tag":[],"class_list":{"0":"post-581631","1":"product","2":"type-product","3":"status-publish","4":"has-post-thumbnail","6":"product_cat-shorts","7":"pa_brand-blaklaeder","8":"pa_brand-type-workwear","9":"pa_filter-color-weiss","11":"first","12":"instock","13":"sale","14":"taxable","15":"shipping-taxable","16":"purchasable","17":"product-type-variable","18":"add-to-wishlist-before_image"},"exclude_global_add_ons":[],"addons":[],"acf":[],"_links":{"self":[{"href":"https:\/\/shop.kustom.ch\/fr\/wp-json\/wp\/v2\/product\/581631"}],"collection":[{"href":"https:\/\/shop.kustom.ch\/fr\/wp-json\/wp\/v2\/product"}],"about":[{"href":"https:\/\/shop.kustom.ch\/fr\/wp-json\/wp\/v2\/types\/product"}],"wp:featuredmedia":[{"embeddable":true,"href":"https:\/\/shop.kustom.ch\/fr\/wp-json\/wp\/v2\/media\/581692"}],"wp:attachment":[{"href":"https:\/\/shop.kustom.ch\/fr\/wp-json\/wp\/v2\/media?parent=581631"}],"wp:term":[{"taxonomy":"product_brand","embeddable":true,"href":"https:\/\/shop.kustom.ch\/fr\/wp-json\/wp\/v2\/product_brand?post=581631"},{"taxonomy":"product_cat","embeddable":true,"href":"https:\/\/shop.kustom.ch\/fr\/wp-json\/wp\/v2\/product_cat?post=581631"},{"taxonomy":"product_tag","embeddable":true,"href":"https:\/\/shop.kustom.ch\/fr\/wp-json\/wp\/v2\/product_tag?post=581631"}],"curies":[{"name":"wp","href":"https:\/\/api.w.org\/{rel}","templated":true}]}}