{"id":581585,"date":"2025-03-04T09:26:07","date_gmt":"2025-03-04T08:26:07","guid":{"rendered":"https:\/\/shop.kustom.ch\/?post_type=product&#038;p=581585"},"modified":"2026-03-31T08:30:00","modified_gmt":"2026-03-31T07:30:00","slug":"high-vis-handwerker-shorts","status":"publish","type":"product","link":"https:\/\/shop.kustom.ch\/fr\/produit\/high-vis-handwerker-shorts\/","title":{"rendered":"Short haute visibilit\u00e9 pour artisans"},"content":{"rendered":"<p>Short de s\u00e9curit\u00e9 confortable avec une bonne coupe et des poches \u00e0 clous renforc\u00e9es et d\u00e9tach\u00e9es ainsi qu'une poche arri\u00e8re avec une largeur de tissu suppl\u00e9mentaire et un soufflet. Certifi\u00e9 selon la norme EN 20471, classe de protection 2, v\u00eatement de signalisation \u00e0 haute visibilit\u00e9. Disponible \u00e9galement sans poches \u00e0 clous, art. n\u00b0 1537 en couleur 5300 orange.<\/p>\n<p>D\u00c9TAILS : Poche pour carte d'identit\u00e9. Boucle pour marteau sur le c\u00f4t\u00e9. Larges passants pour la ceinture. CARACTERISTIQUES PRINCIPALES : Conducteur. Hommes . EN ISO 20471. R\u00c9FLEXE : bandes r\u00e9fl\u00e9chissantes de 50 mm de large. TISSU : orange haute visibilit\u00e9. Poches \u00e0 clous. Protection haute visibilit\u00e9. POCHES : Poches arri\u00e8re \u00e0 soufflet. Poche pour t\u00e9l\u00e9phone portable. Poches \u00e0 clous - avec compartiments pour tournevis et boucles pour outils qui peuvent \u00eatre ins\u00e9r\u00e9es dans les poches avant \u00e0 soufflet. Poches avant avec soufflet. Poche pour m\u00e8tre pliant avec porte-couteau et poche pour stylo. INSTRUCTIONS DE LAVAGE : Couleur 5500 - Max. 60\u00b0, max. 5 cycles de lavage. Repassage - moyen. RENFORCEMENT : Renfort en CORDURA\u00ae sur les poches arri\u00e8re. CERTIFICATION : Groupe de certification X<\/p>\n<p>85% polyester, 15% coton, satin, 300g\/m<\/p>","protected":false},"excerpt":{"rendered":"<p>Bequeme Warnschutz-Shorts mit guter Passform und verst\u00e4rkten losen Nageltaschen sowie Ges\u00e4sstasche mit extra Stoffweite und Balg. Zertifiziert gem\u00e4ss EN 20471, Schutzklasse 2, Warnschutzkleidung mit hoher Sichtbarkeit. Auch erh\u00e4ltlich ohne lose Nageltaschen, Art.-Nr. 1537 in Farbe 5300 orange. DETAILS: Ausweistasche. Hammerschlaufe an der Seite. Breite G\u00fcrtelschlaufen. HAUPTEIGENSCHAFTEN: Fahrer. Herren. EN ISO 20471. REFLEX: 50 mm breite [&hellip;]<\/p>\n","protected":false},"featured_media":581647,"template":"","meta":[],"product_brand":[],"product_cat":[4198],"product_tag":[],"class_list":{"0":"post-581585","1":"product","2":"type-product","3":"status-publish","4":"has-post-thumbnail","6":"product_cat-shorts","7":"pa_brand-blaklaeder","8":"pa_brand-type-workwear","9":"pa_filter-color-gelb","10":"pa_filter-color-orange","11":"pa_filter-color-rot","13":"first","14":"instock","15":"sale","16":"taxable","17":"shipping-taxable","18":"purchasable","19":"product-type-variable","20":"add-to-wishlist-before_image"},"exclude_global_add_ons":[],"addons":[],"acf":[],"_links":{"self":[{"href":"https:\/\/shop.kustom.ch\/fr\/wp-json\/wp\/v2\/product\/581585"}],"collection":[{"href":"https:\/\/shop.kustom.ch\/fr\/wp-json\/wp\/v2\/product"}],"about":[{"href":"https:\/\/shop.kustom.ch\/fr\/wp-json\/wp\/v2\/types\/product"}],"wp:featuredmedia":[{"embeddable":true,"href":"https:\/\/shop.kustom.ch\/fr\/wp-json\/wp\/v2\/media\/581647"}],"wp:attachment":[{"href":"https:\/\/shop.kustom.ch\/fr\/wp-json\/wp\/v2\/media?parent=581585"}],"wp:term":[{"taxonomy":"product_brand","embeddable":true,"href":"https:\/\/shop.kustom.ch\/fr\/wp-json\/wp\/v2\/product_brand?post=581585"},{"taxonomy":"product_cat","embeddable":true,"href":"https:\/\/shop.kustom.ch\/fr\/wp-json\/wp\/v2\/product_cat?post=581585"},{"taxonomy":"product_tag","embeddable":true,"href":"https:\/\/shop.kustom.ch\/fr\/wp-json\/wp\/v2\/product_tag?post=581585"}],"curies":[{"name":"wp","href":"https:\/\/api.w.org\/{rel}","templated":true}]}}