{"id":581546,"date":"2025-03-04T09:25:58","date_gmt":"2025-03-04T08:25:58","guid":{"rendered":"https:\/\/shop.kustom.ch\/?post_type=product&#038;p=581546"},"modified":"2026-03-31T08:29:59","modified_gmt":"2026-03-31T07:29:59","slug":"handwerker-shorts","status":"publish","type":"product","link":"https:\/\/shop.kustom.ch\/fr\/produit\/handwerker-shorts\/","title":{"rendered":"Short d'artisan"},"content":{"rendered":"<p>Short d'artisan confortable et fonctionnel au design classique en coton 100%. Ce short dispose de d\u00e9tails soigneusement travaill\u00e9s et d'une grande fonctionnalit\u00e9.<\/p>\n<p>D\u00c9TAILS : boutons en m\u00e9tal. Couture int\u00e9rieure de la jambe avec triple couture. Fermeture \u00e0 glissi\u00e8re en m\u00e9tal \u00e0 l'entrejambe. Deux passants de ceinture sur les c\u00f4t\u00e9s avec un bouton pour un passant pour marteau, un passant de ceinture avec anneau en D \u00e0 l'avant. Large boucle de ceinture \u00e0 l'arri\u00e8re. CARACTERISTIQUES PRINCIPALES : Installateur. Homme. TISSU : hommes. kaki. Poches \u00e0 clous. Artisanat. POSSIBILIT\u00c9S : Poche sur la jambe avec soufflet, rabat et poche pour stylo, poche suppl\u00e9mentaire, poche pour t\u00e9l\u00e9phone portable et poche pour carte d'identit\u00e9. Poches arri\u00e8re avec soufflet. Poches \u00e0 clous - avec compartiments pour tournevis et boucles pour outils qui peuvent \u00eatre ins\u00e9r\u00e9es dans les poches avant \u00e0 soufflet. Poches avant avec soufflet. Poche pour m\u00e8tre pliant avec porte-couteau et poche pour stylo. INSTRUCTIONS DE LAVAGE : repassage - moyen. RENFORCEMENT : Renfort en CORDURA\u00ae sur les poches arri\u00e8re.<\/p>\n<p>100% Coton, toile, 270 g\/m<\/p>","protected":false},"excerpt":{"rendered":"<p>Komfortable und funktionelle Handwerker-Shorts im klassischen Design aus 100% Baumwolle. Diese Shorts verf\u00fcgen \u00fcber sorgf\u00e4ltigst gearbeitete Details und eine hohe Funktionalit\u00e4t. DETAILS: Metallkn\u00f6pfe. Innenbeinnaht mit 3-fach-Naht. Metall-Reissverschluss im Schritt. Zwei G\u00fcrtelschlaufen an den Seiten mit einem Knopf f\u00fcr eine Hammerschlaufe, eine G\u00fcrtelschlaufe mit D-Ring vorne. Breite G\u00fcrtelschlaufe hinten. HAUPTEIGENSCHAFTEN: Installateur. Herren. STOFF: Herren. khaki. Nageltaschen. [&hellip;]<\/p>\n","protected":false},"featured_media":581601,"template":"","meta":[],"product_brand":[],"product_cat":[4198],"product_tag":[],"class_list":{"0":"post-581546","1":"product","2":"type-product","3":"status-publish","4":"has-post-thumbnail","6":"product_cat-shorts","7":"pa_brand-blaklaeder","8":"pa_brand-type-workwear","9":"pa_filter-color-beige","10":"pa_filter-color-blau","11":"pa_filter-color-grau","12":"pa_filter-color-schwarz","14":"first","15":"instock","16":"sale","17":"taxable","18":"shipping-taxable","19":"purchasable","20":"product-type-variable","21":"add-to-wishlist-before_image"},"exclude_global_add_ons":[],"addons":[],"acf":[],"_links":{"self":[{"href":"https:\/\/shop.kustom.ch\/fr\/wp-json\/wp\/v2\/product\/581546"}],"collection":[{"href":"https:\/\/shop.kustom.ch\/fr\/wp-json\/wp\/v2\/product"}],"about":[{"href":"https:\/\/shop.kustom.ch\/fr\/wp-json\/wp\/v2\/types\/product"}],"wp:featuredmedia":[{"embeddable":true,"href":"https:\/\/shop.kustom.ch\/fr\/wp-json\/wp\/v2\/media\/581601"}],"wp:attachment":[{"href":"https:\/\/shop.kustom.ch\/fr\/wp-json\/wp\/v2\/media?parent=581546"}],"wp:term":[{"taxonomy":"product_brand","embeddable":true,"href":"https:\/\/shop.kustom.ch\/fr\/wp-json\/wp\/v2\/product_brand?post=581546"},{"taxonomy":"product_cat","embeddable":true,"href":"https:\/\/shop.kustom.ch\/fr\/wp-json\/wp\/v2\/product_cat?post=581546"},{"taxonomy":"product_tag","embeddable":true,"href":"https:\/\/shop.kustom.ch\/fr\/wp-json\/wp\/v2\/product_tag?post=581546"}],"curies":[{"name":"wp","href":"https:\/\/api.w.org\/{rel}","templated":true}]}}