{"id":581402,"date":"2025-03-04T09:24:20","date_gmt":"2025-03-04T08:24:20","guid":{"rendered":"https:\/\/shop.kustom.ch\/?post_type=product&#038;p=581402"},"modified":"2026-03-31T08:29:54","modified_gmt":"2026-03-31T07:29:54","slug":"high-vis-arbeitshose-2","status":"publish","type":"product","link":"https:\/\/shop.kustom.ch\/fr\/produit\/high-vis-arbeitshose-2\/","title":{"rendered":"Pantalon de travail haute visibilit\u00e9"},"content":{"rendered":"<p>Pantalon d'artisanat tendance qui combine haute visibilit\u00e9 et design moderne avec de nombreuses solutions de poches fonctionnelles. Bandes r\u00e9fl\u00e9chissantes de 65 mm de large. Certifi\u00e9 selon EN ISO 20471, C44 classe 1, C46 et plus, classe 2.<\/p>\n<p>D\u00c9TAILS : Poche pour carte d'identit\u00e9. Boucle pour marteau sur le c\u00f4t\u00e9. Passants, dont un avec anneau en D. FONCTIONNALIT\u00c9 : Jambes de pantalon particuli\u00e8rement ergonomiques. CARACT\u00c9RISTIQUES PRINCIPALES : Artisan. EN 14004. R\u00c9FLEXE : Bandes r\u00e9fl\u00e9chissantes de 70 mm de large. TISSU : Hommes. Vert. Poches pour genouill\u00e8res. Protection haute visibilit\u00e9. POCHES : Poche sur la jambe avec soufflet, rabat et poche \u00e0 crayons, poche suppl\u00e9mentaire, poche pour t\u00e9l\u00e9phone portable et poche pour carte d'identit\u00e9. Poches arri\u00e8re \u00e0 soufflet, renforc\u00e9es. Une avec rabat. Poches pour genouill\u00e8res. Poches \u00e0 clous - avec compartiments pour tournevis et boucles pour outils, qui peuvent \u00eatre ins\u00e9r\u00e9es dans les poches avant \u00e0 soufflet. Poches avant \u00e0 soufflet. Poche pour m\u00e8tre pliant avec poche suppl\u00e9mentaire et porte-couteau. INSTRUCTIONS DE LAVAGE : Lavage \u00e0 la maison X 50. Ne pas nettoyer \u00e0 sec. RENFORCEMENT : Renforc\u00e9 en CORDURA\u00ae au niveau des genoux. CERTIFICATION : EN 14404:2004+A1:2010 avec genouill\u00e8res 4027, 4057, 4058 et 4032. Groupe de certification Y C46 -&gt;.;<\/p>\n<p>65% polyester, 35% coton, serg\u00e9, 300g\/m<\/p>","protected":false},"excerpt":{"rendered":"<p>Trendige Handwerkerhose, die High-Vis und modernes Design mit vielen funktionellen Taschenl\u00f6sungen kombiniert. 65 mm breite Reflexstreifen. Zertifiziert nach EN ISO 20471, C44 Klasse 1, C46 und gr\u00f6sser, Klasse 2. DETAILS: Ausweistasche. Hammerschlaufe an der Seite. Schlaufen, davon eine mit D-Ring. FUNKTIONALIT\u00c4T: Besonders ergonomisch geformte Hosenbeine. HAUPTEIGENSCHAFTEN: Handwerker. EN 14004. REFLEX: 70 mm breite Reflexstreifen. STOFF: [&hellip;]<\/p>\n","protected":false},"featured_media":581415,"template":"","meta":[],"product_brand":[],"product_cat":[4185],"product_tag":[],"class_list":{"0":"post-581402","1":"product","2":"type-product","3":"status-publish","4":"has-post-thumbnail","6":"product_cat-hosen","7":"pa_brand-blaklaeder","8":"pa_brand-type-workwear","9":"pa_filter-color-gruen","10":"pa_filter-color-orange","12":"first","13":"instock","14":"sale","15":"taxable","16":"shipping-taxable","17":"purchasable","18":"product-type-variable","19":"add-to-wishlist-before_image"},"exclude_global_add_ons":[],"addons":[],"acf":[],"_links":{"self":[{"href":"https:\/\/shop.kustom.ch\/fr\/wp-json\/wp\/v2\/product\/581402"}],"collection":[{"href":"https:\/\/shop.kustom.ch\/fr\/wp-json\/wp\/v2\/product"}],"about":[{"href":"https:\/\/shop.kustom.ch\/fr\/wp-json\/wp\/v2\/types\/product"}],"wp:featuredmedia":[{"embeddable":true,"href":"https:\/\/shop.kustom.ch\/fr\/wp-json\/wp\/v2\/media\/581415"}],"wp:attachment":[{"href":"https:\/\/shop.kustom.ch\/fr\/wp-json\/wp\/v2\/media?parent=581402"}],"wp:term":[{"taxonomy":"product_brand","embeddable":true,"href":"https:\/\/shop.kustom.ch\/fr\/wp-json\/wp\/v2\/product_brand?post=581402"},{"taxonomy":"product_cat","embeddable":true,"href":"https:\/\/shop.kustom.ch\/fr\/wp-json\/wp\/v2\/product_cat?post=581402"},{"taxonomy":"product_tag","embeddable":true,"href":"https:\/\/shop.kustom.ch\/fr\/wp-json\/wp\/v2\/product_tag?post=581402"}],"curies":[{"name":"wp","href":"https:\/\/api.w.org\/{rel}","templated":true}]}}