{"id":581359,"date":"2025-03-04T09:24:11","date_gmt":"2025-03-04T08:24:11","guid":{"rendered":"https:\/\/shop.kustom.ch\/?post_type=product&#038;p=581359"},"modified":"2026-03-31T08:29:54","modified_gmt":"2026-03-31T07:29:54","slug":"arbeitshose-bodenleger","status":"publish","type":"product","link":"https:\/\/shop.kustom.ch\/fr\/produit\/arbeitshose-bodenleger\/","title":{"rendered":"Pantalon de travail pour poseur de sol"},"content":{"rendered":"<p>Un pantalon parfait pour les poseurs de rev\u00eatements de sol avec une poche \u00e0 couteau suppl\u00e9mentaire, une poche sur la jambe et des poches \u00e0 clous d\u00e9tach\u00e9es renforc\u00e9es qui peuvent \u00eatre ins\u00e9r\u00e9es dans les poches avant \u00e0 soufflet. Les poches de genouill\u00e8res en CORDURA\u00ae offrent un bon confort de travail lorsque vous travaillez beaucoup sur les genoux.<\/p>\n<p>D\u00c9TAILS : Boucle marteau sur le c\u00f4t\u00e9. Boutons en m\u00e9tal. Couture int\u00e9rieure de la jambe avec triple couture. Fermeture \u00e9clair m\u00e9tallique \u00e0 l'entrejambe. Passants, dont un avec anneau en D. CARACT\u00c9RISTIQUES PRINCIPALES : Artisan. EN 14004. TISSU : homme. gris. Poches pour genouill\u00e8res. Artisanat. POCHES : Poche sur la jambe avec soufflet, rabat et poche \u00e0 crayons, poche suppl\u00e9mentaire, poche pour t\u00e9l\u00e9phone portable et poche pour carte d'identit\u00e9. Poche arri\u00e8re \u00e0 soufflet. Poches rembourr\u00e9es aux genoux. Poche suppl\u00e9mentaire pour couteau sur la cuisse. Poches \u00e0 clous - avec compartiments pour tournevis et boucles pour outils qui peuvent \u00eatre ins\u00e9r\u00e9es dans les poches avant \u00e0 soufflet. Poches avant avec soufflet. Poche pour m\u00e8tre pliant avec porte-couteau et poche pour stylo. INSTRUCTIONS DE LAVAGE : Ne pas blanchir. RENFORCEMENT : Renforc\u00e9 en CORDURA\u00ae au niveau des genoux. CERTIFICATION : EN 14404:2004+A1:2010 avec genouill\u00e8res 4027, 4057, 4058 et 4032.<\/p>\n<p>100% Coton, serg\u00e9, 370 g\/m<\/p>","protected":false},"excerpt":{"rendered":"<p>Eine perfekte Hose f\u00fcr Bodenleger mit einer extra Messertasche, Beintasche und verst\u00e4rkten losen Nageltaschen, die in die Vordertaschen mit Balg gesteckt werden k\u00f6nnen. Die Kniepolstertaschen aus CORDURA\u00ae bieten einen guten Arbeitskomfort wenn Sie viel auf den Knien arbeiten. DETAILS: Hammerschlaufe an der Seite. Metallkn\u00f6pfe. Innenbeinnaht mit 3-fach-Naht. Metall-Reissverschluss im Schritt. Schlaufen, davon eine mit D-Ring. [&hellip;]<\/p>\n","protected":false},"featured_media":237801,"template":"","meta":[],"product_brand":[],"product_cat":[4185],"product_tag":[],"class_list":{"0":"post-581359","1":"product","2":"type-product","3":"status-publish","4":"has-post-thumbnail","6":"product_cat-hosen","7":"pa_brand-blaklaeder","8":"pa_brand-type-workwear","9":"pa_filter-color-grau","11":"first","12":"instock","13":"sale","14":"taxable","15":"shipping-taxable","16":"purchasable","17":"product-type-variable","18":"add-to-wishlist-before_image"},"exclude_global_add_ons":[],"addons":[],"acf":[],"_links":{"self":[{"href":"https:\/\/shop.kustom.ch\/fr\/wp-json\/wp\/v2\/product\/581359"}],"collection":[{"href":"https:\/\/shop.kustom.ch\/fr\/wp-json\/wp\/v2\/product"}],"about":[{"href":"https:\/\/shop.kustom.ch\/fr\/wp-json\/wp\/v2\/types\/product"}],"wp:featuredmedia":[{"embeddable":true,"href":"https:\/\/shop.kustom.ch\/fr\/wp-json\/wp\/v2\/media\/237801"}],"wp:attachment":[{"href":"https:\/\/shop.kustom.ch\/fr\/wp-json\/wp\/v2\/media?parent=581359"}],"wp:term":[{"taxonomy":"product_brand","embeddable":true,"href":"https:\/\/shop.kustom.ch\/fr\/wp-json\/wp\/v2\/product_brand?post=581359"},{"taxonomy":"product_cat","embeddable":true,"href":"https:\/\/shop.kustom.ch\/fr\/wp-json\/wp\/v2\/product_cat?post=581359"},{"taxonomy":"product_tag","embeddable":true,"href":"https:\/\/shop.kustom.ch\/fr\/wp-json\/wp\/v2\/product_tag?post=581359"}],"curies":[{"name":"wp","href":"https:\/\/api.w.org\/{rel}","templated":true}]}}