{"id":581335,"date":"2025-03-04T09:23:36","date_gmt":"2025-03-04T08:23:36","guid":{"rendered":"https:\/\/shop.kustom.ch\/?post_type=product&#038;p=581335"},"modified":"2026-03-31T08:29:48","modified_gmt":"2026-03-31T07:29:48","slug":"arbeitshose-3","status":"publish","type":"product","link":"https:\/\/shop.kustom.ch\/fr\/produit\/arbeitshose-3\/","title":{"rendered":"Pantalon de travail"},"content":{"rendered":"<p>Pantalon de peintre avec des fonctions et des renforts bien pens\u00e9s pour une utilisation quotidienne. Le tissu en coton pr\u00e9sente une excellente capacit\u00e9 d'absorption pour prot\u00e9ger sa peau de la peinture. Poches renforc\u00e9es pour les genouill\u00e8res, poches libres pour les outils et les pinceaux, en CORDURA\u00ae robuste.<\/p>\n<p>D\u00c9TAILS : Boucle marteau sur le c\u00f4t\u00e9. Boutons en m\u00e9tal. Couture de la jambe int\u00e9rieure avec triple couture. Fermeture \u00e9clair en plastique \u00e0 l'entrejambe. Passants, dont un avec anneau en D. CARACTERISTIQUES PRINCIPALES : Peintre. EN 14004. TISSU : Disponible pour hommes et femmes. blanc. Poches pour genouill\u00e8res. Peintre. POCHES : Poche sur la jambe - sp\u00e9cialement adapt\u00e9e pour les spatules. Poches arri\u00e8re avec soufflet. Poches pour genouill\u00e8res. Les poches \u00e0 clous peuvent \u00eatre ins\u00e9r\u00e9es dans les poches avant \u00e0 soufflet. Poches avant avec soufflet. INSTRUCTIONS DE LAVAGE : Nettoyage \u00e0 sec - normal P. RENFORCEMENT : Genoux, poches arri\u00e8re et poche \u00e0 spatule renforc\u00e9s en CORDURA\u00ae. CERTIFICATION : EN 14404:2004+A1:2010 avec genouill\u00e8res 4027, 4057, 4058 et 4032.<\/p>\n<p>100% Coton, serg\u00e9, 320 g\/m<\/p>","protected":false},"excerpt":{"rendered":"<p>Malerhose mit durchdachten Funktionen und Verst\u00e4rkungen f\u00fcr den t\u00e4glichen Einsatz. Der Baumwollstoff weist eine exzellente Saugf\u00e4higkeit auf, um ihre Haut vor der Farbe zu sch\u00fctzen. Verst\u00e4rkte Kniepolstertaschen, lose Werkzeugtaschen und Taschen f\u00fcr die Pinsel, aus robustem CORDURA\u00ae. DETAILS: Hammerschlaufe an der Seite. Metallkn\u00f6pfe. Innenbeinnaht mit 3-fach-Naht. Kunststoff-Reissverschluss im Schritt. Schlaufen, davon eine mit D-Ring. HAUPTEIGENSCHAFTEN: [&hellip;]<\/p>\n","protected":false},"featured_media":581353,"template":"","meta":[],"product_brand":[],"product_cat":[4185],"product_tag":[],"class_list":{"0":"post-581335","1":"product","2":"type-product","3":"status-publish","4":"has-post-thumbnail","6":"product_cat-hosen","7":"pa_brand-blaklaeder","8":"pa_brand-type-workwear","9":"pa_filter-color-grau","10":"pa_filter-color-weiss","12":"first","13":"instock","14":"sale","15":"taxable","16":"shipping-taxable","17":"purchasable","18":"product-type-variable","19":"add-to-wishlist-before_image"},"exclude_global_add_ons":[],"addons":[],"acf":[],"_links":{"self":[{"href":"https:\/\/shop.kustom.ch\/fr\/wp-json\/wp\/v2\/product\/581335"}],"collection":[{"href":"https:\/\/shop.kustom.ch\/fr\/wp-json\/wp\/v2\/product"}],"about":[{"href":"https:\/\/shop.kustom.ch\/fr\/wp-json\/wp\/v2\/types\/product"}],"wp:featuredmedia":[{"embeddable":true,"href":"https:\/\/shop.kustom.ch\/fr\/wp-json\/wp\/v2\/media\/581353"}],"wp:attachment":[{"href":"https:\/\/shop.kustom.ch\/fr\/wp-json\/wp\/v2\/media?parent=581335"}],"wp:term":[{"taxonomy":"product_brand","embeddable":true,"href":"https:\/\/shop.kustom.ch\/fr\/wp-json\/wp\/v2\/product_brand?post=581335"},{"taxonomy":"product_cat","embeddable":true,"href":"https:\/\/shop.kustom.ch\/fr\/wp-json\/wp\/v2\/product_cat?post=581335"},{"taxonomy":"product_tag","embeddable":true,"href":"https:\/\/shop.kustom.ch\/fr\/wp-json\/wp\/v2\/product_tag?post=581335"}],"curies":[{"name":"wp","href":"https:\/\/api.w.org\/{rel}","templated":true}]}}