{"id":581124,"date":"2025-03-04T09:21:42","date_gmt":"2025-03-04T08:21:42","guid":{"rendered":"https:\/\/shop.kustom.ch\/?post_type=product&#038;p=581124"},"modified":"2026-03-31T08:29:47","modified_gmt":"2026-03-31T07:29:47","slug":"arbeitshose-multifunktion-2","status":"publish","type":"product","link":"https:\/\/shop.kustom.ch\/fr\/produit\/arbeitshose-multifunktion-2\/","title":{"rendered":"Pantalon de travail multifonction"},"content":{"rendered":"<p>Notre pantalon de travail classique, con\u00e7u pour faciliter votre travail. Nous avons maintenant \u00e9quip\u00e9 ce classique d'un nouveau mat\u00e9riau fantastique. CORDURA\u00ae NYCO - la combinaison parfaite de confort et de durabilit\u00e9. Ce mat\u00e9riau est \"solide comme l'acier\" et presque indestructible. Le secret r\u00e9side dans le m\u00e9lange de fibres de 75 % de coton et de 25 % de CORDURA\u00ae, qui rend le pantalon extr\u00eamement r\u00e9sistant, tout en offrant un confort in\u00e9gal\u00e9. Si vous ne devez investir que dans une seule pi\u00e8ce, ce doit \u00eatre ce pantalon.<\/p>\n<p>D\u00c9TAILS : Poche pour carte d'identit\u00e9. Boucle marteau sur le c\u00f4t\u00e9. Boutons en m\u00e9tal. Couture int\u00e9rieure de la jambe avec triple couture. Fermeture \u00e0 glissi\u00e8re m\u00e9tallique \u00e0 l'entrejambe. Deux passants pour ceinture sur les c\u00f4t\u00e9s avec un bouton pour un passant pour marteau, un passant pour ceinture avec anneau en D \u00e0 l'avant. Large boucle de ceinture \u00e0 l'arri\u00e8re. CARACTERISTIQUES PRINCIPALES : Constructeur de b\u00e9ton. EN 14004. TISSU : homme. kaki. Poches pour genouill\u00e8res. Artisanat. POSITIONS : Poche sur la jambe avec soufflet, rabat et poche pour crayon, poche suppl\u00e9mentaire, poche pour t\u00e9l\u00e9phone portable et poche pour carte d'identit\u00e9. Poches arri\u00e8re \u00e0 soufflet. Poches pour genouill\u00e8res. Poches \u00e0 clous - avec compartiments pour tournevis et boucles pour outils, qui peuvent \u00eatre ins\u00e9r\u00e9es dans les poches avant \u00e0 soufflet. Poches avant \u00e0 soufflet. Poche pour m\u00e8tre pliant avec porte-couteau et poche pour stylo. INSTRUCTIONS DE LAVAGE : repassage - moyen. RENFORCEMENT : Genoux et poches arri\u00e8re renforc\u00e9s en CORDURA\u00ae. CERTIFICATION : EN 14404:2004+A1:2010 avec genouill\u00e8res 4027, 4057, 4058 et 4032.<\/p>\n<p>100% Coton, toile, 270 g\/m<\/p>","protected":false},"excerpt":{"rendered":"<p>Unsere klassische Handwerker-Arbeitshose, die so konstruiert wurde dass Sie Ihre Arbeit einfacher verrichten k\u00f6nnen. Diesen Klassiker haben wir jetzt mit einem neuen fantastischem Material ausgestattet. CORDURA\u00ae NYCO &#8211; die perfekte Kombination von Komfort und Haltbarkeit. Das Material ist &#8217;stark wie Stahl&#8216; und beinahe unverw\u00fcstlich. Das Geheimnis liegt in der Fasermischung von 75 % Baumwolle und [&hellip;]<\/p>\n","protected":false},"featured_media":581170,"template":"","meta":[],"product_brand":[],"product_cat":[4185],"product_tag":[],"class_list":{"0":"post-581124","1":"product","2":"type-product","3":"status-publish","4":"has-post-thumbnail","6":"product_cat-hosen","7":"pa_brand-blaklaeder","8":"pa_brand-type-workwear","9":"pa_filter-color-beige","10":"pa_filter-color-blau","11":"pa_filter-color-rot","12":"pa_filter-color-schwarz","14":"first","15":"instock","16":"sale","17":"taxable","18":"shipping-taxable","19":"purchasable","20":"product-type-variable","21":"add-to-wishlist-before_image"},"exclude_global_add_ons":[],"addons":[],"acf":[],"_links":{"self":[{"href":"https:\/\/shop.kustom.ch\/fr\/wp-json\/wp\/v2\/product\/581124"}],"collection":[{"href":"https:\/\/shop.kustom.ch\/fr\/wp-json\/wp\/v2\/product"}],"about":[{"href":"https:\/\/shop.kustom.ch\/fr\/wp-json\/wp\/v2\/types\/product"}],"wp:featuredmedia":[{"embeddable":true,"href":"https:\/\/shop.kustom.ch\/fr\/wp-json\/wp\/v2\/media\/581170"}],"wp:attachment":[{"href":"https:\/\/shop.kustom.ch\/fr\/wp-json\/wp\/v2\/media?parent=581124"}],"wp:term":[{"taxonomy":"product_brand","embeddable":true,"href":"https:\/\/shop.kustom.ch\/fr\/wp-json\/wp\/v2\/product_brand?post=581124"},{"taxonomy":"product_cat","embeddable":true,"href":"https:\/\/shop.kustom.ch\/fr\/wp-json\/wp\/v2\/product_cat?post=581124"},{"taxonomy":"product_tag","embeddable":true,"href":"https:\/\/shop.kustom.ch\/fr\/wp-json\/wp\/v2\/product_tag?post=581124"}],"curies":[{"name":"wp","href":"https:\/\/api.w.org\/{rel}","templated":true}]}}