{"id":580975,"date":"2025-03-04T09:19:58","date_gmt":"2025-03-04T08:19:58","guid":{"rendered":"https:\/\/shop.kustom.ch\/?post_type=product&#038;p=580975"},"modified":"2026-03-31T08:29:37","modified_gmt":"2026-03-31T07:29:37","slug":"high-vis-arbeitshose","status":"publish","type":"product","link":"https:\/\/shop.kustom.ch\/fr\/produit\/high-vis-arbeitshose\/","title":{"rendered":"Pantalon de travail haute visibilit\u00e9"},"content":{"rendered":"<p>Pantalon haute visibilit\u00e9 avec renforts Cordura\u00ae aux genoux pour une meilleure r\u00e9sistance \u00e0 la d\u00e9chirure. Ce pantalon offre une protection ad\u00e9quate et une fonctionnalit\u00e9 int\u00e9gr\u00e9e. Il poss\u00e8de une poche m\u00e8tre avec une poche suppl\u00e9mentaire. Certifi\u00e9 selon la norme EN ISO 20471 classe 1, v\u00eatement de protection \u00e0 haute visibilit\u00e9.<\/p>\n<p>D\u00c9TAILS : Poche pour carte d'identit\u00e9. Boucle pour marteau sur le c\u00f4t\u00e9. Passants, dont un avec anneau en D. CARACT\u00c9RISTIQUES PRINCIPALES : Artisan. EN 14004. R\u00c9FLEXE : bandes r\u00e9fl\u00e9chissantes de 70 mm de large. TISSU : Hommes. Bleu. Poches pour genouill\u00e8res. Protection haute visibilit\u00e9. POCHES : Poche sur la jambe avec poche crayon, poche suppl\u00e9mentaire et poche pour t\u00e9l\u00e9phone portable. Poches arri\u00e8re avec soufflet. Poches pour genouill\u00e8res. Poches \u00e0 clous - avec compartiments pour tournevis et boucles pour outils qui peuvent \u00eatre ins\u00e9r\u00e9es dans les poches avant \u00e0 soufflet. Poches avant \u00e0 soufflet. Poche pour m\u00e8tre pliant avec porte-couteau et poche pour stylo. INSTRUCTIONS DE LAVAGE : Nombre de lavages : 50. Ne pas blanchir. RENFORCEMENT : Renforc\u00e9 en CORDURA\u00ae aux endroits fortement sollicit\u00e9s. CERTIFICATION : EN 14404:2004+A1:2010 avec genouill\u00e8res 4027, 4057, 4058 et 4032. EN ISO 20471, classe 1.<\/p>\n<p>100% Coton, serg\u00e9, 370 g\/m<\/p>","protected":false},"excerpt":{"rendered":"<p>High-Vis Hose mit Cordura\u00ae- Verst\u00e4rkungen an den Knien f\u00fcr noch bessere Reissfestigkeit. Diese Hose bietet den richtigen Schutz und eingearbeitete Funktionalit\u00e4t. Sie hat eine Zollstocktasche mit Extratasche. Zertifiziert nach EN ISO 20471 Klasse 1, Schutzkleidung mit hoher Sichtbarkeit. DETAILS: Ausweistasche. Hammerschlaufe an der Seite. Schlaufen, davon eine mit D-Ring. HAUPTEIGENSCHAFTEN: Handwerker. EN 14004. REFLEX: 70 [&hellip;]<\/p>\n","protected":false},"featured_media":581014,"template":"","meta":[],"product_brand":[],"product_cat":[4185],"product_tag":[],"class_list":{"0":"post-580975","1":"product","2":"type-product","3":"status-publish","4":"has-post-thumbnail","6":"product_cat-hosen","7":"pa_brand-blaklaeder","8":"pa_brand-type-workwear","9":"pa_filter-color-blau","10":"pa_filter-color-gelb","11":"pa_filter-color-orange","12":"pa_filter-color-schwarz","14":"first","15":"instock","16":"sale","17":"taxable","18":"shipping-taxable","19":"purchasable","20":"product-type-variable","21":"add-to-wishlist-before_image"},"exclude_global_add_ons":[],"addons":[],"acf":[],"_links":{"self":[{"href":"https:\/\/shop.kustom.ch\/fr\/wp-json\/wp\/v2\/product\/580975"}],"collection":[{"href":"https:\/\/shop.kustom.ch\/fr\/wp-json\/wp\/v2\/product"}],"about":[{"href":"https:\/\/shop.kustom.ch\/fr\/wp-json\/wp\/v2\/types\/product"}],"wp:featuredmedia":[{"embeddable":true,"href":"https:\/\/shop.kustom.ch\/fr\/wp-json\/wp\/v2\/media\/581014"}],"wp:attachment":[{"href":"https:\/\/shop.kustom.ch\/fr\/wp-json\/wp\/v2\/media?parent=580975"}],"wp:term":[{"taxonomy":"product_brand","embeddable":true,"href":"https:\/\/shop.kustom.ch\/fr\/wp-json\/wp\/v2\/product_brand?post=580975"},{"taxonomy":"product_cat","embeddable":true,"href":"https:\/\/shop.kustom.ch\/fr\/wp-json\/wp\/v2\/product_cat?post=580975"},{"taxonomy":"product_tag","embeddable":true,"href":"https:\/\/shop.kustom.ch\/fr\/wp-json\/wp\/v2\/product_tag?post=580975"}],"curies":[{"name":"wp","href":"https:\/\/api.w.org\/{rel}","templated":true}]}}