{"id":580954,"date":"2025-03-04T09:19:52","date_gmt":"2025-03-04T08:19:52","guid":{"rendered":"https:\/\/shop.kustom.ch\/?post_type=product&#038;p=580954"},"modified":"2026-03-31T08:29:31","modified_gmt":"2026-03-31T07:29:31","slug":"handwerker-shorts-lightweight","status":"publish","type":"product","link":"https:\/\/shop.kustom.ch\/fr\/produit\/handwerker-shorts-lightweight\/","title":{"rendered":"Short pour artisans Lightweight"},"content":{"rendered":"<p>Short d'artisan avec un mat\u00e9riau plus l\u00e9ger pour travailler dans un environnement chaud et un meilleur confort. Parfait \u00e0 porter \u00e0 l'ext\u00e9rieur en \u00e9t\u00e9. Le short dispose de diff\u00e9rentes solutions de poches et de fonctionnalit\u00e9s. Les poches \u00e0 clous, les poches arri\u00e8re et la poche m\u00e8tre sont renforc\u00e9es en CORDURA\u00ae et la couture de la jambe int\u00e9rieure est triple pour une meilleure durabilit\u00e9.<\/p>\n<p>D\u00c9TAILS : Poche pour carte d'identit\u00e9. Boutons en m\u00e9tal. Couture int\u00e9rieure de la jambe avec triple couture. Fermeture \u00e0 glissi\u00e8re m\u00e9tallique \u00e0 l'entrejambe. Deux passants de ceinture sur les c\u00f4t\u00e9s avec un bouton pour un passant pour marteau, un passant de ceinture avec anneau en D \u00e0 l'avant. Large boucle de ceinture \u00e0 l'arri\u00e8re. CARACTERISTIQUES PRINCIPALES : \u00c9lectricien. Homme. TISSU : Hommes. Gris. L\u00e9ger. Artisanat. POSSIBILIT\u00c9S : Poche sur la jambe avec soufflet, rabat et poche pour crayon, poche suppl\u00e9mentaire, poche pour t\u00e9l\u00e9phone portable et poche pour carte d'identit\u00e9. Poches arri\u00e8re \u00e0 soufflet. Poches \u00e0 clous - avec compartiments pour tournevis et boucles pour outils qui peuvent \u00eatre ins\u00e9r\u00e9es dans les poches avant \u00e0 soufflet. Poches avant avec soufflet. Poche pour m\u00e8tre pliant avec porte-couteau et poche pour stylo. INSTRUCTIONS DE LAVAGE : Ne pas blanchir. RENFORCEMENT : poches \u00e0 clous, poches arri\u00e8re et poche m\u00e8tre renforc\u00e9es en CORDURA\u00ae.<\/p>\n<p>65% polyester, 35% coton, tissage fin , 166g\/m<\/p>","protected":false},"excerpt":{"rendered":"<p>Handwerker Shorts mit einem leichteren Material f\u00fcr die Arbeit in warmer Umgebung und besserem Komfort. Perfekt im Sommer draussen zu tragen. Die Shorts hat verschiedene Taschenl\u00f6sungen und Funktionalit\u00e4ten. Die Nageltaschen, Ges\u00e4sstaschen und Zollstocktasche sind CORDURA\u00ae- verst\u00e4rkt und die Innenbeinnaht ist f\u00fcr h\u00f6here Haltbarkeit dreifach vern\u00e4ht. DETAILS: Ausweistasche. Metallkn\u00f6pfe. Innenbeinnaht mit 3-fach-Naht. Metall-Reissverschluss im Schritt. Zwei [&hellip;]<\/p>\n","protected":false},"featured_media":581013,"template":"","meta":[],"product_brand":[],"product_cat":[4198],"product_tag":[],"class_list":{"0":"post-580954","1":"product","2":"type-product","3":"status-publish","4":"has-post-thumbnail","6":"product_cat-shorts","7":"pa_brand-blaklaeder","8":"pa_brand-type-workwear","9":"pa_filter-color-grau","10":"pa_filter-color-schwarz","12":"first","13":"instock","14":"sale","15":"taxable","16":"shipping-taxable","17":"purchasable","18":"product-type-variable","19":"add-to-wishlist-before_image"},"exclude_global_add_ons":[],"addons":[],"acf":[],"_links":{"self":[{"href":"https:\/\/shop.kustom.ch\/fr\/wp-json\/wp\/v2\/product\/580954"}],"collection":[{"href":"https:\/\/shop.kustom.ch\/fr\/wp-json\/wp\/v2\/product"}],"about":[{"href":"https:\/\/shop.kustom.ch\/fr\/wp-json\/wp\/v2\/types\/product"}],"wp:featuredmedia":[{"embeddable":true,"href":"https:\/\/shop.kustom.ch\/fr\/wp-json\/wp\/v2\/media\/581013"}],"wp:attachment":[{"href":"https:\/\/shop.kustom.ch\/fr\/wp-json\/wp\/v2\/media?parent=580954"}],"wp:term":[{"taxonomy":"product_brand","embeddable":true,"href":"https:\/\/shop.kustom.ch\/fr\/wp-json\/wp\/v2\/product_brand?post=580954"},{"taxonomy":"product_cat","embeddable":true,"href":"https:\/\/shop.kustom.ch\/fr\/wp-json\/wp\/v2\/product_cat?post=580954"},{"taxonomy":"product_tag","embeddable":true,"href":"https:\/\/shop.kustom.ch\/fr\/wp-json\/wp\/v2\/product_tag?post=580954"}],"curies":[{"name":"wp","href":"https:\/\/api.w.org\/{rel}","templated":true}]}}