{"id":580886,"date":"2025-03-04T09:18:46","date_gmt":"2025-03-04T08:18:46","guid":{"rendered":"https:\/\/shop.kustom.ch\/?post_type=product&#038;p=580886"},"modified":"2026-03-31T08:29:30","modified_gmt":"2026-03-31T07:29:30","slug":"handwerker-arbeitshose-lightweight","status":"publish","type":"product","link":"https:\/\/shop.kustom.ch\/fr\/produit\/handwerker-arbeitshose-lightweight\/","title":{"rendered":"Pantalon de travail artisanal Lightweight"},"content":{"rendered":"<p>En mat\u00e9riau tr\u00e8s l\u00e9ger, mais n\u00e9anmoins tr\u00e8s r\u00e9sistant \u00e0 l'abrasion. Parfait pour la saison chaude ! Bonne r\u00e9sistance \u00e0 la d\u00e9chirure et s\u00e9chage rapide. Le pantalon d'artisan 1525 offre une grande fonctionnalit\u00e9 avec diff\u00e9rentes solutions de poches et un mat\u00e9riau robuste, une bonne coupe et un excellent confort.<\/p>\n<p>D\u00c9TAILS : Poche pour carte d'identit\u00e9. Boutons en m\u00e9tal. Couture int\u00e9rieure de la jambe avec triple couture. Fermeture \u00e0 glissi\u00e8re m\u00e9tallique \u00e0 l'entrejambe. Deux passants pour ceinture sur les c\u00f4t\u00e9s avec un bouton pour un passant pour marteau, un passant pour ceinture avec anneau en D \u00e0 l'avant. Large boucle de ceinture \u00e0 l'arri\u00e8re. CARACTERISTIQUES PRINCIPALES : Constructeur de b\u00e9ton. EN 14004. TISSU : Hommes. Gris. Poches pour genouill\u00e8res. Artisanat. POSITIONS : Poche sur la jambe avec soufflet, rabat et poche pour crayon, poche suppl\u00e9mentaire, poche pour t\u00e9l\u00e9phone portable et poche pour carte d'identit\u00e9. Poches arri\u00e8re \u00e0 soufflet. Poches pour genouill\u00e8res. Poches \u00e0 clous - avec compartiments pour tournevis et boucles pour outils, qui peuvent \u00eatre ins\u00e9r\u00e9es dans les poches avant \u00e0 soufflet. Poches avant avec soufflet. Poche pour m\u00e8tre pliant avec porte-couteau et poche pour stylo. INSTRUCTIONS DE LAVAGE : Ne pas nettoyer \u00e0 sec. RENFORCEMENT : Poches \u00e0 clous renforc\u00e9es en CORDURA\u00ae, poche m\u00e8tre, genoux et poches arri\u00e8re. CERTIFICATION : EN 14404:2004+A1:2010 avec genouill\u00e8res 4027, 4057, 4058 et 4032.<\/p>\n<p>65% polyester, 35% coton, tissage fin , 166g\/m<\/p>","protected":false},"excerpt":{"rendered":"<p>Aus sehr leichtem, aber trotzdem sehr abriebfesten Material. Perfekt f\u00fcr die warme Jahreszeit! Gute Reissfestigkeit und schnell trocknend. Die 1525 Handwerker Bundhose bietet hohe Funktionalit\u00e4t mit verschiedenen Taschenl\u00f6sungen und robustem Material, guter Passform und hervorragendem Komfort. DETAILS: Ausweistasche. Metallkn\u00f6pfe. Innenbeinnaht mit 3-fach-Naht. Metall-Reissverschluss im Schritt. Zwei G\u00fcrtelschlaufen an den Seiten mit einem Knopf f\u00fcr eine [&hellip;]<\/p>\n","protected":false},"featured_media":580899,"template":"","meta":[],"product_brand":[],"product_cat":[4185],"product_tag":[],"class_list":{"0":"post-580886","1":"product","2":"type-product","3":"status-publish","4":"has-post-thumbnail","6":"product_cat-hosen","7":"pa_brand-blaklaeder","8":"pa_brand-type-workwear","9":"pa_filter-color-grau","10":"pa_filter-color-schwarz","12":"first","13":"instock","14":"sale","15":"taxable","16":"shipping-taxable","17":"purchasable","18":"product-type-variable","19":"add-to-wishlist-before_image"},"exclude_global_add_ons":[],"addons":[],"acf":[],"_links":{"self":[{"href":"https:\/\/shop.kustom.ch\/fr\/wp-json\/wp\/v2\/product\/580886"}],"collection":[{"href":"https:\/\/shop.kustom.ch\/fr\/wp-json\/wp\/v2\/product"}],"about":[{"href":"https:\/\/shop.kustom.ch\/fr\/wp-json\/wp\/v2\/types\/product"}],"wp:featuredmedia":[{"embeddable":true,"href":"https:\/\/shop.kustom.ch\/fr\/wp-json\/wp\/v2\/media\/580899"}],"wp:attachment":[{"href":"https:\/\/shop.kustom.ch\/fr\/wp-json\/wp\/v2\/media?parent=580886"}],"wp:term":[{"taxonomy":"product_brand","embeddable":true,"href":"https:\/\/shop.kustom.ch\/fr\/wp-json\/wp\/v2\/product_brand?post=580886"},{"taxonomy":"product_cat","embeddable":true,"href":"https:\/\/shop.kustom.ch\/fr\/wp-json\/wp\/v2\/product_cat?post=580886"},{"taxonomy":"product_tag","embeddable":true,"href":"https:\/\/shop.kustom.ch\/fr\/wp-json\/wp\/v2\/product_tag?post=580886"}],"curies":[{"name":"wp","href":"https:\/\/api.w.org\/{rel}","templated":true}]}}