{"id":580666,"date":"2025-03-04T09:16:12","date_gmt":"2025-03-04T08:16:12","guid":{"rendered":"https:\/\/shop.kustom.ch\/?post_type=product&#038;p=580666"},"modified":"2026-03-31T08:29:25","modified_gmt":"2026-03-31T07:29:25","slug":"handwerker-arbeitshose-4-wege-stretch","status":"publish","type":"product","link":"https:\/\/shop.kustom.ch\/fr\/produit\/handwerker-arbeitshose-4-wege-stretch\/","title":{"rendered":"Pantalon de travail artisanal 4-way stretch"},"content":{"rendered":"<p>Le pantalon d'artisan est fabriqu\u00e9 dans un tissu l\u00e9ger et extensible dans les 4 sens, qui offre un confort ultime. Le pantalon a une coupe plus \u00e9troite et semble plus serr\u00e9. Le pantalon poss\u00e8de des poches genouill\u00e8res en CORDURA\u00ae-Stretch avec ouverture sur le bas, des poches holster, dont une avec fermeture \u00e0 glissi\u00e8re, des poches arri\u00e8re \u00e0 soufflet, dont une avec fermeture \u00e0 glissi\u00e8re, une poche m\u00e8tre et une boucle pour porte marteau des deux c\u00f4t\u00e9s. L'empi\u00e8cement en mesh au niveau du creux des genoux offre une meilleure a\u00e9ration, tr\u00e8s appr\u00e9ci\u00e9e lors des journ\u00e9es longues et fatigantes.<\/p>\n<p>FERMETURE : Cordon de serrage au bas des jambes avec bouton-pression. D\u00c9TAILS : Poche amovible pour carte d'identit\u00e9. Boutons en m\u00e9tal. Porte-couteau avec bouton. Couture \u00e0 l'entrejambe comme double couture. Fermeture \u00e0 glissi\u00e8re en plastique \u00e0 l'entrejambe. Deux passants sur les c\u00f4t\u00e9s avec un bouton pour le porte-marteau. Anneau en D \u00e0 la taille. FONCTIONNALIT\u00c9 : stretch 4 directions. CARACT\u00c9RISTIQUES PRINCIPALES : Jardinier. EN 14004. REFLEX : D\u00e9tails r\u00e9fl\u00e9chissants sur la jambe. TISSU : Disponible pour hommes et femmes. vert. Poches pour genouill\u00e8res. Artisanat. POCHES : Poche sur la jambe avec soufflet, rabat et poche pour stylo, poche suppl\u00e9mentaire, poche pour t\u00e9l\u00e9phone portable et poche pour carte d'identit\u00e9. Poches arri\u00e8re renforc\u00e9es par un soufflet. Poches ext\u00e9rieures pour genouill\u00e8res. Poches \u00e0 clous - avec porte-outils et poche suppl\u00e9mentaire avec fermeture \u00e9clair. Poches avec soufflet, poche pour stylo et couteau. Rabat avec bouton magn\u00e9tique cach\u00e9. Poches lat\u00e9rales. Poche m\u00e8tre renforc\u00e9e avec porte-couteau et poche stylo. INSTRUCTIONS DE LAVAGE : Ne pas essorer. RENFORCEMENT : Renforts en CORDURA\u00ae sur les poches suspendues, les poches arri\u00e8re, la poche m\u00e8tre, les poches sur les jambes, les genoux et le bord inf\u00e9rieur. CERTIFICATION : EN 14404:2004+A1:2010 avec genouill\u00e8res 4027, 4057, 4058 et 4032.<\/p>\n<p>92% polyamide, 8% \u00e9lasthanne, double tissage, stretch quadri-directionnel, 230 g\/m<\/p>","protected":false},"excerpt":{"rendered":"<p>Die Handwerkerhose besteht aus einem leichten 4-Wege-Stretch Stoff, der den ultimativen Komfort liefert. Die Hose ist schmaler geschnitten und sieht enger aus. Die Hose besitzt CORDURA\u00ae-Stretch Kniepolstertaschen mit \u00d6ffnung an der Unterseite, Holstertaschen, eine davon mit Reissverschluss, Ges\u00e4sstaschen mit Balg, eine davon mit Reissverschluss, eine Zollstocktasche und eine Schlaufe f\u00fcr Hammerhalter an beiden Seiten. Der [&hellip;]<\/p>\n","protected":false},"featured_media":580712,"template":"","meta":[],"product_brand":[],"product_cat":[4185],"product_tag":[],"class_list":{"0":"post-580666","1":"product","2":"type-product","3":"status-publish","4":"has-post-thumbnail","6":"product_cat-hosen","7":"pa_brand-blaklaeder","8":"pa_brand-type-workwear","9":"pa_filter-color-blau","10":"pa_filter-color-gelb","11":"pa_filter-color-grau","12":"pa_filter-color-gruen","13":"pa_filter-color-rot","14":"pa_filter-color-schwarz","16":"first","17":"instock","18":"sale","19":"taxable","20":"shipping-taxable","21":"purchasable","22":"product-type-variable","23":"add-to-wishlist-before_image"},"exclude_global_add_ons":[],"addons":[],"acf":[],"_links":{"self":[{"href":"https:\/\/shop.kustom.ch\/fr\/wp-json\/wp\/v2\/product\/580666"}],"collection":[{"href":"https:\/\/shop.kustom.ch\/fr\/wp-json\/wp\/v2\/product"}],"about":[{"href":"https:\/\/shop.kustom.ch\/fr\/wp-json\/wp\/v2\/types\/product"}],"wp:featuredmedia":[{"embeddable":true,"href":"https:\/\/shop.kustom.ch\/fr\/wp-json\/wp\/v2\/media\/580712"}],"wp:attachment":[{"href":"https:\/\/shop.kustom.ch\/fr\/wp-json\/wp\/v2\/media?parent=580666"}],"wp:term":[{"taxonomy":"product_brand","embeddable":true,"href":"https:\/\/shop.kustom.ch\/fr\/wp-json\/wp\/v2\/product_brand?post=580666"},{"taxonomy":"product_cat","embeddable":true,"href":"https:\/\/shop.kustom.ch\/fr\/wp-json\/wp\/v2\/product_cat?post=580666"},{"taxonomy":"product_tag","embeddable":true,"href":"https:\/\/shop.kustom.ch\/fr\/wp-json\/wp\/v2\/product_tag?post=580666"}],"curies":[{"name":"wp","href":"https:\/\/api.w.org\/{rel}","templated":true}]}}