{"id":580640,"date":"2025-03-04T09:15:35","date_gmt":"2025-03-04T08:15:35","guid":{"rendered":"https:\/\/shop.kustom.ch\/?post_type=product&#038;p=580640"},"modified":"2026-03-31T08:29:18","modified_gmt":"2026-03-31T07:29:18","slug":"handwerker-piratenhose-4-wege-stretch","status":"publish","type":"product","link":"https:\/\/shop.kustom.ch\/fr\/produit\/handwerker-piratenhose-4-wege-stretch\/","title":{"rendered":"Pantalon pirate artisanal 4-way stretch"},"content":{"rendered":"<p>Un pantalon de pirate fabriqu\u00e9 dans un mat\u00e9riau stretch 4 directions l\u00e9g\u00e8rement plus fin, qui offre un confort ultime. Le pantalon de pirate dispose de poches genouill\u00e8res en CORDURA\u00ae stretch avec ouverture sur le bas, de poches \u00e0 clous dont une zipp\u00e9e, de poches arri\u00e8re \u00e0 soufflet, d'une poche m\u00e8tre et d'une boucle pour porte marteau sur les c\u00f4t\u00e9s gauche et droit.<\/p>\n<p>D\u00c9TAILS : Poche amovible pour carte d'identit\u00e9. Boutons en m\u00e9tal. Porte-couteau avec bouton. Couture \u00e0 l'entrejambe comme double couture. Fermeture \u00e0 glissi\u00e8re en plastique \u00e0 l'entrejambe. Large passant \u00e0 l'arri\u00e8re. Anneau en D \u00e0 la taille. FONCTIONNALIT\u00c9 : Stretch 4 directions. CARACTERISTIQUES PRINCIPALES : manutentionnaire. Messieurs. EN 14004. REFLEX : D\u00e9tails r\u00e9fl\u00e9chissants sur la jambe. TISSU : bleu. Poches pour genouill\u00e8res. Artisanat. POCHES : Poche sur la jambe avec soufflet, rabat et poche \u00e0 crayons, poche suppl\u00e9mentaire, poche pour t\u00e9l\u00e9phone portable et poche pour carte d'identit\u00e9. Poches arri\u00e8re renforc\u00e9es par un soufflet. Poches ext\u00e9rieures pour genouill\u00e8res. Poches \u00e0 clous - avec porte-outils et poche suppl\u00e9mentaire avec fermeture \u00e9clair. Poches avec soufflet, poche pour stylo et couteau. Rabat avec bouton magn\u00e9tique cach\u00e9. Poches lat\u00e9rales. Poche m\u00e8tre renforc\u00e9e avec porte couteau et poche stylo. INSTRUCTIONS DE LAVAGE : Ne pas repasser. RENFORCEMENT : Poches genouill\u00e8res renforc\u00e9es en Cordura\u00ae Stretch. CERTIFICATION : EN 14404:2004+A1:2010 avec genouill\u00e8res 4027, 4057, 4058 et 4032.<\/p>\n<p>92% polyamide, 8% \u00e9lasthanne, double tissage, stretch quadri-directionnel, 230 g\/m<\/p>","protected":false},"excerpt":{"rendered":"<p>Eine Piratenhose aus einem etwas d\u00fcnneren 4-Wege-Stretch-Material, das ultimativen Komfort bietet. Die Piratenhose verf\u00fcgt \u00fcber Kniepolstertaschen aus CORDURA\u00ae-Stretch mit \u00d6ffnung an der Unterseite, Nageltaschen, eine davon mit Reissverschluss, Ges\u00e4sstaschen mit Balg, eine Zollstocktasche und eine Schlaufe f\u00fcr Hammerhalter auf der linken und rechten Seite. DETAILS: Abnehmbare Ausweistasche. Metallkn\u00f6pfe. Messerhalter mit Knopf. Schrittnaht als Zweifachnaht. Kunststoff-Reissverschluss [&hellip;]<\/p>\n","protected":false},"featured_media":580687,"template":"","meta":[],"product_brand":[],"product_cat":[4198],"product_tag":[],"class_list":{"0":"post-580640","1":"product","2":"type-product","3":"status-publish","4":"has-post-thumbnail","6":"product_cat-shorts","7":"pa_brand-blaklaeder","8":"pa_brand-type-workwear","9":"pa_filter-color-blau","10":"pa_filter-color-grau","11":"pa_filter-color-schwarz","13":"first","14":"instock","15":"sale","16":"taxable","17":"shipping-taxable","18":"purchasable","19":"product-type-variable","20":"add-to-wishlist-before_image"},"exclude_global_add_ons":[],"addons":[],"acf":[],"_links":{"self":[{"href":"https:\/\/shop.kustom.ch\/fr\/wp-json\/wp\/v2\/product\/580640"}],"collection":[{"href":"https:\/\/shop.kustom.ch\/fr\/wp-json\/wp\/v2\/product"}],"about":[{"href":"https:\/\/shop.kustom.ch\/fr\/wp-json\/wp\/v2\/types\/product"}],"wp:featuredmedia":[{"embeddable":true,"href":"https:\/\/shop.kustom.ch\/fr\/wp-json\/wp\/v2\/media\/580687"}],"wp:attachment":[{"href":"https:\/\/shop.kustom.ch\/fr\/wp-json\/wp\/v2\/media?parent=580640"}],"wp:term":[{"taxonomy":"product_brand","embeddable":true,"href":"https:\/\/shop.kustom.ch\/fr\/wp-json\/wp\/v2\/product_brand?post=580640"},{"taxonomy":"product_cat","embeddable":true,"href":"https:\/\/shop.kustom.ch\/fr\/wp-json\/wp\/v2\/product_cat?post=580640"},{"taxonomy":"product_tag","embeddable":true,"href":"https:\/\/shop.kustom.ch\/fr\/wp-json\/wp\/v2\/product_tag?post=580640"}],"curies":[{"name":"wp","href":"https:\/\/api.w.org\/{rel}","templated":true}]}}