{"id":580619,"date":"2025-03-04T09:15:31","date_gmt":"2025-03-04T08:15:31","guid":{"rendered":"https:\/\/shop.kustom.ch\/?post_type=product&#038;p=580619"},"modified":"2026-03-31T08:29:13","modified_gmt":"2026-03-31T07:29:13","slug":"handwerker-shorts-4-wege-stretch","status":"publish","type":"product","link":"https:\/\/shop.kustom.ch\/fr\/produit\/handwerker-shorts-4-wege-stretch\/","title":{"rendered":"Short d'artisanat 4-way stretch"},"content":{"rendered":"<p>La version short du pantalon d'artisan 1522. Il a un tissu l\u00e9g\u00e8rement plus l\u00e9ger en stretch 4 directions, qui offre vraiment le confort ultime. Le short a une coupe plus \u00e9troite et un look plus serr\u00e9. Il a des poches suspendues, dont une avec fermeture \u00e0 glissi\u00e8re, des poches arri\u00e8re \u00e0 soufflet, dont une avec fermeture \u00e0 glissi\u00e8re, une poche m\u00e8tre et une boucle pour porte-marteau sur les c\u00f4t\u00e9s gauche et droit. C'est le v\u00eatement d'artisan parfait pour les jours chauds. <\/p>\n<p>D\u00c9TAILS : Poche amovible pour carte d'identit\u00e9. Boutons en m\u00e9tal. Porte-couteau avec bouton. Couture \u00e0 l'entrejambe comme double couture. Fermeture \u00e0 glissi\u00e8re en plastique \u00e0 l'entrejambe. Large passant \u00e0 l'arri\u00e8re. Anneau en D \u00e0 la taille. FONCTIONNALIT\u00c9 : Stretch 4 directions. CARACT\u00c9RISTIQUES PRINCIPALES : \u00c9lectricien. Homme. TISSU : Hommes. Bleu. Empi\u00e8cement en stretch. Artisanat. POCHES : Poche sur la jambe avec soufflet, rabat et poche pour crayon, poche suppl\u00e9mentaire, poche pour t\u00e9l\u00e9phone portable et poche pour carte d'identit\u00e9. Poches arri\u00e8re renforc\u00e9es par un soufflet. Poches \u00e0 clous - avec porte-outils et poche suppl\u00e9mentaire avec fermeture \u00e9clair. Poches avec soufflet, poche pour stylo et couteau. Rabat avec bouton magn\u00e9tique cach\u00e9. Poches lat\u00e9rales. Poche m\u00e8tre renforc\u00e9e avec porte-couteau et poche stylo. INSTRUCTIONS DE LAVAGE : Ne pas essorer. RENFORCEMENT : poches pendantes renforc\u00e9es en CORDURA\u00ae, poches arri\u00e8res, poche m\u00e8tre, poches sur les jambes<\/p>\n<p>92% polyamide, 8% \u00e9lasthanne, double tissage, stretch quadri-directionnel, 230 g\/m<\/p>","protected":false},"excerpt":{"rendered":"<p>Die Shorts-Version der Handwerkerhose 1522. Sie hat ein etwas leichteres Material aus 4-Wege-Stretch, das wirklich den ultimativen Komfort bietet. Die Shorts hat eine schmalere Passform und einen engeren Look. Sie hat H\u00e4ngetaschen, davon eine mit Reissverschluss, Ges\u00e4sstaschen mit Balg, davon eine mit Reissverschluss, eine Zollstocktasche und eine Schlaufe f\u00fcr Hammerhalter auf der linken und rechten [&hellip;]<\/p>\n","protected":false},"featured_media":580660,"template":"","meta":[],"product_brand":[],"product_cat":[4198],"product_tag":[],"class_list":{"0":"post-580619","1":"product","2":"type-product","3":"status-publish","4":"has-post-thumbnail","6":"product_cat-shorts","7":"pa_brand-blaklaeder","8":"pa_brand-type-workwear","9":"pa_filter-color-blau","10":"pa_filter-color-grau","11":"pa_filter-color-schwarz","13":"first","14":"instock","15":"sale","16":"taxable","17":"shipping-taxable","18":"purchasable","19":"product-type-variable","20":"add-to-wishlist-before_image"},"exclude_global_add_ons":[],"addons":[],"acf":[],"_links":{"self":[{"href":"https:\/\/shop.kustom.ch\/fr\/wp-json\/wp\/v2\/product\/580619"}],"collection":[{"href":"https:\/\/shop.kustom.ch\/fr\/wp-json\/wp\/v2\/product"}],"about":[{"href":"https:\/\/shop.kustom.ch\/fr\/wp-json\/wp\/v2\/types\/product"}],"wp:featuredmedia":[{"embeddable":true,"href":"https:\/\/shop.kustom.ch\/fr\/wp-json\/wp\/v2\/media\/580660"}],"wp:attachment":[{"href":"https:\/\/shop.kustom.ch\/fr\/wp-json\/wp\/v2\/media?parent=580619"}],"wp:term":[{"taxonomy":"product_brand","embeddable":true,"href":"https:\/\/shop.kustom.ch\/fr\/wp-json\/wp\/v2\/product_brand?post=580619"},{"taxonomy":"product_cat","embeddable":true,"href":"https:\/\/shop.kustom.ch\/fr\/wp-json\/wp\/v2\/product_cat?post=580619"},{"taxonomy":"product_tag","embeddable":true,"href":"https:\/\/shop.kustom.ch\/fr\/wp-json\/wp\/v2\/product_tag?post=580619"}],"curies":[{"name":"wp","href":"https:\/\/api.w.org\/{rel}","templated":true}]}}