{"id":580594,"date":"2025-03-04T09:14:54","date_gmt":"2025-03-04T08:14:54","guid":{"rendered":"https:\/\/shop.kustom.ch\/?post_type=product&#038;p=580594"},"modified":"2026-03-31T08:29:11","modified_gmt":"2026-03-31T07:29:11","slug":"winterhose","status":"publish","type":"product","link":"https:\/\/shop.kustom.ch\/fr\/produit\/winterhose\/","title":{"rendered":"Pantalon d'hiver"},"content":{"rendered":"<p>Garde la chaleur et le style en hiver avec un look d'artisan classique. Notre pantalon d'artisan chaudement doubl\u00e9 pr\u00e9sente des d\u00e9tails astucieux, comme des passants extra larges et une taille allong\u00e9e dans le dos. Poche m\u00e8tre renforc\u00e9e avec poche stylo et porte-couteau. Le pantalon est \u00e9quip\u00e9 de poches rembourr\u00e9es aux genoux et d'une fermeture \u00e9clair en m\u00e9tal.<\/p>\n<p>D\u00c9TAILS : Poche pour carte d'identit\u00e9. Boucle marteau sur le c\u00f4t\u00e9. Boutons en m\u00e9tal. Couture int\u00e9rieure de la jambe avec triple couture. Fermeture \u00e9clair m\u00e9tallique \u00e0 l'entrejambe. Passants, dont un avec anneau en D. Taille haute \u00e0 l'arri\u00e8re. FONCTIONNALIT\u00c9 : Doublure chaude. CARACT\u00c9RISTIQUES PRINCIPALES : M\u00e9canique. EN 14004. TISSU : Hommes. bleu. Poches pour genouill\u00e8res. Artisanat. POCHES : Poche sur la jambe avec soufflet, rabat et poche \u00e0 crayons, poche suppl\u00e9mentaire, poche pour t\u00e9l\u00e9phone portable et poche pour carte d'identit\u00e9. Poches arri\u00e8re \u00e0 soufflet. Poches pour genouill\u00e8res. Poches \u00e0 clous - avec compartiments pour tournevis et boucles pour outils qui peuvent \u00eatre ins\u00e9r\u00e9es dans les poches avant \u00e0 soufflet. Poches avant \u00e0 soufflet. Poche pour m\u00e8tre pliant avec porte-couteau et poche pour stylo. INSTRUCTIONS DE LAVAGE : Nettoyage \u00e0 sec - normal P. RENFORCEMENT : Genoux et poches arri\u00e8re renforc\u00e9s en CORDURA\u00ae. CERTIFICATION : EN 14404:2004+A1:2010 avec genouill\u00e8res 4027, 4057, 4058 et 4032.<\/p>\n<p>100% Coton, serg\u00e9, 370 g\/m<\/p>","protected":false},"excerpt":{"rendered":"<p>Behalte W\u00e4rme und Style im Winter mit einem klassischen Handwerker-Look. Unsere warm gef\u00fctterte Handwerkerhose hat geschickte Details, wie extra breite Schlaufen und einen verl\u00e4ngerten Bund am R\u00fccken. Verst\u00e4rkte Zollstocktasche mit Stifttasche und Messerhalter. Die Hose ist mit Kniepolstertaschen und Metallreissverschluss ausgestattet. DETAILS: Ausweistasche. Hammerschlaufe an der Seite. Metallkn\u00f6pfe. Innenbeinnaht mit 3-fach-Naht. Metall-Reissverschluss im Schritt. Schlaufen, [&hellip;]<\/p>\n","protected":false},"featured_media":580657,"template":"","meta":[],"product_brand":[],"product_cat":[4185],"product_tag":[],"class_list":{"0":"post-580594","1":"product","2":"type-product","3":"status-publish","4":"has-post-thumbnail","6":"product_cat-hosen","7":"pa_brand-blaklaeder","8":"pa_brand-type-workwear","9":"pa_filter-color-blau","10":"pa_filter-color-schwarz","12":"first","13":"instock","14":"sale","15":"taxable","16":"shipping-taxable","17":"purchasable","18":"product-type-variable","19":"add-to-wishlist-before_image"},"exclude_global_add_ons":[],"addons":[],"acf":[],"_links":{"self":[{"href":"https:\/\/shop.kustom.ch\/fr\/wp-json\/wp\/v2\/product\/580594"}],"collection":[{"href":"https:\/\/shop.kustom.ch\/fr\/wp-json\/wp\/v2\/product"}],"about":[{"href":"https:\/\/shop.kustom.ch\/fr\/wp-json\/wp\/v2\/types\/product"}],"wp:featuredmedia":[{"embeddable":true,"href":"https:\/\/shop.kustom.ch\/fr\/wp-json\/wp\/v2\/media\/580657"}],"wp:attachment":[{"href":"https:\/\/shop.kustom.ch\/fr\/wp-json\/wp\/v2\/media?parent=580594"}],"wp:term":[{"taxonomy":"product_brand","embeddable":true,"href":"https:\/\/shop.kustom.ch\/fr\/wp-json\/wp\/v2\/product_brand?post=580594"},{"taxonomy":"product_cat","embeddable":true,"href":"https:\/\/shop.kustom.ch\/fr\/wp-json\/wp\/v2\/product_cat?post=580594"},{"taxonomy":"product_tag","embeddable":true,"href":"https:\/\/shop.kustom.ch\/fr\/wp-json\/wp\/v2\/product_tag?post=580594"}],"curies":[{"name":"wp","href":"https:\/\/api.w.org\/{rel}","templated":true}]}}